{"id":4047,"date":"2021-11-30T15:12:53","date_gmt":"2021-11-30T14:12:53","guid":{"rendered":"https:\/\/antcube.shop\/produkt\/enamel-mug\/"},"modified":"2024-12-12T12:25:27","modified_gmt":"2024-12-12T11:25:27","slug":"emalio-puodelis","status":"publish","type":"product","link":"https:\/\/antcube.shop\/lt\/produktas\/emalio-puodelis\/","title":{"rendered":"Emaliuotas puodelis"},"content":{"rendered":"<p>Kiekvienam laimingam stovyklautojui reikia unikalaus stovyklautojo puodelio. Jis lengvas, patvarus ir daugiafunkcinis. Naudokite j\u012f m\u0117gstamam g\u0117rimui ar kar\u0161tam maistui ir pritvirtinkite prie krep\u0161io, kad b\u016bt\u0173 lengva pasiekti \u017eygio metu.<\/p>\n<p>- Med\u017eiaga: emal\u0117<br \/>\n- Matmenys: auk\u0161tis 3,14\u2033 (8 cm), skersmuo 3,25\u2033 (8,25 cm)<br \/>\n- Balta danga su sidabriniu apvadu<br \/>\n- Skalbti tik rankomis<br \/>\n- Tu\u0161\u010diaviduris gaminys, kurio kilm\u0117s \u0161alis yra Kinija<\/p>\n<p><strong>D\u0117mesio! Nekaitinkite skys\u010di\u0173 ar maisto tiesiai puodelyje - tai gali pa\u017eeisti dang\u0105.<\/strong><\/p>","protected":false},"excerpt":{"rendered":"<p>Kiekvienam laimingam stovyklautojui reikia unikalaus stovyklautojo puodelio. Jis lengvas, patvarus ir daugiafunkcinis. Naudokite j\u012f m\u0117gstamam g\u0117rimui ar kar\u0161tam maistui ir pritvirtinkite prie krep\u0161io, kad b\u016bt\u0173 lengva pasiekti \u017eygio metu. - Med\u017eiaga: Emalis - Matmenys: auk\u0161tis 3,14\u2033 (8 cm), skersmuo 3,25\u2033 (8,25 cm) - Balta danga su sidabriniu apvadu - [...]","protected":false},"featured_media":4048,"comment_status":"open","ping_status":"closed","template":"","meta":{"_acf_changed":false,"content-type":"","_monsterinsights_skip_tracking":false,"_monsterinsights_sitenote_active":false,"_monsterinsights_sitenote_note":"","_monsterinsights_sitenote_category":0},"product_brand":[],"product_cat":[245],"product_tag":[],"class_list":{"0":"post-4047","1":"product","2":"type-product","3":"status-publish","4":"has-post-thumbnail","6":"product_cat-merchandise","8":"first","9":"instock","10":"taxable","11":"shipping-taxable","12":"purchasable","13":"product-type-simple"},"acf":[],"aioseo_notices":[],"jetpack_sharing_enabled":true,"_links":{"self":[{"href":"https:\/\/antcube.shop\/lt\/wp-json\/wp\/v2\/product\/4047","targetHints":{"allow":["GET"]}}],"collection":[{"href":"https:\/\/antcube.shop\/lt\/wp-json\/wp\/v2\/product"}],"about":[{"href":"https:\/\/antcube.shop\/lt\/wp-json\/wp\/v2\/types\/product"}],"replies":[{"embeddable":true,"href":"https:\/\/antcube.shop\/lt\/wp-json\/wp\/v2\/comments?post=4047"}],"wp:featuredmedia":[{"embeddable":true,"href":"https:\/\/antcube.shop\/lt\/wp-json\/wp\/v2\/media\/4048"}],"wp:attachment":[{"href":"https:\/\/antcube.shop\/lt\/wp-json\/wp\/v2\/media?parent=4047"}],"wp:term":[{"taxonomy":"product_brand","embeddable":true,"href":"https:\/\/antcube.shop\/lt\/wp-json\/wp\/v2\/product_brand?post=4047"},{"taxonomy":"product_cat","embeddable":true,"href":"https:\/\/antcube.shop\/lt\/wp-json\/wp\/v2\/product_cat?post=4047"},{"taxonomy":"product_tag","embeddable":true,"href":"https:\/\/antcube.shop\/lt\/wp-json\/wp\/v2\/product_tag?post=4047"}],"curies":[{"name":"wp","href":"https:\/\/api.w.org\/{rel}","templated":true}]}}