{"id":4002,"date":"2021-11-30T13:36:03","date_gmt":"2021-11-30T12:36:03","guid":{"rendered":"https:\/\/antcube.shop\/produkt\/cuffed-beanie\/"},"modified":"2024-12-12T12:25:36","modified_gmt":"2024-12-12T11:25:36","slug":"rankogaliais-susegama-megztine","status":"publish","type":"product","link":"https:\/\/antcube.shop\/lt\/produktas\/rankogaliais-susegama-megztine\/","title":{"rendered":"Megztinis su rankogaliais"},"content":{"rendered":"<p>Prigludusi, prigludusi kepur\u0117. Tai ne tik puiki galv\u0105 \u0161ildanti detal\u0117, bet ir pagrindinis kiekvieno drabu\u017ei\u0173 spintos aksesuaras.<\/p>\n<p>- 100% Turbo akrilas<br \/>\n- 12\u2033 (30 cm) ilgio<br \/>\n- Hipoalerginis<br \/>\n- Unisex stilius<br \/>\n- Galima plauti rankomis<br \/>\n- Tu\u0161\u010dias gaminys, kurio kilm\u0117s \u0161alis yra Vietnamas arba Banglade\u0161as<\/p>","protected":false},"excerpt":{"rendered":"<p>Prigludusi, prigludusi kepur\u0117. Tai ne tik puiki galv\u0105 \u0161ildanti detal\u0117, bet ir pagrindinis kiekvieno drabu\u017ei\u0173 spintos aksesuaras. - 100% Turbo akrilas - 12\u2033 (30 cm) ilgio - Hipoalerginis - Unisex stilius - Galima skalbti rankomis - Tu\u0161\u010diaviduris gaminys i\u0161 Vietnamo arba Banglade\u0161o<\/p>","protected":false},"featured_media":4004,"comment_status":"open","ping_status":"closed","template":"","meta":{"_acf_changed":false,"content-type":"","_monsterinsights_skip_tracking":false,"_monsterinsights_sitenote_active":false,"_monsterinsights_sitenote_note":"","_monsterinsights_sitenote_category":0},"product_brand":[],"product_cat":[245],"product_tag":[],"class_list":{"0":"post-4002","1":"product","2":"type-product","3":"status-publish","4":"has-post-thumbnail","6":"product_cat-merchandise","8":"first","9":"instock","10":"taxable","11":"shipping-taxable","12":"purchasable","13":"product-type-simple"},"acf":[],"aioseo_notices":[],"jetpack_sharing_enabled":true,"_links":{"self":[{"href":"https:\/\/antcube.shop\/lt\/wp-json\/wp\/v2\/product\/4002","targetHints":{"allow":["GET"]}}],"collection":[{"href":"https:\/\/antcube.shop\/lt\/wp-json\/wp\/v2\/product"}],"about":[{"href":"https:\/\/antcube.shop\/lt\/wp-json\/wp\/v2\/types\/product"}],"replies":[{"embeddable":true,"href":"https:\/\/antcube.shop\/lt\/wp-json\/wp\/v2\/comments?post=4002"}],"wp:featuredmedia":[{"embeddable":true,"href":"https:\/\/antcube.shop\/lt\/wp-json\/wp\/v2\/media\/4004"}],"wp:attachment":[{"href":"https:\/\/antcube.shop\/lt\/wp-json\/wp\/v2\/media?parent=4002"}],"wp:term":[{"taxonomy":"product_brand","embeddable":true,"href":"https:\/\/antcube.shop\/lt\/wp-json\/wp\/v2\/product_brand?post=4002"},{"taxonomy":"product_cat","embeddable":true,"href":"https:\/\/antcube.shop\/lt\/wp-json\/wp\/v2\/product_cat?post=4002"},{"taxonomy":"product_tag","embeddable":true,"href":"https:\/\/antcube.shop\/lt\/wp-json\/wp\/v2\/product_tag?post=4002"}],"curies":[{"name":"wp","href":"https:\/\/api.w.org\/{rel}","templated":true}]}}