{"id":3957,"date":"2021-11-30T13:32:38","date_gmt":"2021-11-30T12:32:38","guid":{"rendered":"https:\/\/antcube.shop\/produkt\/mens-high-top-canvas-shoes\/"},"modified":"2024-12-12T12:25:45","modified_gmt":"2024-12-12T11:25:45","slug":"vyriski-aukstakulniai-drobes-batai","status":"publish","type":"product","link":"https:\/\/antcube.shop\/lt\/produktas\/vyriski-aukstakulniai-drobes-batai\/","title":{"rendered":"Vyri\u0161ki auk\u0161takulniai drob\u0117s bateliai"},"content":{"rendered":"<p>Pagerinkite savo avalyn\u0117s \u017eaidim\u0105 su \"High Top Canvas\" bateliais. \u0160ie rank\u0173 darbo madingi batai tikrai pagyvins j\u016bs\u0173 aprang\u0105. \u012esigykite juos dabar!<\/p>\n<p>- 100% poliesteris, vir\u0161utin\u0117 pus\u0117 i\u0161 drob\u0117s<br \/>\n- Etileno ir vinilacetato (EVA) gumos padas<br \/>\n- Kv\u0117puojantis pamu\u0161alas, mink\u0161tas vidpadis<br \/>\n- Dirbtin\u0117s odos pir\u0161t\u0173 dangtelis<br \/>\n- Balti rai\u0161teliai<br \/>\n- Pamink\u0161tinta apykakl\u0117, rai\u0161teliai priekyje<br \/>\n- Tu\u0161\u010diaviduris gaminys, kurio kilm\u0117s \u0161alis yra Kinija<\/p>\n<p><strong>Svarbu:<\/strong> \u0160\u012f gamin\u012f galima \u012fsigyti \u0161iose \u0161alyse: JAV, Kanadoje, Australijoje, Naujojoje Zelandijoje ir Japonijoje. Jei j\u016bs\u0173 pristatymo adresas yra ne \u0161iose \u0161alyse, pasirinkite kit\u0105 gamin\u012f.<\/p>\n<p><strong>Atsakomyb\u0117s atsisakymas:<\/strong> Atidarius d\u0117\u017eut\u0119, batai tur\u0117s klij\u0173 kvap\u0105. Kvapas i\u0161nyks po keli\u0173 dien\u0173 i\u0161pakavus batus.<\/p>","protected":false},"excerpt":{"rendered":"<p>Pagerinkite savo avalyn\u0117s \u017eaidim\u0105 su \"High Top Canvas\" bateliais. \u0160ie rank\u0173 darbo madingi batai tikrai pagyvins j\u016bs\u0173 aprang\u0105. \u012esigykite juos dabar! - 100% poliesteris, drob\u0117s vir\u0161utin\u0117 pus\u0117 - Etileno ir vinilacetato (EVA) gumos padas - Kv\u0117puojantis pamu\u0161alas, mink\u0161tas vidpadis - Dirbtin\u0117s odos pir\u0161t\u0173 dangtelis - Balti rai\u0161teliai - Pamink\u0161tinta apykakl\u0117, suvarstomas priekis","protected":false},"featured_media":3975,"comment_status":"open","ping_status":"closed","template":"","meta":{"_acf_changed":false,"content-type":"","_monsterinsights_skip_tracking":false,"_monsterinsights_sitenote_active":false,"_monsterinsights_sitenote_note":"","_monsterinsights_sitenote_category":0},"product_brand":[],"product_cat":[245],"product_tag":[],"class_list":{"0":"post-3957","1":"product","2":"type-product","3":"status-publish","4":"has-post-thumbnail","6":"product_cat-merchandise","8":"first","9":"instock","10":"taxable","11":"shipping-taxable","12":"purchasable","13":"product-type-variable"},"acf":[],"aioseo_notices":[],"jetpack_sharing_enabled":true,"_links":{"self":[{"href":"https:\/\/antcube.shop\/lt\/wp-json\/wp\/v2\/product\/3957","targetHints":{"allow":["GET"]}}],"collection":[{"href":"https:\/\/antcube.shop\/lt\/wp-json\/wp\/v2\/product"}],"about":[{"href":"https:\/\/antcube.shop\/lt\/wp-json\/wp\/v2\/types\/product"}],"replies":[{"embeddable":true,"href":"https:\/\/antcube.shop\/lt\/wp-json\/wp\/v2\/comments?post=3957"}],"wp:featuredmedia":[{"embeddable":true,"href":"https:\/\/antcube.shop\/lt\/wp-json\/wp\/v2\/media\/3975"}],"wp:attachment":[{"href":"https:\/\/antcube.shop\/lt\/wp-json\/wp\/v2\/media?parent=3957"}],"wp:term":[{"taxonomy":"product_brand","embeddable":true,"href":"https:\/\/antcube.shop\/lt\/wp-json\/wp\/v2\/product_brand?post=3957"},{"taxonomy":"product_cat","embeddable":true,"href":"https:\/\/antcube.shop\/lt\/wp-json\/wp\/v2\/product_cat?post=3957"},{"taxonomy":"product_tag","embeddable":true,"href":"https:\/\/antcube.shop\/lt\/wp-json\/wp\/v2\/product_tag?post=3957"}],"curies":[{"name":"wp","href":"https:\/\/api.w.org\/{rel}","templated":true}]}}