{"id":3953,"date":"2021-11-30T13:30:21","date_gmt":"2021-11-30T12:30:21","guid":{"rendered":"https:\/\/antcube.shop\/produkt\/stainless-steel-water-bottle\/"},"modified":"2024-12-12T12:25:54","modified_gmt":"2024-12-12T11:25:54","slug":"nerudijancio-plieno-vandens-butelis","status":"publish","type":"product","link":"https:\/\/antcube.shop\/lt\/produktas\/nerudijancio-plieno-vandens-butelis\/","title":{"rendered":"Ner\u016bdijan\u010dio plieno vandens butelis"},"content":{"rendered":"<p>\u0160is 17 uncij\u0173 dvigub\u0173 sieneli\u0173 ner\u016bdijan\u010diojo plieno vandens buteliukas puikiai tinka kasdien\u0117ms i\u0161vykoms. Jame pasirinktas g\u0117rimas i\u0161liks kar\u0161tas arba \u0161altas i\u0161tisas valandas. Jis taip pat turi kvap\u0173 ir nuot\u0117kio nepraleid\u017eiant\u012f dangtel\u012f. \u012emeskite j\u012f \u012f automobilio puodelio laikikl\u012f pakeliui \u012f darb\u0105, pasiimkite su savimi \u012f \u017eygius arba \u012fsimeskite \u012f rankin\u0119, kai tik i\u0161trok\u0161ite.<\/p>\n<p>- Auk\u0161tos kokyb\u0117s ner\u016bdijantis plienas<br \/>\n- 17 uncij\u0173 (500 ml)<br \/>\n- Matmenys: 10,5\u2033 \u00d7 2,85\u2033 (27 \u00d7 7 cm)<br \/>\n- Vakuumin\u0117 kolba<br \/>\n- Dvigub\u0173 sieneli\u0173 konstrukcija<br \/>\n- Boulingo smeigtuko forma<br \/>\n- Bekvapis ir sandarus dangtelis<br \/>\n- Izoliuota kar\u0161tiems ir \u0161altiems skys\u010diams (i\u0161laiko skyst\u012f kar\u0161t\u0105 arba \u0161alt\u0105 6 val.)<br \/>\n- Patentuota ORCA danga, u\u017etikrinanti ry\u0161kias spalvas<br \/>\n- Plauti tik rankomis (indaplov\u0117je plauti nerekomenduojama d\u0117l vakuuminio sandarinimo)<br \/>\n- Tu\u0161\u010diaviduris gaminys, kurio kilm\u0117s \u0161alis yra Kinija<\/p>\n<p>Atsakomyb\u0117s apribojimas: laikyti vanden\u012f buteliuke ilgiau nei 24 valandas yra nehigieni\u0161ka ir gali atsirasti nemalonus kvapas.<\/p>","protected":false},"excerpt":{"rendered":"<p>\u0160is 17 uncij\u0173 dvigub\u0173 sieneli\u0173 ner\u016bdijan\u010diojo plieno vandens buteliukas puikiai tinka kasdien\u0117ms i\u0161vykoms. Jame pasirinktas g\u0117rimas i\u0161liks kar\u0161tas arba \u0161altas i\u0161tisas valandas. Jis taip pat turi kvap\u0173 ir nuot\u0117kio nepraleid\u017eiant\u012f dangtel\u012f. \u012emeskite j\u012f \u012f automobilio puodelio laikikl\u012f pakeliui \u012f darb\u0105, pasiimkite su savimi \u012f \u017eygius arba \u012fmeskite \u012f [...]","protected":false},"featured_media":3954,"comment_status":"open","ping_status":"closed","template":"","meta":{"_acf_changed":false,"content-type":"","_monsterinsights_skip_tracking":false,"_monsterinsights_sitenote_active":false,"_monsterinsights_sitenote_note":"","_monsterinsights_sitenote_category":0},"product_brand":[],"product_cat":[245],"product_tag":[],"class_list":{"0":"post-3953","1":"product","2":"type-product","3":"status-publish","4":"has-post-thumbnail","6":"product_cat-merchandise","8":"first","9":"instock","10":"taxable","11":"shipping-taxable","12":"purchasable","13":"product-type-simple"},"acf":[],"aioseo_notices":[],"jetpack_sharing_enabled":true,"_links":{"self":[{"href":"https:\/\/antcube.shop\/lt\/wp-json\/wp\/v2\/product\/3953","targetHints":{"allow":["GET"]}}],"collection":[{"href":"https:\/\/antcube.shop\/lt\/wp-json\/wp\/v2\/product"}],"about":[{"href":"https:\/\/antcube.shop\/lt\/wp-json\/wp\/v2\/types\/product"}],"replies":[{"embeddable":true,"href":"https:\/\/antcube.shop\/lt\/wp-json\/wp\/v2\/comments?post=3953"}],"wp:featuredmedia":[{"embeddable":true,"href":"https:\/\/antcube.shop\/lt\/wp-json\/wp\/v2\/media\/3954"}],"wp:attachment":[{"href":"https:\/\/antcube.shop\/lt\/wp-json\/wp\/v2\/media?parent=3953"}],"wp:term":[{"taxonomy":"product_brand","embeddable":true,"href":"https:\/\/antcube.shop\/lt\/wp-json\/wp\/v2\/product_brand?post=3953"},{"taxonomy":"product_cat","embeddable":true,"href":"https:\/\/antcube.shop\/lt\/wp-json\/wp\/v2\/product_cat?post=3953"},{"taxonomy":"product_tag","embeddable":true,"href":"https:\/\/antcube.shop\/lt\/wp-json\/wp\/v2\/product_tag?post=3953"}],"curies":[{"name":"wp","href":"https:\/\/api.w.org\/{rel}","templated":true}]}}