{"id":3876,"date":"2021-11-23T18:19:18","date_gmt":"2021-11-23T17:19:18","guid":{"rendered":"https:\/\/antcube.shop\/produkt\/ameisen-spiralturm-m-30\/"},"modified":"2026-04-07T13:49:28","modified_gmt":"2026-04-07T11:49:28","slug":"ameisen-spiralturm-m-30","status":"publish","type":"product","link":"https:\/\/antcube.shop\/lt\/produktas\/ameisen-spiralturm-m-30\/","title":{"rendered":"Skruzd\u0117li\u0173 spiralinis bok\u0161tas M - 30"},"content":{"rendered":"<div><strong>Matmenys<\/strong>: 19x19x30 cm; <strong>M<\/strong> \u017earnai 14\/10 mm<\/div>\n<div><\/div>\n<div><strong>Med\u017eiaga<\/strong>: PMMA, PVC<\/div>\n<div><\/div>\n<div><strong>Spalva<\/strong>: kri\u0161tolo skaidrumo, skaidrus, permatomas<\/div>\n<div><\/div>\n<div><strong>Turinys:<\/strong><\/div>\n<div>2x dugno \/ dang\u010dio plok\u0161t\u0117<\/div>\n<div>2x prieiga prie 14\/10 mm \u017earnos<\/div>\n<div>4x \u017earnos kolon\u0117l\u0117 14\/10 mm \u017earnai<\/div>\n<div>10x prispaudimo kai\u0161tis<\/div>\n<div>7 m \u017earna 14\/10 mm<\/div>\n<div><strong>Pastaba:<\/strong> Dalys tiekiamos kaip komplektas arba prijungiama sistema. Klijuoti nereikia.<\/div>\n<div><\/div>\n<div><strong>Ry\u0161ys:<\/strong><\/div>\n<div>2x \u017earna 14\/10 mm<\/div>\n<div><\/div>\n<div><strong>Apra\u0161ymas:<\/strong> Skruzd\u0117lyno spiralinis bok\u0161tas naudojamas norint suma\u017einti auk\u0161t\u012f nuo arenos iki skruzd\u0117lyno, be to, gyv\u016bnai gali vaik\u0161\u010dioti nedidel\u0117je erdv\u0117je. Papildomas vaik\u0161\u010diojimo atstumas imituoja skruzd\u017ei\u0173 gamtoje \u012fveiktus kelius iki maisto \u0161altini\u0173 ir gali tur\u0117ti teigiamos \u012ftakos skruzd\u0117li\u0173 kolonijos vystymuisi ir elgesiui.<\/div>\n<div><\/div>\n<div><strong>Parai\u0161ka<\/strong>: skruzd\u0117lyn\u0173 dydis <strong>M<\/strong><\/div>","protected":false},"excerpt":{"rendered":"<p>Jungtis: 14\/10 mm \u017earna<br \/>\nDydis <strong>M<\/strong><\/p>","protected":false},"featured_media":3881,"comment_status":"open","ping_status":"closed","template":"","meta":{"_acf_changed":false,"content-type":"","_monsterinsights_skip_tracking":false,"_monsterinsights_sitenote_active":false,"_monsterinsights_sitenote_note":"","_monsterinsights_sitenote_category":0},"product_brand":[],"product_cat":[119,256],"product_tag":[],"class_list":{"0":"post-3876","1":"product","2":"type-product","3":"status-publish","4":"has-post-thumbnail","6":"product_cat-formicarium-components","7":"product_cat-spiral-tower","9":"first","10":"instock","11":"taxable","12":"shipping-taxable","13":"purchasable","14":"product-type-simple"},"acf":[],"aioseo_notices":[],"jetpack_sharing_enabled":true,"_links":{"self":[{"href":"https:\/\/antcube.shop\/lt\/wp-json\/wp\/v2\/product\/3876","targetHints":{"allow":["GET"]}}],"collection":[{"href":"https:\/\/antcube.shop\/lt\/wp-json\/wp\/v2\/product"}],"about":[{"href":"https:\/\/antcube.shop\/lt\/wp-json\/wp\/v2\/types\/product"}],"replies":[{"embeddable":true,"href":"https:\/\/antcube.shop\/lt\/wp-json\/wp\/v2\/comments?post=3876"}],"wp:featuredmedia":[{"embeddable":true,"href":"https:\/\/antcube.shop\/lt\/wp-json\/wp\/v2\/media\/3881"}],"wp:attachment":[{"href":"https:\/\/antcube.shop\/lt\/wp-json\/wp\/v2\/media?parent=3876"}],"wp:term":[{"taxonomy":"product_brand","embeddable":true,"href":"https:\/\/antcube.shop\/lt\/wp-json\/wp\/v2\/product_brand?post=3876"},{"taxonomy":"product_cat","embeddable":true,"href":"https:\/\/antcube.shop\/lt\/wp-json\/wp\/v2\/product_cat?post=3876"},{"taxonomy":"product_tag","embeddable":true,"href":"https:\/\/antcube.shop\/lt\/wp-json\/wp\/v2\/product_tag?post=3876"}],"curies":[{"name":"wp","href":"https:\/\/api.w.org\/{rel}","templated":true}]}}