{"id":3625,"date":"2021-11-19T12:53:34","date_gmt":"2021-11-19T11:53:34","guid":{"rendered":"https:\/\/antcube.shop\/produkt\/snapback-hat\/"},"modified":"2024-12-12T12:26:44","modified_gmt":"2024-12-12T11:26:44","slug":"snapback-kepure","status":"publish","type":"product","link":"https:\/\/antcube.shop\/lt\/produktas\/snapback-kepure\/","title":{"rendered":"Snapback kepur\u0117"},"content":{"rendered":"<p>\u0160i kepur\u0117 yra klasikin\u0117s strukt\u016bros, plok\u0161\u010diu kra\u0161tu ir su visa sagtimi. D\u0117l reguliuojamo u\u017esegimo su u\u017etrauktuku \u0161i kepur\u0117 yra patogi, tinkanti daugeliui dyd\u017ei\u0173.<\/p>\n<p>- 80% akrilas, 20% vilna<br \/>\n- \u017dalia kamuflia\u017ein\u0117 med\u017eiaga yra 60% medviln\u0117, 40% poliesteris<br \/>\n- Strukt\u016brizuota, 6 skyd\u0173, auk\u0161to profilio<br \/>\n- 6 siuvin\u0117tos kilpos<br \/>\n- Plastikinis u\u017eraktas<br \/>\n- \u017dalias apatinis antspaudas<br \/>\n- Galvos apimtis: 21\u215d\u2033-23\u215d\u2033 (54,9 cm-60 cm)<br \/>\n- Tu\u0161\u010dias gaminys, kurio kilm\u0117s \u0161alis yra Vietnamas arba Banglade\u0161as<\/p>\n<p>&nbsp;<\/p>\n<p>Preki\u0173 kategorijos produkt\u0173 pristatym\u0105 ir gamyb\u0105 vykdo m\u016bs\u0173 partneris PRINTFUL. U\u017esisakydami vien\u0105 i\u0161 \u0161i\u0173 gamini\u0173 sutinkate su PRINTFUL s\u0105lygomis, privatumo politika ir gr\u0105\u017einimo politika.<\/p>\n<p><a href=\"https:\/\/www.printful.com\/policies\/terms-of-service\">\u010cia rasite PRINTFUL taisykles ir s\u0105lygas.<\/a><\/p>\n<p><a href=\"https:\/\/www.printful.com\/policies\/returns\">PRINTFUL gr\u0105\u017einimo taisykles rasite \u010dia.<\/a><\/p>\n<p><a href=\"https:\/\/www.printful.com\/policies\/privacy\">PRINTFUL privatumo politik\u0105 rasite \u010dia.<\/a><\/p>","protected":false},"excerpt":{"rendered":"<p>\u0160i kepur\u0117 yra klasikin\u0117s strukt\u016bros, plok\u0161\u010diu kra\u0161tu ir su visa sagtimi. D\u0117l reguliuojamo u\u017esegimo su u\u017etrauktuku \u0161i kepur\u0117 yra patogi, tinkanti daugeliui dyd\u017ei\u0173. - 80% akrilas, 20% vilna - Green Camo yra 60% medviln\u0117, 40% poliesteris - Strukt\u016bri\u0161ka, 6 skydeli\u0173, auk\u0161to profilio - 6 siuvin\u0117tos kilpos - Plastikinis u\u017esegimas - \u017dalias u\u017esegimas - Galvos apimtis: 21\u215d\u2033-23\u215d\u2033","protected":false},"featured_media":3627,"comment_status":"open","ping_status":"closed","template":"","meta":{"_acf_changed":false,"content-type":"","_monsterinsights_skip_tracking":false,"_monsterinsights_sitenote_active":false,"_monsterinsights_sitenote_note":"","_monsterinsights_sitenote_category":0},"product_brand":[],"product_cat":[245],"product_tag":[],"class_list":{"0":"post-3625","1":"product","2":"type-product","3":"status-publish","4":"has-post-thumbnail","6":"product_cat-merchandise","8":"first","9":"instock","10":"taxable","11":"shipping-taxable","12":"purchasable","13":"product-type-simple"},"acf":[],"aioseo_notices":[],"jetpack_sharing_enabled":true,"_links":{"self":[{"href":"https:\/\/antcube.shop\/lt\/wp-json\/wp\/v2\/product\/3625","targetHints":{"allow":["GET"]}}],"collection":[{"href":"https:\/\/antcube.shop\/lt\/wp-json\/wp\/v2\/product"}],"about":[{"href":"https:\/\/antcube.shop\/lt\/wp-json\/wp\/v2\/types\/product"}],"replies":[{"embeddable":true,"href":"https:\/\/antcube.shop\/lt\/wp-json\/wp\/v2\/comments?post=3625"}],"wp:featuredmedia":[{"embeddable":true,"href":"https:\/\/antcube.shop\/lt\/wp-json\/wp\/v2\/media\/3627"}],"wp:attachment":[{"href":"https:\/\/antcube.shop\/lt\/wp-json\/wp\/v2\/media?parent=3625"}],"wp:term":[{"taxonomy":"product_brand","embeddable":true,"href":"https:\/\/antcube.shop\/lt\/wp-json\/wp\/v2\/product_brand?post=3625"},{"taxonomy":"product_cat","embeddable":true,"href":"https:\/\/antcube.shop\/lt\/wp-json\/wp\/v2\/product_cat?post=3625"},{"taxonomy":"product_tag","embeddable":true,"href":"https:\/\/antcube.shop\/lt\/wp-json\/wp\/v2\/product_tag?post=3625"}],"curies":[{"name":"wp","href":"https:\/\/api.w.org\/{rel}","templated":true}]}}