{"id":3611,"date":"2021-11-19T12:49:31","date_gmt":"2021-11-19T11:49:31","guid":{"rendered":"https:\/\/antcube.shop\/produkt\/dad-hat\/"},"modified":"2024-12-12T12:26:53","modified_gmt":"2024-12-12T11:26:53","slug":"tecio-kepure","status":"publish","type":"product","link":"https:\/\/antcube.shop\/lt\/produktas\/tecio-kepure\/","title":{"rendered":"T\u0117\u010dio kepur\u0117"},"content":{"rendered":"<p>T\u0117\u010dio kepur\u0117s skirtos ne tik t\u0117\u010diams. \u0160i kepur\u0117 yra \u017eemo profilio, su reguliuojamu dir\u017eeliu ir i\u0161lenktu skydeliu.<\/p>\n<p>- 100% chino medvilninis \u0161varko audinys<br \/>- \u017dalia kamuflia\u017ein\u0117 spalva - 35% chino medviln\u0117s ruo\u0161inys, 65% poliesteris<br \/>- Nestrukt\u016brizuota, 6 skyd\u0173, \u017eemo profilio<br \/>- 6 siuvin\u0117tos kilpos<br \/>- 3 \u215b\" (7,6 cm) kar\u016bna<br \/>- Reguliuojamas dir\u017eelis su antikvarine sagtimi<br \/>- Tu\u0161\u010dias gaminys, kurio kilm\u0117s \u0161alis yra Vietnamas arba Banglade\u0161as<\/p>\n<p>\u00a0<\/p>\n<p>Preki\u0173 kategorijos produkt\u0173 pristatym\u0105 ir gamyb\u0105 vykdo m\u016bs\u0173 partneris PRINTFUL. U\u017esisakydami vien\u0105 i\u0161 \u0161i\u0173 gamini\u0173 sutinkate su PRINTFUL s\u0105lygomis, privatumo politika ir gr\u0105\u017einimo politika.\u00a0<\/p>\n<p><a href=\"https:\/\/www.printful.com\/policies\/terms-of-service\">\u010cia rasite PRINTFUL taisykles ir s\u0105lygas.<\/a><\/p>\n<p><a href=\"https:\/\/www.printful.com\/policies\/returns\">PRINTFUL gr\u0105\u017einimo taisykles rasite \u010dia.<\/a><\/p>\n<p><a href=\"https:\/\/www.printful.com\/policies\/privacy\">PRINTFUL privatumo politik\u0105 rasite \u010dia.<\/a><\/p>","protected":false},"excerpt":{"rendered":"<p>T\u0117\u010dio kepur\u0117s skirtos ne tik t\u0117\u010diams. \u0160i kepur\u0117 yra \u017eemo profilio, su reguliuojamu dir\u017eeliu ir i\u0161lenktu skydeliu. - 100% chino medviln\u0117s ruo\u0161inys- \u017dalioji kamuflia\u017eo spalva yra 35% chino medviln\u0117s ruo\u0161inys, 65% poliesteris- Nestrukt\u016brizuota, 6 skyd\u0173, \u017eemo profilio- 6 siuvin\u0117tos kilpos- 3 \u215b\" (7,6 cm) kar\u016bna- Reguliuojamas dir\u017eelis su antikvarine sagtimi- Tu\u0161\u010dias gaminys i\u0161 Vietnamo","protected":false},"featured_media":3613,"comment_status":"open","ping_status":"closed","template":"","meta":{"_acf_changed":false,"content-type":"","_monsterinsights_skip_tracking":false,"_monsterinsights_sitenote_active":false,"_monsterinsights_sitenote_note":"","_monsterinsights_sitenote_category":0},"product_brand":[],"product_cat":[245],"product_tag":[],"class_list":{"0":"post-3611","1":"product","2":"type-product","3":"status-publish","4":"has-post-thumbnail","6":"product_cat-merchandise","8":"first","9":"instock","10":"taxable","11":"shipping-taxable","12":"purchasable","13":"product-type-simple"},"acf":[],"aioseo_notices":[],"jetpack_sharing_enabled":true,"_links":{"self":[{"href":"https:\/\/antcube.shop\/lt\/wp-json\/wp\/v2\/product\/3611","targetHints":{"allow":["GET"]}}],"collection":[{"href":"https:\/\/antcube.shop\/lt\/wp-json\/wp\/v2\/product"}],"about":[{"href":"https:\/\/antcube.shop\/lt\/wp-json\/wp\/v2\/types\/product"}],"replies":[{"embeddable":true,"href":"https:\/\/antcube.shop\/lt\/wp-json\/wp\/v2\/comments?post=3611"}],"wp:featuredmedia":[{"embeddable":true,"href":"https:\/\/antcube.shop\/lt\/wp-json\/wp\/v2\/media\/3613"}],"wp:attachment":[{"href":"https:\/\/antcube.shop\/lt\/wp-json\/wp\/v2\/media?parent=3611"}],"wp:term":[{"taxonomy":"product_brand","embeddable":true,"href":"https:\/\/antcube.shop\/lt\/wp-json\/wp\/v2\/product_brand?post=3611"},{"taxonomy":"product_cat","embeddable":true,"href":"https:\/\/antcube.shop\/lt\/wp-json\/wp\/v2\/product_cat?post=3611"},{"taxonomy":"product_tag","embeddable":true,"href":"https:\/\/antcube.shop\/lt\/wp-json\/wp\/v2\/product_tag?post=3611"}],"curies":[{"name":"wp","href":"https:\/\/api.w.org\/{rel}","templated":true}]}}