{"id":3599,"date":"2021-11-19T12:47:56","date_gmt":"2021-11-19T11:47:56","guid":{"rendered":"https:\/\/antcube.shop\/produkt\/premium-eco-hoodie\/"},"modified":"2024-12-12T12:27:02","modified_gmt":"2024-12-12T11:27:02","slug":"premium-eco-hoodie","status":"publish","type":"product","link":"https:\/\/antcube.shop\/lt\/produktas\/premium-eco-hoodie\/","title":{"rendered":"Auk\u0161\u010diausios kokyb\u0117s ekologi\u0161kas d\u017eemperis su gobtuvu"},"content":{"rendered":"<p>Susipa\u017einkite su auk\u0161\u010diausios kokyb\u0117s ekologi\u0161ku gobtuvu, pagamintu i\u0161 ekologi\u0161k\u0173 ir perdirbt\u0173 med\u017eiag\u0173. Patogaus kirpimo, su priekine ki\u0161ene ir dvisluoksniu gobtuvu, \u0161is gobtuvas yra klasikinis gatv\u0117s stiliaus drabu\u017eis, kur\u012f galima derinti prie \u012fvairi\u0173 \u012fvaizd\u017ei\u0173.<\/p>\n<p>- 85% ekologi\u0161ka medviln\u0117, 15% perdirbtas poliesteris<br \/>\n- \u0160onkauliai: 97% organin\u0117 medviln\u0117, 3% elastanas<br \/>\n- \u0160ukuotas vilnonis audinys viduje<br \/>\n- Patogus unisex tipo drabu\u017eis<br \/>\n- Dvisluoksnis gaubtas<br \/>\n- Plok\u0161\u010dios virvel\u0117s su metalin\u0117mis kilpel\u0117mis, suteikian\u010dios auk\u0161\u010diausios kokyb\u0117s poj\u016bt\u012f<br \/>\n- Keng\u016bros ki\u0161en\u0117<br \/>\n- Vidinis ir i\u0161orinis etiket\u0117s pleistras prek\u0117s \u017eenklui<br \/>\n- Nupl\u0117\u0161iama prie\u017ei\u016bros etiket\u0117<\/p>\n<p>&nbsp;<\/p>\n<p>Preki\u0173 kategorijos produkt\u0173 pristatym\u0105 ir gamyb\u0105 vykdo m\u016bs\u0173 partneris PRINTFUL. U\u017esisakydami vien\u0105 i\u0161 \u0161i\u0173 gamini\u0173 sutinkate su PRINTFUL s\u0105lygomis, privatumo politika ir gr\u0105\u017einimo politika.<\/p>\n<p><a href=\"https:\/\/www.printful.com\/policies\/terms-of-service\">\u010cia rasite PRINTFUL taisykles ir s\u0105lygas.<\/a><\/p>\n<p><a href=\"https:\/\/www.printful.com\/policies\/returns\">PRINTFUL gr\u0105\u017einimo taisykles rasite \u010dia.<\/a><\/p>\n<p><a href=\"https:\/\/www.printful.com\/policies\/privacy\">PRINTFUL privatumo politik\u0105 rasite \u010dia.<\/a><\/p>","protected":false},"excerpt":{"rendered":"<p>Susipa\u017einkite su auk\u0161\u010diausios kokyb\u0117s ekologi\u0161ku gobtuvu, pagamintu i\u0161 ekologi\u0161k\u0173 ir perdirbt\u0173 med\u017eiag\u0173. Patogaus kirpimo, su priekine ki\u0161ene ir dvisluoksniu gobtuvu, \u0161is gobtuvas yra klasikinis gatv\u0117s stiliaus drabu\u017eis, kur\u012f galima derinti prie \u012fvairi\u0173 \u012fvaizd\u017ei\u0173. - 85% organin\u0117 medviln\u0117, 15% perdirbtas poliesteris - Juostel\u0117s: 97% organin\u0117 medviln\u0117, 3% elastanas - \u0160ukuotas vilnonis audinys viduje","protected":false},"featured_media":3607,"comment_status":"open","ping_status":"closed","template":"","meta":{"_acf_changed":false,"content-type":"","_monsterinsights_skip_tracking":false,"_monsterinsights_sitenote_active":false,"_monsterinsights_sitenote_note":"","_monsterinsights_sitenote_category":0},"product_brand":[],"product_cat":[245],"product_tag":[],"class_list":{"0":"post-3599","1":"product","2":"type-product","3":"status-publish","4":"has-post-thumbnail","6":"product_cat-merchandise","8":"first","9":"instock","10":"taxable","11":"shipping-taxable","12":"purchasable","13":"product-type-variable"},"acf":[],"aioseo_notices":[],"jetpack_sharing_enabled":true,"_links":{"self":[{"href":"https:\/\/antcube.shop\/lt\/wp-json\/wp\/v2\/product\/3599","targetHints":{"allow":["GET"]}}],"collection":[{"href":"https:\/\/antcube.shop\/lt\/wp-json\/wp\/v2\/product"}],"about":[{"href":"https:\/\/antcube.shop\/lt\/wp-json\/wp\/v2\/types\/product"}],"replies":[{"embeddable":true,"href":"https:\/\/antcube.shop\/lt\/wp-json\/wp\/v2\/comments?post=3599"}],"wp:featuredmedia":[{"embeddable":true,"href":"https:\/\/antcube.shop\/lt\/wp-json\/wp\/v2\/media\/3607"}],"wp:attachment":[{"href":"https:\/\/antcube.shop\/lt\/wp-json\/wp\/v2\/media?parent=3599"}],"wp:term":[{"taxonomy":"product_brand","embeddable":true,"href":"https:\/\/antcube.shop\/lt\/wp-json\/wp\/v2\/product_brand?post=3599"},{"taxonomy":"product_cat","embeddable":true,"href":"https:\/\/antcube.shop\/lt\/wp-json\/wp\/v2\/product_cat?post=3599"},{"taxonomy":"product_tag","embeddable":true,"href":"https:\/\/antcube.shop\/lt\/wp-json\/wp\/v2\/product_tag?post=3599"}],"curies":[{"name":"wp","href":"https:\/\/api.w.org\/{rel}","templated":true}]}}