{"id":3575,"date":"2021-11-19T12:45:26","date_gmt":"2021-11-19T11:45:26","guid":{"rendered":"https:\/\/antcube.shop\/produkt\/unisex-organic-cotton-t-shirt\/"},"modified":"2024-12-12T12:27:10","modified_gmt":"2024-12-12T11:27:10","slug":"unisex-organines-medvilnes-marskineliai","status":"publish","type":"product","link":"https:\/\/antcube.shop\/lt\/produktas\/unisex-organines-medvilnes-marskineliai\/","title":{"rendered":"Vieni\u0161o \u016bgio mar\u0161kin\u0117liai i\u0161 organin\u0117s medviln\u0117s"},"content":{"rendered":"<p>\u0160ie vienspalviai mar\u0161kin\u0117liai pagaminti i\u0161 100% ekologi\u0161kos \u017eiedinio sukimo medviln\u0117s. Tai auk\u0161tos kokyb\u0117s, itin patog\u016bs ir, kas geriausia, ekologi\u0161ki mar\u0161kin\u0117liai.<\/p>\n<p>- 100% ekologi\u0161ka \u017eiedinio sukimo medviln\u0117<br \/>\n- Audinio svoris: 5,3 oz\/yd\u00b2 (180 g\/m\u00b2)<br \/>\n- Vienkartiniai mar\u0161kin\u0117liai<br \/>\n- Vidutinio dyd\u017eio tinkamumas<br \/>\n- \u012estatomos rankov\u0117s<br \/>\n- 1 \u00d7 1 briauna ties apykakle<br \/>\n- Platus dvigubos adatos dygsnis ant rankovi\u0173 ir apatini\u0173 kra\u0161t\u0173<br \/>\n- Savadarb\u0117 kaklo juosta (vidin\u0117, galin\u0117 kaklo dalis)<br \/>\n- Tu\u0161\u010dias gaminys, kurio kilm\u0117s \u0161alis yra Kinija arba Banglade\u0161as<\/p>\n<p>&nbsp;<\/p>\n<p>Preki\u0173 kategorijos produkt\u0173 pristatym\u0105 ir gamyb\u0105 vykdo m\u016bs\u0173 partneris PRINTFUL. U\u017esisakydami vien\u0105 i\u0161 \u0161i\u0173 gamini\u0173 sutinkate su PRINTFUL s\u0105lygomis, privatumo politika ir gr\u0105\u017einimo politika.<\/p>\n<p><a href=\"https:\/\/www.printful.com\/policies\/terms-of-service\">\u010cia rasite PRINTFUL taisykles ir s\u0105lygas.<\/a><\/p>\n<p><a href=\"https:\/\/www.printful.com\/policies\/returns\">PRINTFUL gr\u0105\u017einimo taisykles rasite \u010dia.<\/a><\/p>\n<p><a href=\"https:\/\/www.printful.com\/policies\/privacy\">PRINTFUL privatumo politik\u0105 rasite \u010dia.<\/a><\/p>","protected":false},"excerpt":{"rendered":"<p>\u0160ie vienspalviai mar\u0161kin\u0117liai pagaminti i\u0161 100% ekologi\u0161kos \u017eiedinio sukimo medviln\u0117s. Tai auk\u0161tos kokyb\u0117s, itin patog\u016bs ir, kas geriausia, ekologi\u0161ki mar\u0161kin\u0117liai. - 100% organin\u0117 \u017eiedinio sukimo medviln\u0117 - Audinio svoris: 5,3 oz\/yd\u00b2 (180 g\/m\u00b2) - Viengubas trikota\u017eas - Vidutinio kirpimo - \u012esi\u016btos rankov\u0117s - 1 \u00d7 1 briauna ties apykakle - Platus dvigubos adatos dygsnis vir\u0161uje","protected":false},"featured_media":3582,"comment_status":"open","ping_status":"closed","template":"","meta":{"_acf_changed":false,"content-type":"","_monsterinsights_skip_tracking":false,"_monsterinsights_sitenote_active":false,"_monsterinsights_sitenote_note":"","_monsterinsights_sitenote_category":0},"product_brand":[],"product_cat":[245],"product_tag":[],"class_list":{"0":"post-3575","1":"product","2":"type-product","3":"status-publish","4":"has-post-thumbnail","6":"product_cat-merchandise","8":"first","9":"instock","10":"taxable","11":"shipping-taxable","12":"purchasable","13":"product-type-variable"},"acf":[],"aioseo_notices":[],"jetpack_sharing_enabled":true,"_links":{"self":[{"href":"https:\/\/antcube.shop\/lt\/wp-json\/wp\/v2\/product\/3575","targetHints":{"allow":["GET"]}}],"collection":[{"href":"https:\/\/antcube.shop\/lt\/wp-json\/wp\/v2\/product"}],"about":[{"href":"https:\/\/antcube.shop\/lt\/wp-json\/wp\/v2\/types\/product"}],"replies":[{"embeddable":true,"href":"https:\/\/antcube.shop\/lt\/wp-json\/wp\/v2\/comments?post=3575"}],"wp:featuredmedia":[{"embeddable":true,"href":"https:\/\/antcube.shop\/lt\/wp-json\/wp\/v2\/media\/3582"}],"wp:attachment":[{"href":"https:\/\/antcube.shop\/lt\/wp-json\/wp\/v2\/media?parent=3575"}],"wp:term":[{"taxonomy":"product_brand","embeddable":true,"href":"https:\/\/antcube.shop\/lt\/wp-json\/wp\/v2\/product_brand?post=3575"},{"taxonomy":"product_cat","embeddable":true,"href":"https:\/\/antcube.shop\/lt\/wp-json\/wp\/v2\/product_cat?post=3575"},{"taxonomy":"product_tag","embeddable":true,"href":"https:\/\/antcube.shop\/lt\/wp-json\/wp\/v2\/product_tag?post=3575"}],"curies":[{"name":"wp","href":"https:\/\/api.w.org\/{rel}","templated":true}]}}