{"id":3566,"date":"2021-11-19T12:43:48","date_gmt":"2021-11-19T11:43:48","guid":{"rendered":"https:\/\/antcube.shop\/produkt\/youth-short-sleeve-t-shirt\/"},"modified":"2024-12-12T12:27:18","modified_gmt":"2024-12-12T11:27:18","slug":"jaunimo-marskineliai-trumpomis-rankovemis","status":"publish","type":"product","link":"https:\/\/antcube.shop\/lt\/produktas\/jaunimo-marskineliai-trumpomis-rankovemis\/","title":{"rendered":"Jaunimo mar\u0161kin\u0117liai trumpomis rankov\u0117mis"},"content":{"rendered":"<p>Tai mar\u0161kin\u0117liai, kuri\u0173 ie\u0161kojote, ir jie tikrai taps m\u0117gstamiausiu kiekvieno jaunuolio drabu\u017ei\u0173 spintos elementu. Ji lengva, mink\u0161ta ir unikalaus dizaino.<\/p>\n<p>- 100% \u0161ukuotin\u0117 ir \u017eiedinio verpimo medviln\u0117<br \/>\n- \"Heather\" spalvos - 52% \u0161ukuotin\u0117 ir \u017eiedinio sukimo medviln\u0117, 48% poliesteris<br \/>\n- Athletic Heather - 90% \u0161ukuotin\u0117 ir \u017eiedinio sukimo medviln\u0117, 10% poliesteris<br \/>\n- Audinio svoris: 4,2 oz\/yd\u00b2 (142 g\/m2)<br \/>\n- I\u0161ankstinio susitraukimo audinys<br \/>\n- 32 singlai<br \/>\n- Atsipalaidav\u0119s unisex tipo drabu\u017eis<br \/>\n- \u0160onini\u0173 si\u016bli\u0173 konstrukcija<br \/>\n- Tu\u0161\u010diaviduris produktas, kurio kilm\u0117s \u0161alis yra Nikaragva, JAV arba Hond\u016bras<\/p>\n<p>&nbsp;<\/p>\n<p>Preki\u0173 kategorijos produkt\u0173 pristatym\u0105 ir gamyb\u0105 vykdo m\u016bs\u0173 partneris PRINTFUL. U\u017esisakydami vien\u0105 i\u0161 \u0161i\u0173 gamini\u0173 sutinkate su PRINTFUL s\u0105lygomis, privatumo politika ir gr\u0105\u017einimo politika.<\/p>\n<p><a href=\"https:\/\/www.printful.com\/policies\/terms-of-service\">\u010cia rasite PRINTFUL taisykles ir s\u0105lygas.<\/a><\/p>\n<p><a href=\"https:\/\/www.printful.com\/policies\/returns\">PRINTFUL gr\u0105\u017einimo taisykles rasite \u010dia.<\/a><\/p>\n<p><a href=\"https:\/\/www.printful.com\/policies\/privacy\">PRINTFUL privatumo politik\u0105 rasite \u010dia.<\/a><\/p>","protected":false},"excerpt":{"rendered":"<p>Tai mar\u0161kin\u0117liai, kuri\u0173 ie\u0161kojote, ir jie tikrai taps m\u0117gstamiausiu kiekvieno jaunuolio drabu\u017ei\u0173 spintos elementu. Ji lengva, mink\u0161ta ir unikalaus dizaino. - 100% \u0161ukuotin\u0117 ir \u017eiedinio sukimo medviln\u0117 - \"Heather\" spalvos - 52% \u0161ukuotin\u0117 ir \u017eiedinio sukimo medviln\u0117, 48% poliesteris - \"Athletic Heather\" - 90% \u0161ukuotin\u0117 ir \u017eiedinio sukimo medviln\u0117, [...]","protected":false},"featured_media":3573,"comment_status":"open","ping_status":"closed","template":"","meta":{"_acf_changed":false,"content-type":"","_monsterinsights_skip_tracking":false,"_monsterinsights_sitenote_active":false,"_monsterinsights_sitenote_note":"","_monsterinsights_sitenote_category":0},"product_brand":[],"product_cat":[245],"product_tag":[],"class_list":{"0":"post-3566","1":"product","2":"type-product","3":"status-publish","4":"has-post-thumbnail","6":"product_cat-merchandise","8":"first","9":"instock","10":"taxable","11":"shipping-taxable","12":"purchasable","13":"product-type-variable"},"acf":[],"aioseo_notices":[],"jetpack_sharing_enabled":true,"_links":{"self":[{"href":"https:\/\/antcube.shop\/lt\/wp-json\/wp\/v2\/product\/3566","targetHints":{"allow":["GET"]}}],"collection":[{"href":"https:\/\/antcube.shop\/lt\/wp-json\/wp\/v2\/product"}],"about":[{"href":"https:\/\/antcube.shop\/lt\/wp-json\/wp\/v2\/types\/product"}],"replies":[{"embeddable":true,"href":"https:\/\/antcube.shop\/lt\/wp-json\/wp\/v2\/comments?post=3566"}],"wp:featuredmedia":[{"embeddable":true,"href":"https:\/\/antcube.shop\/lt\/wp-json\/wp\/v2\/media\/3573"}],"wp:attachment":[{"href":"https:\/\/antcube.shop\/lt\/wp-json\/wp\/v2\/media?parent=3566"}],"wp:term":[{"taxonomy":"product_brand","embeddable":true,"href":"https:\/\/antcube.shop\/lt\/wp-json\/wp\/v2\/product_brand?post=3566"},{"taxonomy":"product_cat","embeddable":true,"href":"https:\/\/antcube.shop\/lt\/wp-json\/wp\/v2\/product_cat?post=3566"},{"taxonomy":"product_tag","embeddable":true,"href":"https:\/\/antcube.shop\/lt\/wp-json\/wp\/v2\/product_tag?post=3566"}],"curies":[{"name":"wp","href":"https:\/\/api.w.org\/{rel}","templated":true}]}}