{"id":3443,"date":"2021-11-18T15:53:00","date_gmt":"2021-11-18T14:53:00","guid":{"rendered":"https:\/\/antcube.shop\/produkt\/mens-heavyweight-tee\/"},"modified":"2024-12-12T12:27:24","modified_gmt":"2024-12-12T11:27:24","slug":"vyrai-sunkus-svoris-tee","status":"publish","type":"product","link":"https:\/\/antcube.shop\/lt\/produktas\/vyrai-sunkus-svoris-tee\/","title":{"rendered":"Vyri\u0161ki auk\u0161\u010diausios kokyb\u0117s medvilniniai mar\u0161kin\u0117liai"},"content":{"rendered":"<p>100% medvilniniai vyri\u0161ki mar\u0161kin\u0117liai Premium pad\u0117s jums \u012fgauti strukt\u016bri\u0161kesn\u0119 i\u0161vaizd\u0105. Jie gra\u017eiai s\u0117di, i\u0161laiko a\u0161trias linijas kra\u0161tuose ir puikiai dera prie daugiasluoksn\u0117s gatv\u0117s aprangos.<br \/>\n- 100% medviln\u0117<br \/>\n- 90% medviln\u0117, 10% poliesteris<br \/>\n- Audinio svoris: 5,0-5,3 oz\/yd\u00b2 (170-180 g\/m\u00b2)<br \/>\n- Atvirieji verpalai<br \/>\n- Vamzdinis audinys<br \/>\n- Kaklo ir pe\u010di\u0173 juostos<br \/>\n- Dviguba si\u016bl\u0117 ties rankov\u0117mis ir apatiniu kra\u0161tu<br \/>\n- Tu\u0161ti gaminiai i\u0161 Hond\u016bro, Nikaragvos, Hai\u010dio, Dominikos Respublikos, Banglade\u0161o, Meksikos<\/p>\n<p>&nbsp;<\/p>\n<p>Preki\u0173 kategorijos produkt\u0173 pristatym\u0105 ir gamyb\u0105 vykdo m\u016bs\u0173 partneris PRINTFUL. U\u017esisakydami vien\u0105 i\u0161 \u0161i\u0173 gamini\u0173 sutinkate su PRINTFUL s\u0105lygomis, privatumo politika ir gr\u0105\u017einimo politika.<\/p>\n<p><a href=\"https:\/\/www.printful.com\/policies\/terms-of-service\">\u010cia rasite PRINTFUL taisykles ir s\u0105lygas.<\/a><\/p>\n<p><a href=\"https:\/\/www.printful.com\/policies\/returns\">PRINTFUL gr\u0105\u017einimo taisykles rasite \u010dia.<\/a><\/p>\n<p><a href=\"https:\/\/www.printful.com\/policies\/privacy\">PRINTFUL privatumo politik\u0105 rasite \u010dia.<\/a><\/p>","protected":false},"excerpt":{"rendered":"<p>100% medvilniniai vyri\u0161ki mar\u0161kin\u0117liai Premium pad\u0117s jums \u012fgauti strukt\u016bri\u0161kesn\u0119 i\u0161vaizd\u0105. Jie gra\u017eiai s\u0117di, i\u0161laiko a\u0161trias linijas kra\u0161tuose ir puikiai dera prie daugiasluoksn\u0117s gatv\u0117s aprangos. - 100% medviln\u0117 - 90% medviln\u0117, 10% poliesteris - Audinio svoris: 5,0-5,3 oz\/yd\u00b2 (170-180 g\/m\u00b2) - Atviro galo verpalai - Vamzdinis audinys - U\u017eklijuotas kaklas ir","protected":false},"featured_media":3451,"comment_status":"open","ping_status":"closed","template":"","meta":{"_acf_changed":false,"content-type":"","_monsterinsights_skip_tracking":false,"_monsterinsights_sitenote_active":false,"_monsterinsights_sitenote_note":"","_monsterinsights_sitenote_category":0},"product_brand":[],"product_cat":[245],"product_tag":[],"class_list":{"0":"post-3443","1":"product","2":"type-product","3":"status-publish","4":"has-post-thumbnail","6":"product_cat-merchandise","8":"first","9":"instock","10":"taxable","11":"shipping-taxable","12":"purchasable","13":"product-type-variable"},"acf":[],"aioseo_notices":[],"jetpack_sharing_enabled":true,"_links":{"self":[{"href":"https:\/\/antcube.shop\/lt\/wp-json\/wp\/v2\/product\/3443","targetHints":{"allow":["GET"]}}],"collection":[{"href":"https:\/\/antcube.shop\/lt\/wp-json\/wp\/v2\/product"}],"about":[{"href":"https:\/\/antcube.shop\/lt\/wp-json\/wp\/v2\/types\/product"}],"replies":[{"embeddable":true,"href":"https:\/\/antcube.shop\/lt\/wp-json\/wp\/v2\/comments?post=3443"}],"wp:featuredmedia":[{"embeddable":true,"href":"https:\/\/antcube.shop\/lt\/wp-json\/wp\/v2\/media\/3451"}],"wp:attachment":[{"href":"https:\/\/antcube.shop\/lt\/wp-json\/wp\/v2\/media?parent=3443"}],"wp:term":[{"taxonomy":"product_brand","embeddable":true,"href":"https:\/\/antcube.shop\/lt\/wp-json\/wp\/v2\/product_brand?post=3443"},{"taxonomy":"product_cat","embeddable":true,"href":"https:\/\/antcube.shop\/lt\/wp-json\/wp\/v2\/product_cat?post=3443"},{"taxonomy":"product_tag","embeddable":true,"href":"https:\/\/antcube.shop\/lt\/wp-json\/wp\/v2\/product_tag?post=3443"}],"curies":[{"name":"wp","href":"https:\/\/api.w.org\/{rel}","templated":true}]}}