{"id":3276,"date":"2021-11-10T13:27:18","date_gmt":"2021-11-10T12:27:18","guid":{"rendered":"https:\/\/antcube.shop\/produkt\/myrmica-ruginodis\/"},"modified":"2021-11-24T11:41:53","modified_gmt":"2021-11-24T10:41:53","slug":"myrmica-ruginodis","status":"publish","type":"product","link":"https:\/\/antcube.shop\/lt\/produktas\/myrmica-ruginodis\/","title":{"rendered":"Myrmica ruginodis"},"content":{"rendered":"<p>&nbsp;<\/p>\n<table border=\"1\" cellspacing=\"1\" cellpadding=\"1\">\n<tbody>\n<tr>\n<td><strong>Lat. Pavadinimas:<\/strong><\/td>\n<td><strong><img data-recalc-dims=\"1\" loading=\"lazy\" decoding=\"async\" src=\"https:\/\/i0.wp.com\/www.antstore.net\/shop\/images\/icons\/ants\/lateinname.jpg?resize=30%2C30&#038;ssl=1\" alt=\"\" width=\"30\" height=\"30\" \/><\/strong><\/td>\n<td><i>Myrmica ruginodis<\/i><\/td>\n<\/tr>\n<tr>\n<td><strong>Bendrasis pavadinimas<\/strong>:<\/td>\n<td><strong><img data-recalc-dims=\"1\" loading=\"lazy\" decoding=\"async\" src=\"https:\/\/i0.wp.com\/www.antstore.net\/shop\/images\/icons\/ants\/trivialname.jpg?resize=30%2C30&#038;ssl=1\" alt=\"\" width=\"30\" height=\"30\" \/><\/strong><\/td>\n<td>Europos ugniagesys<\/td>\n<\/tr>\n<tr>\n<td><strong>Taksonomija:<\/strong><\/td>\n<td><strong><img data-recalc-dims=\"1\" loading=\"lazy\" decoding=\"async\" src=\"https:\/\/i0.wp.com\/www.antstore.net\/shop\/images\/icons\/ants\/taxonomie.jpg?resize=30%2C30&#038;ssl=1\" alt=\"\" width=\"30\" height=\"30\" \/><\/strong><\/td>\n<td><b><strong>Po\u0161eimis: <\/strong><\/b>Myrmicinae\u00a0<b><strong>gentis: <\/strong><\/b>Myrmicini<\/td>\n<\/tr>\n<tr>\n<td><strong>I\u0161laikyti lyg\u012f:<\/strong><\/td>\n<td><strong><img data-recalc-dims=\"1\" loading=\"lazy\" decoding=\"async\" src=\"https:\/\/i0.wp.com\/www.antstore.net\/shop\/images\/icons\/ants\/haltungsklasse.jpg?resize=30%2C30&#038;ssl=1\" alt=\"\" width=\"30\" height=\"30\" \/><\/strong><\/td>\n<td>\u00a0<strong>(1)<\/strong> lengva i\u0161laikyti, jie turi stipr\u0173 kaip adata d\u016br\u012f.<\/td>\n<\/tr>\n<tr>\n<td><strong>Pasiskirstymas:<\/strong><\/td>\n<td><strong><img data-recalc-dims=\"1\" loading=\"lazy\" decoding=\"async\" src=\"https:\/\/i0.wp.com\/www.antstore.net\/shop\/images\/icons\/ants\/verbreitung.jpg?resize=30%2C30&#038;ssl=1\" alt=\"\" width=\"30\" height=\"30\" \/><\/strong><\/td>\n<td>nuo Did\u017eiosios Britanijos iki Vidurin\u0117s Azijos, o nuo XVIII a. - ir \u0160iaur\u0117s Amerikoje<\/td>\n<\/tr>\n<tr>\n<td><strong>Buvein\u0117:<\/strong><\/td>\n<td><strong><img data-recalc-dims=\"1\" loading=\"lazy\" decoding=\"async\" src=\"https:\/\/i0.wp.com\/www.antstore.net\/shop\/images\/icons\/ants\/habitat.jpg?resize=30%2C30&#038;ssl=1\" alt=\"\" width=\"30\" height=\"30\" \/><\/strong><\/td>\n<td>m\u0117gsta dr\u0117gnas vietas, pavyzd\u017eiui, pievas ar atvirus mi\u0161kus, pana\u0161us \u012f Myrmica rubra, bet d\u0117l konkurencijos da\u017enai b\u016bna v\u0117sesniuose mi\u0161kuose.<\/td>\n<\/tr>\n<tr>\n<td><strong>Kolonijos forma:<\/strong><\/td>\n<td><strong><img data-recalc-dims=\"1\" loading=\"lazy\" decoding=\"async\" src=\"https:\/\/i0.wp.com\/www.antstore.net\/shop\/images\/icons\/ants\/Kolonieform.jpg?resize=30%2C30&#038;ssl=1\" alt=\"\" width=\"30\" height=\"30\" \/><\/strong><\/td>\n<td>Makroginas = monoginas Mikroginas = poliginas<\/td>\n<\/tr>\n<tr>\n<td><strong>Karalien\u0117:<\/strong><\/td>\n<td><strong><img data-recalc-dims=\"1\" loading=\"lazy\" decoding=\"async\" src=\"https:\/\/i0.wp.com\/www.antstore.net\/shop\/images\/icons\/ants\/koenigin.jpg?resize=30%2C30&#038;ssl=1\" alt=\"\" width=\"30\" height=\"30\" \/><\/strong><\/td>\n<td><b><strong>Dydis: <\/strong><\/b>6-8 mm <b><strong>Spalva: <\/strong><\/b>purpurinis (tamsiai raudonas)<\/td>\n<\/tr>\n<tr>\n<td><strong>Darbuotojas:<\/strong><\/td>\n<td><img data-recalc-dims=\"1\" loading=\"lazy\" decoding=\"async\" src=\"https:\/\/i0.wp.com\/www.antstore.net\/shop\/images\/icons\/ants\/arbeiterin.jpg?resize=30%2C30&#038;ssl=1\" alt=\"\" width=\"30\" height=\"30\" \/><\/td>\n<td><b><strong>Dydis: <\/strong><\/b>4 - 7 mm <b><strong>Spalva: <\/strong><\/b>purpurinis (tamsiai raudonas) iki rudai oran\u017einis<\/td>\n<\/tr>\n<tr>\n<td><strong>Kareivis:<\/strong><\/td>\n<td><img data-recalc-dims=\"1\" loading=\"lazy\" decoding=\"async\" src=\"https:\/\/i0.wp.com\/www.antstore.net\/shop\/images\/icons\/ants\/soldaten.jpg?resize=30%2C30&#038;ssl=1\" alt=\"\" width=\"30\" height=\"30\" \/><\/td>\n<td>n\u0117ra<\/td>\n<\/tr>\n<tr>\n<td><strong>Vyras:<\/strong><\/td>\n<td><img data-recalc-dims=\"1\" loading=\"lazy\" decoding=\"async\" src=\"https:\/\/i0.wp.com\/www.antstore.net\/shop\/images\/icons\/ants\/maennchen.jpg?resize=30%2C30&#038;ssl=1\" alt=\"\" width=\"30\" height=\"30\" \/><\/td>\n<td><strong>Dydis:<\/strong>\u00a04 - 6 mm<strong>\u00a0Spalva:<\/strong>\u00a0juoda , plonas<\/td>\n<\/tr>\n<tr>\n<td><strong>Maistas:<\/strong><\/td>\n<td><img data-recalc-dims=\"1\" loading=\"lazy\" decoding=\"async\" src=\"https:\/\/i0.wp.com\/www.antstore.net\/shop\/images\/icons\/ants\/nahrung.jpg?resize=30%2C30&#038;ssl=1\" alt=\"\" width=\"30\" height=\"30\" \/><\/td>\n<td>medaus vanduo ir vabzd\u017eiai, pvz., dvisparniai, pavyzd\u017eiui, mus\u0117s ar uodai.<\/td>\n<\/tr>\n<tr>\n<td><strong>Dr\u0117gm\u0117:<\/strong><\/td>\n<td><strong><img data-recalc-dims=\"1\" loading=\"lazy\" decoding=\"async\" src=\"https:\/\/i0.wp.com\/www.antstore.net\/shop\/images\/icons\/ants\/feuchtigkeit.jpg?resize=30%2C30&#038;ssl=1\" alt=\"\" width=\"30\" height=\"30\" \/><\/strong><\/td>\n<td><b><strong>Arena: <\/strong><\/b>30 &#8211; 50% <b><strong>Nestpart: <\/strong><\/b>50 &#8211; 70%<\/td>\n<\/tr>\n<tr>\n<td><strong>Temperat\u016bra:<\/strong><\/td>\n<td><strong><img data-recalc-dims=\"1\" loading=\"lazy\" decoding=\"async\" src=\"https:\/\/i0.wp.com\/www.antstore.net\/shop\/images\/icons\/ants\/temperatur.jpg?resize=30%2C30&#038;ssl=1\" alt=\"\" width=\"30\" height=\"30\" \/><\/strong><\/td>\n<td><b><strong>Arena: <\/strong><\/b>18 - 28\u00b0C <b><strong>Nestpart:<\/strong><\/b>\u00a021 - 24\u00b0C<\/td>\n<\/tr>\n<tr>\n<td><strong>Hibernacija:<\/strong><\/td>\n<td><img data-recalc-dims=\"1\" loading=\"lazy\" decoding=\"async\" src=\"https:\/\/i0.wp.com\/www.antstore.net\/shop\/images\/icons\/ants\/winterruhe.jpg?resize=30%2C30&#038;ssl=1\" alt=\"\" width=\"30\" height=\"30\" \/><\/td>\n<td>taip, nuo spalio pabaigos iki kovo pabaigos, 5-8 \u00b0C<\/td>\n<\/tr>\n<tr>\n<td><strong>Lizdo tipas:<\/strong><\/td>\n<td><\/td>\n<td>Lizdus suka dirvoje, supuvusioje medienoje, po akmenimis ar samanose<\/td>\n<\/tr>\n<tr>\n<td><strong>Formicarium tipas:<\/strong><\/td>\n<td><img data-recalc-dims=\"1\" loading=\"lazy\" decoding=\"async\" src=\"https:\/\/i0.wp.com\/www.antstore.net\/shop\/images\/icons\/ants\/formicarienart.jpg?resize=30%2C30&#038;ssl=1\" alt=\"\" width=\"30\" height=\"30\" \/><\/td>\n<td>\u016akis, Farmbasinas, Baseinas, R\u0117minis baseinas, Sala, Akrilo cilindras, Ytong\/Plasteris, Digfix<\/td>\n<\/tr>\n<tr>\n<td><strong>Formikariumo dydis:<\/strong><\/td>\n<td><strong><img data-recalc-dims=\"1\" loading=\"lazy\" decoding=\"async\" src=\"https:\/\/i0.wp.com\/www.antstore.net\/shop\/images\/icons\/ants\/formicariengroesse.jpg?resize=30%2C30&#038;ssl=1\" alt=\"\" width=\"30\" height=\"30\" \/><\/strong><\/td>\n<td><b> <strong>Dydis:<\/strong>\u00a0<strong>\u00a0S - M<\/strong><\/b><\/td>\n<\/tr>\n<tr>\n<td><strong>Substratas:<\/strong><\/td>\n<td><strong><img data-recalc-dims=\"1\" loading=\"lazy\" decoding=\"async\" src=\"https:\/\/i0.wp.com\/www.antstore.net\/shop\/images\/icons\/ants\/substrat.jpg?resize=30%2C30&#038;ssl=1\" alt=\"\" width=\"30\" height=\"30\" \/><\/strong><\/td>\n<td><b><strong>\u016akis: <\/strong><\/b>Sm\u0117lio ir put\u0173 <b><strong>Arena: <\/strong><\/b>Sm\u0117lis, sm\u0117lio ir molio, mediena<\/td>\n<\/tr>\n<tr>\n<td><strong>Sodinimas:<\/strong><\/td>\n<td><img data-recalc-dims=\"1\" loading=\"lazy\" decoding=\"async\" src=\"https:\/\/i0.wp.com\/www.antstore.net\/shop\/images\/icons\/ants\/bepflanzung.jpg?resize=30%2C30&#038;ssl=1\" alt=\"\" width=\"30\" height=\"30\" \/><\/td>\n<td>pana\u0161\u016bs \u012f mi\u0161kus plotai su samanomis, \u017eole ir kitais augalais.<\/td>\n<\/tr>\n<tr>\n<td><strong>Apdaila:<\/strong><\/td>\n<td><img data-recalc-dims=\"1\" loading=\"lazy\" decoding=\"async\" src=\"https:\/\/i0.wp.com\/www.antstore.net\/shop\/images\/icons\/ants\/dekoration.jpg?resize=30%2C30&#038;ssl=1\" alt=\"\" width=\"30\" height=\"30\" \/><\/td>\n<td>\u0160akos, \u0161aknys, med\u017ei\u0173 s\u0117klos,<\/td>\n<\/tr>\n<tr>\n<td><strong>Apra\u0161ymas:<\/strong><\/td>\n<td><img data-recalc-dims=\"1\" loading=\"lazy\" decoding=\"async\" src=\"https:\/\/i0.wp.com\/www.antstore.net\/shop\/images\/icons\/ants\/beschreibung.jpg?resize=30%2C30&#038;ssl=1\" alt=\"\" width=\"30\" height=\"30\" \/><\/td>\n<td>Kolonija yra tvirta, gerai sustiprinta, aktyvi ir \u0161iek tiek agresyvi, ma\u017eai prie\u017ei\u016bros reikalaujanti skruzd\u0117lynas. Jos gali \u012fgelti, kai jau\u010dia spaudim\u0105 (pana\u0161iai kaip dilg\u0117l\u0117s).<\/td>\n<\/tr>\n<tr>\n<td><strong>Pl\u0117tra:<\/strong><\/td>\n<td><strong><img data-recalc-dims=\"1\" loading=\"lazy\" decoding=\"async\" src=\"https:\/\/i0.wp.com\/www.antstore.net\/shop\/images\/icons\/ants\/entwicklung.jpg?resize=30%2C30&#038;ssl=1\" alt=\"\" width=\"30\" height=\"30\" \/><\/strong><\/td>\n<td><strong>Sutuoktuvinis skrydis:\u00a0 <\/strong>\u0161iltomis rugpj\u016b\u010dio-rugs\u0117jo m\u0117nesio dienomis nuo 15:00 iki 22:00 val.<br \/>\n<strong>Fondas:\u00a0 <\/strong>pusiau pilvin\u0117 (motin\u0117l\u0117 renka maist\u0105) arba i\u0161 kiau\u0161inio \u012f suaugus\u012f darbinink\u0105 apie 6 savaites (priklausomai nuo temperat\u016bros).<br \/>\n<strong>Kolonijos dydis: <\/strong>keli 1000 asmen\u0173<\/td>\n<\/tr>\n<tr>\n<td><strong>Kiekis:<\/strong><\/td>\n<td><img data-recalc-dims=\"1\" loading=\"lazy\" decoding=\"async\" src=\"https:\/\/i0.wp.com\/www.antstore.net\/shop\/images\/icons\/ants\/menge.jpg?resize=30%2C30&#038;ssl=1\" alt=\"\" width=\"30\" height=\"30\" \/><\/td>\n<td>viena apvaisinta motin\u0117l\u0117 su darbinink\u0117mis (\u017er. atrank\u0105); jaunikliai (priklausomai nuo sezono ir i\u0161sivystymo)<\/td>\n<\/tr>\n<tr>\n<td><strong>Interneto nuorodos:<\/strong><\/td>\n<td><a href=\"http:\/\/www.antstore.net\/viewforum.php?f=9\"><span style=\"color: #0000ff;\"><img data-recalc-dims=\"1\" loading=\"lazy\" decoding=\"async\" src=\"https:\/\/i0.wp.com\/www.antstore.net\/shop\/images\/icons\/ants\/weblinks.jpg?resize=30%2C30&#038;ssl=1\" alt=\"\" width=\"30\" height=\"30\" \/><\/span><\/a><\/td>\n<td><a href=\"http:\/\/www.antstore.net\/viewforum.php?f=124\"><span style=\"color: #0000ff;\">- Forumas<\/span><\/a><\/p>\n<p><span style=\"color: #0000ff;\"><a href=\"http:\/\/www.antweb.org\/description.do?name=mimicus&amp;genus=myrmecocystus&amp;rank=species&amp;project=bajaants\">- \u0160altinio nuoroda<\/a><\/span><\/td>\n<\/tr>\n<\/tbody>\n<\/table>\n<p>&nbsp;<\/p>","protected":false},"excerpt":{"rendered":"<p>1 lygio i\u0161laikymas<br \/>\nDydis:<span style=\"color: #000000;\"> <strong>S <\/strong><strong>&#8211;<\/strong>\u00a0<strong><span style=\"color: #339966;\">M<\/span><\/strong><\/span><\/p>","protected":false},"featured_media":3318,"comment_status":"open","ping_status":"closed","template":"","meta":{"_acf_changed":false,"content-type":"","_monsterinsights_skip_tracking":false,"_monsterinsights_sitenote_active":false,"_monsterinsights_sitenote_note":"","_monsterinsights_sitenote_category":0},"product_brand":[],"product_cat":[107,112,108,109],"product_tag":[],"class_list":{"0":"post-3276","1":"product","2":"type-product","3":"status-publish","4":"has-post-thumbnail","6":"product_cat-ants","7":"product_cat-asia","8":"product_cat-northern-europe","9":"product_cat-southern-europe","11":"first","12":"instock","13":"product-type-external"},"acf":[],"aioseo_notices":[],"jetpack_sharing_enabled":true,"_links":{"self":[{"href":"https:\/\/antcube.shop\/lt\/wp-json\/wp\/v2\/product\/3276","targetHints":{"allow":["GET"]}}],"collection":[{"href":"https:\/\/antcube.shop\/lt\/wp-json\/wp\/v2\/product"}],"about":[{"href":"https:\/\/antcube.shop\/lt\/wp-json\/wp\/v2\/types\/product"}],"replies":[{"embeddable":true,"href":"https:\/\/antcube.shop\/lt\/wp-json\/wp\/v2\/comments?post=3276"}],"wp:featuredmedia":[{"embeddable":true,"href":"https:\/\/antcube.shop\/lt\/wp-json\/wp\/v2\/media\/3318"}],"wp:attachment":[{"href":"https:\/\/antcube.shop\/lt\/wp-json\/wp\/v2\/media?parent=3276"}],"wp:term":[{"taxonomy":"product_brand","embeddable":true,"href":"https:\/\/antcube.shop\/lt\/wp-json\/wp\/v2\/product_brand?post=3276"},{"taxonomy":"product_cat","embeddable":true,"href":"https:\/\/antcube.shop\/lt\/wp-json\/wp\/v2\/product_cat?post=3276"},{"taxonomy":"product_tag","embeddable":true,"href":"https:\/\/antcube.shop\/lt\/wp-json\/wp\/v2\/product_tag?post=3276"}],"curies":[{"name":"wp","href":"https:\/\/api.w.org\/{rel}","templated":true}]}}