{"id":3275,"date":"2021-11-10T13:27:10","date_gmt":"2021-11-10T12:27:10","guid":{"rendered":"https:\/\/antcube.shop\/produkt\/temnothorax-nylanderi\/"},"modified":"2021-11-24T11:48:34","modified_gmt":"2021-11-24T10:48:34","slug":"temnothorax-nylanderi","status":"publish","type":"product","link":"https:\/\/antcube.shop\/lt\/produktas\/temnothorax-nylanderi\/","title":{"rendered":"Temnothorax nylanderi"},"content":{"rendered":"<p>&nbsp;<\/p>\n<table border=\"1\" cellspacing=\"1\" cellpadding=\"1\">\n<tbody>\n<tr>\n<td><strong>Lat. Pavadinimas:<\/strong><\/td>\n<td><strong><img data-recalc-dims=\"1\" loading=\"lazy\" decoding=\"async\" src=\"https:\/\/i0.wp.com\/www.antstore.net\/shop\/images\/icons\/ants\/lateinname.jpg?resize=30%2C30&#038;ssl=1\" alt=\"\" width=\"30\" height=\"30\" \/><\/strong><\/td>\n<td>Temnothorax nylanderi<\/td>\n<\/tr>\n<tr>\n<td><strong>Bendrasis pavadinimas<\/strong>:<\/td>\n<td><strong><img data-recalc-dims=\"1\" loading=\"lazy\" decoding=\"async\" src=\"https:\/\/i0.wp.com\/www.antstore.net\/shop\/images\/icons\/ants\/trivialname.jpg?resize=30%2C30&#038;ssl=1\" alt=\"\" width=\"30\" height=\"30\" \/><\/strong><\/td>\n<td><\/td>\n<\/tr>\n<tr>\n<td><strong>Taksonomija:<\/strong><\/td>\n<td><strong><img data-recalc-dims=\"1\" loading=\"lazy\" decoding=\"async\" src=\"https:\/\/i0.wp.com\/www.antstore.net\/shop\/images\/icons\/ants\/taxonomie.jpg?resize=30%2C30&#038;ssl=1\" alt=\"\" width=\"30\" height=\"30\" \/><\/strong><\/td>\n<td><strong>Po\u0161eimis: <\/strong>Myrmicinae\u00a0 <strong>Tribus: <\/strong>Formicoxenini<\/td>\n<\/tr>\n<tr>\n<td><strong>I\u0161laikyti lyg\u012f:<\/strong><\/td>\n<td><strong><img data-recalc-dims=\"1\" loading=\"lazy\" decoding=\"async\" src=\"https:\/\/i0.wp.com\/www.antstore.net\/shop\/images\/icons\/ants\/haltungsklasse.jpg?resize=30%2C30&#038;ssl=1\" alt=\"\" width=\"30\" height=\"30\" \/><\/strong><\/td>\n<td><strong>(1)<\/strong> tinka pradedantiesiems<\/td>\n<\/tr>\n<tr>\n<td><strong>Pasiskirstymas:<\/strong><\/td>\n<td><strong><img data-recalc-dims=\"1\" loading=\"lazy\" decoding=\"async\" src=\"https:\/\/i0.wp.com\/www.antstore.net\/shop\/images\/icons\/ants\/verbreitung.jpg?resize=30%2C30&#038;ssl=1\" alt=\"\" width=\"30\" height=\"30\" \/><\/strong><\/td>\n<td>vakarinis tipas: i\u0161ilgai linijos \u0160verinas-Magdeburgas-Hal\u0117-Leipcigas<\/td>\n<\/tr>\n<tr>\n<td><strong>Buvein\u0117:<\/strong><\/td>\n<td><strong><img data-recalc-dims=\"1\" loading=\"lazy\" decoding=\"async\" src=\"https:\/\/i0.wp.com\/www.antstore.net\/shop\/images\/icons\/ants\/habitat.jpg?resize=30%2C30&#038;ssl=1\" alt=\"\" width=\"30\" height=\"30\" \/><\/strong><\/td>\n<td>Spygliuo\u010di\u0173 ir mi\u0161r\u016bs spygliuo\u010di\u0173 ir lapuo\u010di\u0173 mi\u0161kai, vidutini\u0161kai dr\u0117gni<\/td>\n<\/tr>\n<tr>\n<td><strong>Kolonijos forma:<\/strong><\/td>\n<td><strong><img data-recalc-dims=\"1\" loading=\"lazy\" decoding=\"async\" src=\"https:\/\/i0.wp.com\/www.antstore.net\/shop\/images\/icons\/ants\/Kolonieform.jpg?resize=30%2C30&#038;ssl=1\" alt=\"\" width=\"30\" height=\"30\" \/><\/strong><\/td>\n<td>monogyn<\/td>\n<\/tr>\n<tr>\n<td><strong>Karalien\u0117:<\/strong><\/td>\n<td><strong><img data-recalc-dims=\"1\" loading=\"lazy\" decoding=\"async\" src=\"https:\/\/i0.wp.com\/www.antstore.net\/shop\/images\/icons\/ants\/koenigin.jpg?resize=30%2C30&#038;ssl=1\" alt=\"\" width=\"30\" height=\"30\" \/><\/strong><\/td>\n<td><strong>Dydis:<\/strong> 4 - 5 mm <strong>Spalva: <\/strong>nuo geltonos iki gelsvai rudos spalvos, galva ir gasteris tamsiai rudi<\/td>\n<\/tr>\n<tr>\n<td><strong>Darbuotojas:<\/strong><\/td>\n<td><img data-recalc-dims=\"1\" loading=\"lazy\" decoding=\"async\" src=\"https:\/\/i0.wp.com\/www.antstore.net\/shop\/images\/icons\/ants\/arbeiterin.jpg?resize=30%2C30&#038;ssl=1\" alt=\"\" width=\"30\" height=\"30\" \/><\/td>\n<td><strong>Dydis: <\/strong>2,3- 3,5 mm <strong>Spalva: <\/strong>nuo geltonos iki gelsvai rudos spalvos, galva ir gasteris tamsiai rudi<\/td>\n<\/tr>\n<tr>\n<td><strong>Kareivis:<\/strong><\/td>\n<td><img data-recalc-dims=\"1\" loading=\"lazy\" decoding=\"async\" src=\"https:\/\/i0.wp.com\/www.antstore.net\/shop\/images\/icons\/ants\/soldaten.jpg?resize=30%2C30&#038;ssl=1\" alt=\"\" width=\"30\" height=\"30\" \/><\/td>\n<td>n\u0117ra<\/td>\n<\/tr>\n<tr>\n<td><strong>Vyras:<\/strong><\/td>\n<td><img data-recalc-dims=\"1\" loading=\"lazy\" decoding=\"async\" src=\"https:\/\/i0.wp.com\/www.antstore.net\/shop\/images\/icons\/ants\/maennchen.jpg?resize=30%2C30&#038;ssl=1\" alt=\"\" width=\"30\" height=\"30\" \/><\/td>\n<td><strong>Dydis:<\/strong> 2,5-3,2 mm <strong>Spalva: <\/strong>kaip karalien\u0117<\/td>\n<\/tr>\n<tr>\n<td><strong>Maistas:<\/strong><\/td>\n<td><img data-recalc-dims=\"1\" loading=\"lazy\" decoding=\"async\" src=\"https:\/\/i0.wp.com\/www.antstore.net\/shop\/images\/icons\/ants\/nahrung.jpg?resize=30%2C30&#038;ssl=1\" alt=\"\" width=\"30\" height=\"30\" \/><\/td>\n<td>Medaus tirpalas, cukraus tirpalas, vabzd\u017eiai, pvz., porakanopiai vabzd\u017eiai, tokie kaip mus\u0117s, uodai<\/td>\n<\/tr>\n<tr>\n<td><strong>Dr\u0117gm\u0117:<\/strong><\/td>\n<td><strong><img data-recalc-dims=\"1\" loading=\"lazy\" decoding=\"async\" src=\"https:\/\/i0.wp.com\/www.antstore.net\/shop\/images\/icons\/ants\/feuchtigkeit.jpg?resize=30%2C30&#038;ssl=1\" alt=\"\" width=\"30\" height=\"30\" \/><\/strong><\/td>\n<td><strong>Arena:<\/strong> 30 &#8211; 50% <strong>Lizdo plotas: <\/strong>50 &#8211; 60%<\/td>\n<\/tr>\n<tr>\n<td><strong>Temperat\u016bra:<\/strong><\/td>\n<td><strong><img data-recalc-dims=\"1\" loading=\"lazy\" decoding=\"async\" src=\"https:\/\/i0.wp.com\/www.antstore.net\/shop\/images\/icons\/ants\/temperatur.jpg?resize=30%2C30&#038;ssl=1\" alt=\"\" width=\"30\" height=\"30\" \/><\/strong><\/td>\n<td><strong>Arena:<\/strong> 18 - 28\u00b0C <strong>Lizdo plotas: <\/strong>21- 24\u00b0C<\/td>\n<\/tr>\n<tr>\n<td><strong>Hibernacija:<\/strong><\/td>\n<td><img data-recalc-dims=\"1\" loading=\"lazy\" decoding=\"async\" src=\"https:\/\/i0.wp.com\/www.antstore.net\/shop\/images\/icons\/ants\/winterruhe.jpg?resize=30%2C30&#038;ssl=1\" alt=\"\" width=\"30\" height=\"30\" \/><\/td>\n<td>\u00a0 taip, nuo spalio pabaigos iki kovo pabaigos 5-8 \u00b0C<\/td>\n<\/tr>\n<tr>\n<td><strong>Lizdo tipas:<\/strong><\/td>\n<td><\/td>\n<td>naudojasi ma\u017eomis buvein\u0117mis, pavyzd\u017eiui, gil\u0117s, lazdos, taip pat po \u017eieve ar negyva mediena.<\/td>\n<\/tr>\n<tr>\n<td><strong>Formicarium tipas:<\/strong><\/td>\n<td><img data-recalc-dims=\"1\" loading=\"lazy\" decoding=\"async\" src=\"https:\/\/i0.wp.com\/www.antstore.net\/shop\/images\/icons\/ants\/formicarienart.jpg?resize=30%2C30&#038;ssl=1\" alt=\"\" width=\"30\" height=\"30\" \/><\/td>\n<td>\u00a0ma\u017eas formikariumas su kam\u0161tiniu lizdu<\/td>\n<\/tr>\n<tr>\n<td><strong>Formikariumo dydis:<\/strong><\/td>\n<td><strong><img data-recalc-dims=\"1\" loading=\"lazy\" decoding=\"async\" src=\"https:\/\/i0.wp.com\/www.antstore.net\/shop\/images\/icons\/ants\/formicariengroesse.jpg?resize=30%2C30&#038;ssl=1\" alt=\"\" width=\"30\" height=\"30\" \/><\/strong><\/td>\n<td><strong>Dydis:<\/strong><span style=\"color: #000000;\"> <strong>S<\/strong><\/span><\/td>\n<\/tr>\n<tr>\n<td><strong>Substratas:<\/strong><\/td>\n<td><strong><img data-recalc-dims=\"1\" loading=\"lazy\" decoding=\"async\" src=\"https:\/\/i0.wp.com\/www.antstore.net\/shop\/images\/icons\/ants\/substrat.jpg?resize=30%2C30&#038;ssl=1\" alt=\"\" width=\"30\" height=\"30\" \/><\/strong><\/td>\n<td><strong>\u016akis:<\/strong> Kork, Weichholz <strong>Arena: <\/strong>Sand-Lehm<\/td>\n<\/tr>\n<tr>\n<td><strong>Sodinimas:<\/strong><\/td>\n<td><img data-recalc-dims=\"1\" loading=\"lazy\" decoding=\"async\" src=\"https:\/\/i0.wp.com\/www.antstore.net\/shop\/images\/icons\/ants\/bepflanzung.jpg?resize=30%2C30&#038;ssl=1\" alt=\"\" width=\"30\" height=\"30\" \/><\/td>\n<td>neb\u016btina<\/td>\n<\/tr>\n<tr>\n<td><strong>Apdaila:<\/strong><\/td>\n<td><img data-recalc-dims=\"1\" loading=\"lazy\" decoding=\"async\" src=\"https:\/\/i0.wp.com\/www.antstore.net\/shop\/images\/icons\/ants\/dekoration.jpg?resize=30%2C30&#038;ssl=1\" alt=\"\" width=\"30\" height=\"30\" \/><\/td>\n<td>\u0160akos, \u0161aknys, spygliai, gil\u0117s, lap\u0173 paklot\u0117<\/td>\n<\/tr>\n<tr>\n<td><strong>Apra\u0161ymas:<\/strong><\/td>\n<td><img data-recalc-dims=\"1\" loading=\"lazy\" decoding=\"async\" src=\"https:\/\/i0.wp.com\/www.antstore.net\/shop\/images\/icons\/ants\/beschreibung.jpg?resize=30%2C30&#038;ssl=1\" alt=\"\" width=\"30\" height=\"30\" \/><\/td>\n<td>Labai ma\u017eos, \u012fdomios skruzd\u0117l\u0117s. Kolonijos dydis paprastai ne didesnis kaip 200 darbinink\u0173. Visa kolonija da\u017enai gyvena gil\u0117s ar \u017eiev\u0117s gabal\u0117lyje. Labai aktyvios ir gra\u017eios pa\u017ei\u016br\u0117ti. Vengia konflikt\u0173 su kitomis skruzd\u0117l\u0117mis, tod\u0117l labai gerai socializuojasi su kitomis didesn\u0117mis r\u016b\u0161imis. D\u0117mesio: Kadangi Temnothorax gyvena tiesiai ant \u017eem\u0117s, kolonijai reikia kasdien keisti temperat\u016br\u0105. Svarbu gana tikrovi\u0161kai pavaizduoti dienos ir nakties temperat\u016br\u0105, taip pat vasar\u0105 ir \u017eiem\u0105.<br \/>\nLabai atsparus \u0161al\u010diui! Temnothorax galima laikyti lauke arba \u017eiemoti be joki\u0173 problem\u0173 ar atsargumo priemoni\u0173.<\/td>\n<\/tr>\n<tr>\n<td><strong>Pl\u0117tra:<\/strong><\/td>\n<td><strong><img data-recalc-dims=\"1\" loading=\"lazy\" decoding=\"async\" src=\"https:\/\/i0.wp.com\/www.antstore.net\/shop\/images\/icons\/ants\/entwicklung.jpg?resize=30%2C30&#038;ssl=1\" alt=\"\" width=\"30\" height=\"30\" \/><\/strong><\/td>\n<td><strong>Sutuoktuvinis skrydis: <\/strong>nuo liepos vidurio iki rugs\u0117jo pabaigos \u0161iltais vasaros vakarais<br \/>\n<strong>Fondas: <\/strong>erfolgt claustral (ohne F\u00fctterung) aber auch Pleometrose oder Adoption sind m\u00f6glich.<br \/>\n<strong>Kolonijos dydis:\u00a0 <\/strong>retai iki 100 darbuotoj\u0173 iki 19 met\u0173<\/td>\n<\/tr>\n<tr>\n<td><strong>Kiekis:<\/strong><\/td>\n<td><img data-recalc-dims=\"1\" loading=\"lazy\" decoding=\"async\" src=\"https:\/\/i0.wp.com\/www.antstore.net\/shop\/images\/icons\/ants\/menge.jpg?resize=30%2C30&#038;ssl=1\" alt=\"\" width=\"30\" height=\"30\" \/><\/td>\n<td>susiporavusi motin\u0117l\u0117 ir darbinink\u0117s (\u017er. atrank\u0105); jaunikliai (priklauso nuo sezono ir i\u0161sivystymo).<\/td>\n<\/tr>\n<tr>\n<td><strong>Interneto nuorodos:<\/strong><\/td>\n<td><a href=\"http:\/\/www.antstore.net\/viewforum.php?f=9\"><span style=\"color: #0000ff;\"><img data-recalc-dims=\"1\" loading=\"lazy\" decoding=\"async\" src=\"https:\/\/i0.wp.com\/www.antstore.net\/shop\/images\/icons\/ants\/weblinks.jpg?resize=30%2C30&#038;ssl=1\" alt=\"\" width=\"30\" height=\"30\" \/><\/span><\/a><\/td>\n<td><a href=\"http:\/\/www.antstore.net\/viewforum.php?f=124\"><span style=\"color: #0000ff;\">- Forumas<\/span><\/a><\/p>\n<p><span style=\"color: #0000ff;\"><a href=\"http:\/\/www.antweb.org\/description.do?name=mimicus&amp;genus=myrmecocystus&amp;rank=species&amp;project=bajaants\">- \u0160altinio nuoroda<\/a><\/span><\/td>\n<\/tr>\n<\/tbody>\n<\/table>\n<p>&nbsp;<\/p>","protected":false},"excerpt":{"rendered":"<p>1 laikymo lygis - labai ma\u017eos r\u016b\u0161ys<br \/>\nDydis:<span style=\"color: #000000;\"> <strong>S<\/strong><\/span><\/p>","protected":false},"featured_media":3310,"comment_status":"open","ping_status":"closed","template":"","meta":{"_acf_changed":false,"content-type":"","_monsterinsights_skip_tracking":false,"_monsterinsights_sitenote_active":false,"_monsterinsights_sitenote_note":"","_monsterinsights_sitenote_category":0},"product_brand":[],"product_cat":[107,108,109],"product_tag":[],"class_list":{"0":"post-3275","1":"product","2":"type-product","3":"status-publish","4":"has-post-thumbnail","6":"product_cat-ants","7":"product_cat-northern-europe","8":"product_cat-southern-europe","10":"first","11":"instock","12":"product-type-external"},"acf":[],"aioseo_notices":[],"jetpack_sharing_enabled":true,"_links":{"self":[{"href":"https:\/\/antcube.shop\/lt\/wp-json\/wp\/v2\/product\/3275","targetHints":{"allow":["GET"]}}],"collection":[{"href":"https:\/\/antcube.shop\/lt\/wp-json\/wp\/v2\/product"}],"about":[{"href":"https:\/\/antcube.shop\/lt\/wp-json\/wp\/v2\/types\/product"}],"replies":[{"embeddable":true,"href":"https:\/\/antcube.shop\/lt\/wp-json\/wp\/v2\/comments?post=3275"}],"wp:featuredmedia":[{"embeddable":true,"href":"https:\/\/antcube.shop\/lt\/wp-json\/wp\/v2\/media\/3310"}],"wp:attachment":[{"href":"https:\/\/antcube.shop\/lt\/wp-json\/wp\/v2\/media?parent=3275"}],"wp:term":[{"taxonomy":"product_brand","embeddable":true,"href":"https:\/\/antcube.shop\/lt\/wp-json\/wp\/v2\/product_brand?post=3275"},{"taxonomy":"product_cat","embeddable":true,"href":"https:\/\/antcube.shop\/lt\/wp-json\/wp\/v2\/product_cat?post=3275"},{"taxonomy":"product_tag","embeddable":true,"href":"https:\/\/antcube.shop\/lt\/wp-json\/wp\/v2\/product_tag?post=3275"}],"curies":[{"name":"wp","href":"https:\/\/api.w.org\/{rel}","templated":true}]}}