{"id":3169,"date":"2021-11-08T10:47:59","date_gmt":"2021-11-08T09:47:59","guid":{"rendered":"https:\/\/antcube.shop\/produkt\/fuhrungsleisten-l-20-2-st\/"},"modified":"2026-04-09T15:19:10","modified_gmt":"2026-04-09T13:19:10","slug":"guide-rails-l-20-2-pcs","status":"publish","type":"product","link":"https:\/\/antcube.shop\/lt\/produktas\/guide-rails-l-20-2-pcs\/","title":{"rendered":"Kreipiamieji b\u0117giai L 20 - 2 vnt."},"content":{"rendered":"<p><strong>Matmenys:<\/strong> 4x20x160 mm<\/p>\n<p><strong>Turinys:<\/strong> 2x kreipiamasis b\u0117gis<\/p>\n<p><strong>Med\u017eiaga:<\/strong> PMMA<\/p>\n<p><strong>Spalva:<\/strong> ai\u0161kus, skaidrus<\/p>\n<p><strong>Apra\u0161ymas:<\/strong> Naudojant kreipian\u010di\u0105sias b\u0117gelius galima tiksliai \u012fstatyti lizd\u0173 \u012fd\u0117klus ir (arba) lizd\u0173 plok\u0161tes \u012f kombinuot\u0105sias arenas arba sienines fermas, kuri\u0173 lizdo plotis L arba 20 mm.<\/p>","protected":false},"excerpt":{"rendered":"<p>Kam\u0161tiniams ir gipsiniams\/ gipsiniams lizdams, kai jie dedami \u012f ANTCUBE combi<\/p>","protected":false},"featured_media":2994,"comment_status":"open","ping_status":"closed","template":"","meta":{"_acf_changed":false,"content-type":"","_monsterinsights_skip_tracking":false,"_monsterinsights_sitenote_active":false,"_monsterinsights_sitenote_note":"","_monsterinsights_sitenote_category":0},"product_brand":[],"product_cat":[119,239],"product_tag":[],"class_list":{"0":"post-3169","1":"product","2":"type-product","3":"status-publish","4":"has-post-thumbnail","6":"product_cat-formicarium-components","7":"product_cat-useful-additions","9":"first","10":"instock","11":"taxable","12":"shipping-taxable","13":"purchasable","14":"product-type-simple"},"acf":[],"aioseo_notices":[],"jetpack_sharing_enabled":true,"_links":{"self":[{"href":"https:\/\/antcube.shop\/lt\/wp-json\/wp\/v2\/product\/3169","targetHints":{"allow":["GET"]}}],"collection":[{"href":"https:\/\/antcube.shop\/lt\/wp-json\/wp\/v2\/product"}],"about":[{"href":"https:\/\/antcube.shop\/lt\/wp-json\/wp\/v2\/types\/product"}],"replies":[{"embeddable":true,"href":"https:\/\/antcube.shop\/lt\/wp-json\/wp\/v2\/comments?post=3169"}],"wp:featuredmedia":[{"embeddable":true,"href":"https:\/\/antcube.shop\/lt\/wp-json\/wp\/v2\/media\/2994"}],"wp:attachment":[{"href":"https:\/\/antcube.shop\/lt\/wp-json\/wp\/v2\/media?parent=3169"}],"wp:term":[{"taxonomy":"product_brand","embeddable":true,"href":"https:\/\/antcube.shop\/lt\/wp-json\/wp\/v2\/product_brand?post=3169"},{"taxonomy":"product_cat","embeddable":true,"href":"https:\/\/antcube.shop\/lt\/wp-json\/wp\/v2\/product_cat?post=3169"},{"taxonomy":"product_tag","embeddable":true,"href":"https:\/\/antcube.shop\/lt\/wp-json\/wp\/v2\/product_tag?post=3169"}],"curies":[{"name":"wp","href":"https:\/\/api.w.org\/{rel}","templated":true}]}}