{"id":3168,"date":"2021-11-08T10:47:51","date_gmt":"2021-11-08T09:47:51","guid":{"rendered":"https:\/\/antcube.shop\/produkt\/glaswanne-20x20\/"},"modified":"2026-04-05T23:53:13","modified_gmt":"2026-04-05T21:53:13","slug":"stiklinis-vamzdis-20x20","status":"publish","type":"product","link":"https:\/\/antcube.shop\/lt\/produktas\/stiklinis-vamzdis-20x20\/","title":{"rendered":"Stiklin\u0117 vonia 20\u00d720"},"content":{"rendered":"<p><strong>Matmenys:<\/strong> 22 x 22 x 2 cm<br \/>\n<strong>Vidaus matmenys:<\/strong> 21 x 21 x 1,6 cm<\/p>\n<p><strong>Turinys:<\/strong><br \/>\n1x kubilas 22x22x2 cm, pagamintas i\u0161 4 mm flotacinio stiklo.<\/p>\n<p><strong>Apra\u0161ymas:<\/strong><br \/>\nStiklinis kubilas neturi skyli\u0173, yra suklijuotas vandeniui, tod\u0117l gali b\u016bti pripildytas vandens. Jis skirtas m\u016bs\u0173 Ytong lizdams skruzd\u0117l\u0117ms. Juos galima lengvai laistyti ir perkelti, kad vanduo nepatekt\u0173 ant pagrindo pavir\u0161iaus (stalo, spintel\u0117s ir pan.) ir \u0161iurk\u0161tus Ytong lizdas nesubrai\u017eyt\u0173 pagrindo pavir\u0161i\u0173. Pasirinktinai \u012fvairius lizdus galima pastatyti centre kaip sal\u0105.<\/p>","protected":false},"excerpt":{"rendered":"<p>Stiklinis kubilas m\u016bs\u0173 \"Ytong\" lizdui 20\u00d720<\/p>","protected":false},"featured_media":3005,"comment_status":"open","ping_status":"closed","template":"","meta":{"_acf_changed":false,"content-type":"","_monsterinsights_skip_tracking":false,"_monsterinsights_sitenote_active":false,"_monsterinsights_sitenote_note":"","_monsterinsights_sitenote_category":0},"product_brand":[],"product_cat":[119,239],"product_tag":[],"class_list":{"0":"post-3168","1":"product","2":"type-product","3":"status-publish","4":"has-post-thumbnail","6":"product_cat-formicarium-components","7":"product_cat-useful-additions","9":"first","10":"instock","11":"taxable","12":"shipping-taxable","13":"purchasable","14":"product-type-simple"},"acf":[],"aioseo_notices":[],"jetpack_sharing_enabled":true,"_links":{"self":[{"href":"https:\/\/antcube.shop\/lt\/wp-json\/wp\/v2\/product\/3168","targetHints":{"allow":["GET"]}}],"collection":[{"href":"https:\/\/antcube.shop\/lt\/wp-json\/wp\/v2\/product"}],"about":[{"href":"https:\/\/antcube.shop\/lt\/wp-json\/wp\/v2\/types\/product"}],"replies":[{"embeddable":true,"href":"https:\/\/antcube.shop\/lt\/wp-json\/wp\/v2\/comments?post=3168"}],"wp:featuredmedia":[{"embeddable":true,"href":"https:\/\/antcube.shop\/lt\/wp-json\/wp\/v2\/media\/3005"}],"wp:attachment":[{"href":"https:\/\/antcube.shop\/lt\/wp-json\/wp\/v2\/media?parent=3168"}],"wp:term":[{"taxonomy":"product_brand","embeddable":true,"href":"https:\/\/antcube.shop\/lt\/wp-json\/wp\/v2\/product_brand?post=3168"},{"taxonomy":"product_cat","embeddable":true,"href":"https:\/\/antcube.shop\/lt\/wp-json\/wp\/v2\/product_cat?post=3168"},{"taxonomy":"product_tag","embeddable":true,"href":"https:\/\/antcube.shop\/lt\/wp-json\/wp\/v2\/product_tag?post=3168"}],"curies":[{"name":"wp","href":"https:\/\/api.w.org\/{rel}","templated":true}]}}