{"id":3166,"date":"2021-11-08T10:47:34","date_gmt":"2021-11-08T09:47:34","guid":{"rendered":"https:\/\/antcube.shop\/produkt\/fotoruckwand-wiese-20x20-cube\/"},"modified":"2026-04-05T10:26:19","modified_gmt":"2026-04-05T08:26:19","slug":"nuotrauka-uzpakaline-siena-pieva-20x20-kubas","status":"publish","type":"product","link":"https:\/\/antcube.shop\/lt\/produktas\/nuotrauka-uzpakaline-siena-pieva-20x20-kubas\/","title":{"rendered":"Nuotrauk\u0173 nugar\u0117l\u0117 - Pieva - 20\u00d720 - Kubas"},"content":{"rendered":"<p><strong>Matmenys:<\/strong> 20x20 cm<\/p>\n<p><strong>Med\u017eiaga:<\/strong> Blizgus folijos popierius<\/p>\n<p><strong>Turinys:<\/strong> 1x nuotrauk\u0173 galin\u0117 sienel\u0117<\/p>\n<p><strong>Apra\u0161ymas:<\/strong> \u0160i fotosienel\u0117 priklijuojama prie formikariumo nugar\u0117l\u0117s i\u0161 i\u0161or\u0117s, kad sudaryt\u0173 nat\u016brali\u0105 skruzd\u0117li\u0173 buvein\u0119 atitinkan\u010dios aplinkos \u012fsp\u016bd\u012f.<\/p>","protected":false},"excerpt":{"rendered":"<p>Matmenys: Med\u017eiaga: Med\u017eiaga: blizgus folijos popierius: Sud\u0117tis: 1x foto nugar\u0117l\u0117 Apra\u0161ymas: \u0160i foto sienel\u0117 klijuojama prie formikariumo nugar\u0117l\u0117s i\u0161 i\u0161or\u0117s, kad sudaryt\u0173 nat\u016brali\u0105 skruzd\u0117li\u0173 buvein\u0119 atitinkan\u010dios aplinkos \u012fsp\u016bd\u012f.<\/p>","protected":false},"featured_media":3134,"comment_status":"open","ping_status":"closed","template":"","meta":{"_acf_changed":false,"content-type":"","_monsterinsights_skip_tracking":false,"_monsterinsights_sitenote_active":false,"_monsterinsights_sitenote_note":"","_monsterinsights_sitenote_category":0},"product_brand":[],"product_cat":[97,103],"product_tag":[],"class_list":{"0":"post-3166","1":"product","2":"type-product","3":"status-publish","4":"has-post-thumbnail","6":"product_cat-photo-backwalls","7":"product_cat-meadow-photo-backwall","9":"first","10":"instock","11":"taxable","12":"shipping-taxable","13":"purchasable","14":"product-type-simple"},"acf":[],"aioseo_notices":[],"jetpack_sharing_enabled":true,"_links":{"self":[{"href":"https:\/\/antcube.shop\/lt\/wp-json\/wp\/v2\/product\/3166","targetHints":{"allow":["GET"]}}],"collection":[{"href":"https:\/\/antcube.shop\/lt\/wp-json\/wp\/v2\/product"}],"about":[{"href":"https:\/\/antcube.shop\/lt\/wp-json\/wp\/v2\/types\/product"}],"replies":[{"embeddable":true,"href":"https:\/\/antcube.shop\/lt\/wp-json\/wp\/v2\/comments?post=3166"}],"wp:featuredmedia":[{"embeddable":true,"href":"https:\/\/antcube.shop\/lt\/wp-json\/wp\/v2\/media\/3134"}],"wp:attachment":[{"href":"https:\/\/antcube.shop\/lt\/wp-json\/wp\/v2\/media?parent=3166"}],"wp:term":[{"taxonomy":"product_brand","embeddable":true,"href":"https:\/\/antcube.shop\/lt\/wp-json\/wp\/v2\/product_brand?post=3166"},{"taxonomy":"product_cat","embeddable":true,"href":"https:\/\/antcube.shop\/lt\/wp-json\/wp\/v2\/product_cat?post=3166"},{"taxonomy":"product_tag","embeddable":true,"href":"https:\/\/antcube.shop\/lt\/wp-json\/wp\/v2\/product_tag?post=3166"}],"curies":[{"name":"wp","href":"https:\/\/api.w.org\/{rel}","templated":true}]}}