{"id":3162,"date":"2021-11-08T10:46:52","date_gmt":"2021-11-08T09:46:52","guid":{"rendered":"https:\/\/antcube.shop\/produkt\/antcube-eck-plattform-8x8-magnet\/"},"modified":"2026-04-20T16:40:41","modified_gmt":"2026-04-20T14:40:41","slug":"antcube-corner-platform-8x8-magnetic","status":"publish","type":"product","link":"https:\/\/antcube.shop\/lt\/produktas\/antcube-corner-platform-8x8-magnetic\/","title":{"rendered":"ANTCUBE kampin\u0117 platforma 8\u00d78 - magnetin\u0117"},"content":{"rendered":"<p><strong>Matmenys:<\/strong> 80 x 80 x 22 mm<\/p>\n<p><strong>Med\u017eiaga:<\/strong> akrilo stiklas<\/p>\n<p><strong>Spalva:<\/strong> skaidrus<\/p>\n<p><strong>Turinys:<\/strong> 1 vnt. (3 dalys)<\/p>\n<p><strong>Apra\u0161ymas:<\/strong><br \/>\nANTCUBE kampin\u0119 platform\u0105 8\u00d78 - magnetin\u0119 galima pritvirtinti bet kuriame formikariume magnet\u0173 pagalba. Ji ypa\u010d tinka auk\u0161tesniuose ANTCUBE formikariumuose, kad ant jos b\u016bt\u0173 galima pastatyti maitintuves, duben\u0117lius ar gertuves.<br \/>\nANTCUBE kampin\u0119 platform\u0105 8\u00d78 - magnetin\u0119 galima perkelti \u012f norim\u0105 auk\u0161t\u012f ar gyl\u012f, pritvirtinus j\u0105 i\u0161 i\u0161or\u0117s magnetais.<\/p>\n<p><strong>Prane\u0161imas:<\/strong><br \/>\nD\u0117l gamybos proceso ant magneto dali\u0173 gali b\u016bti nedideli\u0173 ar vidutini\u0173 \u012ftr\u016bkim\u0173.<\/p>\n<p>&nbsp;<\/p>","protected":false},"excerpt":{"rendered":"<p>Matmenys: Med\u017eiaga: akrilinis stiklas Spalva: skaidri Turinys: 1 vnt. (3 dalys) Apra\u0161ymas: ANTCUBE kampin\u0119 platform\u0105 8x8 - magnetin\u0119 galima pritvirtinti bet kuriame formikariume magnet\u0173 pagalba. Ji ypa\u010d tinka m\u016bs\u0173 auk\u0161tesniuose ANTCUBE formikariumuose, kad ant jos b\u016bt\u0173 galima pastatyti maitintuves, duben\u0117lius ar gertuves. .","protected":false},"featured_media":3140,"comment_status":"open","ping_status":"closed","template":"","meta":{"_acf_changed":false,"content-type":"","_monsterinsights_skip_tracking":false,"_monsterinsights_sitenote_active":false,"_monsterinsights_sitenote_note":"","_monsterinsights_sitenote_category":0},"product_brand":[],"product_cat":[119,239],"product_tag":[],"class_list":{"0":"post-3162","1":"product","2":"type-product","3":"status-publish","4":"has-post-thumbnail","6":"product_cat-formicarium-components","7":"product_cat-useful-additions","9":"first","10":"instock","11":"taxable","12":"shipping-taxable","13":"purchasable","14":"product-type-simple"},"acf":[],"aioseo_notices":[],"jetpack_sharing_enabled":true,"_links":{"self":[{"href":"https:\/\/antcube.shop\/lt\/wp-json\/wp\/v2\/product\/3162","targetHints":{"allow":["GET"]}}],"collection":[{"href":"https:\/\/antcube.shop\/lt\/wp-json\/wp\/v2\/product"}],"about":[{"href":"https:\/\/antcube.shop\/lt\/wp-json\/wp\/v2\/types\/product"}],"replies":[{"embeddable":true,"href":"https:\/\/antcube.shop\/lt\/wp-json\/wp\/v2\/comments?post=3162"}],"wp:featuredmedia":[{"embeddable":true,"href":"https:\/\/antcube.shop\/lt\/wp-json\/wp\/v2\/media\/3140"}],"wp:attachment":[{"href":"https:\/\/antcube.shop\/lt\/wp-json\/wp\/v2\/media?parent=3162"}],"wp:term":[{"taxonomy":"product_brand","embeddable":true,"href":"https:\/\/antcube.shop\/lt\/wp-json\/wp\/v2\/product_brand?post=3162"},{"taxonomy":"product_cat","embeddable":true,"href":"https:\/\/antcube.shop\/lt\/wp-json\/wp\/v2\/product_cat?post=3162"},{"taxonomy":"product_tag","embeddable":true,"href":"https:\/\/antcube.shop\/lt\/wp-json\/wp\/v2\/product_tag?post=3162"}],"curies":[{"name":"wp","href":"https:\/\/api.w.org\/{rel}","templated":true}]}}