{"id":3161,"date":"2021-11-08T10:46:44","date_gmt":"2021-11-08T09:46:44","guid":{"rendered":"https:\/\/antcube.shop\/produkt\/malvenbluten-100g-getrocknet\/"},"modified":"2026-04-13T10:48:21","modified_gmt":"2026-04-13T08:48:21","slug":"malvenbluten-100g-getrocknet","status":"publish","type":"product","link":"https:\/\/antcube.shop\/lt\/produktas\/malvenbluten-100g-getrocknet\/","title":{"rendered":"Malv\u0173 \u017eiedai 100 g - d\u017eiovinti"},"content":{"rendered":"<p><strong>Turinys:<\/strong><br \/>\n100 g d\u017eiovint\u0173 pelyn\u0173 \u017eied\u0173<\/p>\n<p><strong>Apra\u0161ymas:<\/strong><br \/>\nMalk\u0173 \u017eiedai - grybais besidauginan\u010di\u0173 skruzd\u0117li\u0173 r\u016b\u0161i\u0173 veisimosi vieta. Tai grynai nat\u016bralus produktas.<\/p>\n<p><strong>Naudojimas:<\/strong><br \/>\nMalv\u0173 \u017eiedai = grybais besidauginan\u010dioms skruzd\u017ei\u0173 r\u016b\u0161ims.<br \/>\nSausi \u017eiedai yra tik terp\u0117 veistis lapini\u0173 skruzd\u0117li\u0173 grybeliui (patartina tuo pat metu pasi\u016blyti \u0161vie\u017ei\u0173 lap\u0173 kaip dr\u0117kinamosios priemon\u0117s).<br \/>\nTiesiog \u012fd\u0117kite maitinamas g\u0117les \u012f sauso maisto kamer\u0105.<\/p>\n<p><strong>Saugojimas:<\/strong><br \/>\nSausoje aplinkoje<\/p>\n<p><strong>Sud\u0117tyje yra:<\/strong><br \/>\n100% d\u017eiovintos medetk\u0173 g\u0117l\u0117s<\/p>","protected":false},"excerpt":{"rendered":"<p>Contents: 100g dried mallow flowers Description: Mallow flowers as a breeding ground for fungus-breeding ant species. It is a purely natural product. Usage: Mallow flowers = for fungus breeding ant species. The dry blossoms only serve as a breeding ground for the fungus of leafcutter ants (offering fresh leafs as a moisturizer at the same [&#8230;]","protected":false},"featured_media":5483,"comment_status":"open","ping_status":"closed","template":"","meta":{"_acf_changed":false,"content-type":"","_monsterinsights_skip_tracking":false,"_monsterinsights_sitenote_active":false,"_monsterinsights_sitenote_note":"","_monsterinsights_sitenote_category":0},"product_brand":[],"product_cat":[115,116],"product_tag":[],"class_list":{"0":"post-3161","1":"product","2":"type-product","3":"status-publish","4":"has-post-thumbnail","6":"product_cat-food-and-feeding","7":"product_cat-food","9":"first","10":"instock","11":"taxable","12":"shipping-taxable","13":"purchasable","14":"product-type-simple"},"acf":[],"aioseo_notices":[],"jetpack_sharing_enabled":true,"_links":{"self":[{"href":"https:\/\/antcube.shop\/lt\/wp-json\/wp\/v2\/product\/3161","targetHints":{"allow":["GET"]}}],"collection":[{"href":"https:\/\/antcube.shop\/lt\/wp-json\/wp\/v2\/product"}],"about":[{"href":"https:\/\/antcube.shop\/lt\/wp-json\/wp\/v2\/types\/product"}],"replies":[{"embeddable":true,"href":"https:\/\/antcube.shop\/lt\/wp-json\/wp\/v2\/comments?post=3161"}],"wp:featuredmedia":[{"embeddable":true,"href":"https:\/\/antcube.shop\/lt\/wp-json\/wp\/v2\/media\/5483"}],"wp:attachment":[{"href":"https:\/\/antcube.shop\/lt\/wp-json\/wp\/v2\/media?parent=3161"}],"wp:term":[{"taxonomy":"product_brand","embeddable":true,"href":"https:\/\/antcube.shop\/lt\/wp-json\/wp\/v2\/product_brand?post=3161"},{"taxonomy":"product_cat","embeddable":true,"href":"https:\/\/antcube.shop\/lt\/wp-json\/wp\/v2\/product_cat?post=3161"},{"taxonomy":"product_tag","embeddable":true,"href":"https:\/\/antcube.shop\/lt\/wp-json\/wp\/v2\/product_tag?post=3161"}],"curies":[{"name":"wp","href":"https:\/\/api.w.org\/{rel}","templated":true}]}}