{"id":3159,"date":"2021-11-08T10:46:28","date_gmt":"2021-11-08T09:46:28","guid":{"rendered":"https:\/\/antcube.shop\/produkt\/rosenblutenblatter-100g-getrocknet\/"},"modified":"2026-04-02T09:54:04","modified_gmt":"2026-04-02T07:54:04","slug":"rosenblutenblatter-100g-getrocknet","status":"publish","type":"product","link":"https:\/\/antcube.shop\/lt\/produktas\/rosenblutenblatter-100g-getrocknet\/","title":{"rendered":"Ro\u017ei\u0173 \u017eiedlapiai 100 g - d\u017eiovinti"},"content":{"rendered":"<p><strong>Turinys:<\/strong><br \/>\n100 g d\u017eiovint\u0173 ro\u017ei\u0173 \u017eiedlapi\u0173<\/p>\n<p><strong>Apra\u0161ymas:<\/strong><br \/>\nRo\u017ei\u0173 \u017eiedlapiai kaip grybais besidauginan\u010di\u0173 skruzd\u0117li\u0173 r\u016b\u0161i\u0173 veisimosi vieta. Tai grynai nat\u016bralus produktas.<\/p>\n<p><strong>Naudojimas:<\/strong><br \/>\nRo\u017ei\u0173 \u017eiedlapiai = grybeli\u0173 veisimosi skruzd\u0117li\u0173 r\u016b\u0161ims.<br \/>\nSausi \u017eiedlapiai yra tik terp\u0117 lapini\u0173 skruzd\u0117li\u0173 grybeliui veistis (patartina tuo pa\u010diu metu pasi\u016blyti \u0161vie\u017ei\u0173 lap\u0173 kaip dr\u0117kinamosios med\u017eiagos).<br \/>\nPapras\u010diausiai \u012fd\u0117kite maitinam\u0173 \u017eiedlapi\u0173 \u012f sauso maisto kamer\u0105.<\/p>\n<p><strong>Saugojimas:<\/strong><br \/>\nSausoje aplinkoje<\/p>\n<p><strong>Sud\u0117tyje yra:<\/strong><br \/>\n100% d\u017eiovinti ro\u017ei\u0173 \u017eiedlapiai<\/p>","protected":false},"excerpt":{"rendered":"<p>Turinys: 100g d\u017eiovint\u0173 ro\u017ei\u0173 \u017eiedlapi\u0173 Apra\u0161ymas: Ro\u017ei\u0173 \u017eiedlapiai - tai grybeli\u0173 veisimosi vieta skruzd\u0117li\u0173 r\u016b\u0161ims. Tai grynai nat\u016bralus produktas. Naudojimas: Ro\u017ei\u0173 \u017eiedlapiai = grybelius veisian\u010dioms skruzd\u017ei\u0173 r\u016b\u0161ims. Sausi \u017eiedlapiai tarnauja tik kaip grybeli\u0173 veisimosi terp\u0117 lapuotosioms skruzd\u0117l\u0117ms (tuo pat metu si\u016blant \u0161vie\u017eius lapus kaip dr\u0117kinam\u0105j\u0105 priemon\u0119 [...].","protected":false},"featured_media":5485,"comment_status":"open","ping_status":"closed","template":"","meta":{"_acf_changed":false,"content-type":"","_monsterinsights_skip_tracking":false,"_monsterinsights_sitenote_active":false,"_monsterinsights_sitenote_note":"","_monsterinsights_sitenote_category":0},"product_brand":[],"product_cat":[115,116],"product_tag":[],"class_list":{"0":"post-3159","1":"product","2":"type-product","3":"status-publish","4":"has-post-thumbnail","6":"product_cat-food-and-feeding","7":"product_cat-food","9":"first","10":"instock","11":"taxable","12":"shipping-taxable","13":"purchasable","14":"product-type-simple"},"acf":[],"aioseo_notices":[],"jetpack_sharing_enabled":true,"_links":{"self":[{"href":"https:\/\/antcube.shop\/lt\/wp-json\/wp\/v2\/product\/3159","targetHints":{"allow":["GET"]}}],"collection":[{"href":"https:\/\/antcube.shop\/lt\/wp-json\/wp\/v2\/product"}],"about":[{"href":"https:\/\/antcube.shop\/lt\/wp-json\/wp\/v2\/types\/product"}],"replies":[{"embeddable":true,"href":"https:\/\/antcube.shop\/lt\/wp-json\/wp\/v2\/comments?post=3159"}],"wp:featuredmedia":[{"embeddable":true,"href":"https:\/\/antcube.shop\/lt\/wp-json\/wp\/v2\/media\/5485"}],"wp:attachment":[{"href":"https:\/\/antcube.shop\/lt\/wp-json\/wp\/v2\/media?parent=3159"}],"wp:term":[{"taxonomy":"product_brand","embeddable":true,"href":"https:\/\/antcube.shop\/lt\/wp-json\/wp\/v2\/product_brand?post=3159"},{"taxonomy":"product_cat","embeddable":true,"href":"https:\/\/antcube.shop\/lt\/wp-json\/wp\/v2\/product_cat?post=3159"},{"taxonomy":"product_tag","embeddable":true,"href":"https:\/\/antcube.shop\/lt\/wp-json\/wp\/v2\/product_tag?post=3159"}],"curies":[{"name":"wp","href":"https:\/\/api.w.org\/{rel}","templated":true}]}}