{"id":3157,"date":"2021-11-08T10:46:12","date_gmt":"2021-11-08T09:46:12","guid":{"rendered":"https:\/\/antcube.shop\/produkt\/kornerfutter-minor-in-2ml-futterrohrchen-10-st\/"},"modified":"2026-04-13T12:42:28","modified_gmt":"2026-04-13T10:42:28","slug":"kornerfutter-minor-in-2ml-futterrohrchen-10-st","status":"publish","type":"product","link":"https:\/\/antcube.shop\/lt\/produktas\/kornerfutter-minor-in-2ml-futterrohrchen-10-st\/","title":{"rendered":"Gr\u016bd\u0173 maistas Minor 2ml \u0161\u0117rimo m\u0117gintuv\u0117liuose - 10 vnt."},"content":{"rendered":"<p><strong>Turinys:<\/strong> 10x 2 ml<\/p>\n<p><strong>Apra\u0161ymas:<\/strong> Smulk\u016bs gr\u016bdai ir (arba) s\u0117klos jaunoms gr\u016bdus renkan\u010di\u0173 ir (arba) derliaus nu\u0117mimo skruzd\u0117li\u0173 r\u016b\u0161i\u0173, pavyzd\u017eiui, Messor genties, kolonijoms, kuriose vis dar yra daugiausia smulki\u0173 darbinink\u0173.<\/p>\n<p><strong>Taikymas:<\/strong> \u012e formikarium\u0105 galima d\u0117ti vis\u0105 maisto vamzdel\u012f, o \u012f duben\u0117l\u012f su maistu galima d\u0117ti ma\u017eesnius kiekius, atsi\u017evelgiant \u012f kolonijos dyd\u012f. Gr\u016bd\u0117t\u0105 maist\u0105 pirmiausia priima gr\u016bdus renkan\u010dios r\u016b\u0161ys, pavyzd\u017eiui, Messor genties r\u016b\u0161ys arba Pheidole genties r\u016b\u0161ys.<\/p>\n<p><strong>Prane\u0161imas:<\/strong><br \/>\nInformacijos apie maitinimo vamzdeli\u0173 naudojim\u0105 rasite \u010dia: Nuoroda<br \/>\nPapildomas maistas gr\u016bdin\u0117ms skruzd\u0117l\u0117ms.<br \/>\nSud\u0117t\u012f, analitines sudedam\u0105sias dalis, tinkamumo vartoti termin\u0105 ir partijos numer\u012f rasite pakuot\u0117s lapelyje.<\/p>\n<p>Informacijos kar\u0161toji linija +49 30 439703870<\/p>\n<p>Atsakinga veterinarijos ir maisto prie\u017ei\u016bros institucija:<br \/>\nSteglitzo veterinarijos biuras<br \/>\nK\u00f6nigin-Luise-Str. 92<br \/>\n14195 Berlynas<\/p>","protected":false},"excerpt":{"rendered":"<p>Papildomas maistas<\/p>","protected":false},"featured_media":3149,"comment_status":"open","ping_status":"closed","template":"","meta":{"_acf_changed":false,"content-type":"","_monsterinsights_skip_tracking":false,"_monsterinsights_sitenote_active":false,"_monsterinsights_sitenote_note":"","_monsterinsights_sitenote_category":0},"product_brand":[],"product_cat":[115,116],"product_tag":[],"class_list":{"0":"post-3157","1":"product","2":"type-product","3":"status-publish","4":"has-post-thumbnail","6":"product_cat-food-and-feeding","7":"product_cat-food","9":"first","10":"instock","11":"taxable","12":"shipping-taxable","13":"purchasable","14":"product-type-simple"},"acf":[],"aioseo_notices":[],"jetpack_sharing_enabled":true,"_links":{"self":[{"href":"https:\/\/antcube.shop\/lt\/wp-json\/wp\/v2\/product\/3157","targetHints":{"allow":["GET"]}}],"collection":[{"href":"https:\/\/antcube.shop\/lt\/wp-json\/wp\/v2\/product"}],"about":[{"href":"https:\/\/antcube.shop\/lt\/wp-json\/wp\/v2\/types\/product"}],"replies":[{"embeddable":true,"href":"https:\/\/antcube.shop\/lt\/wp-json\/wp\/v2\/comments?post=3157"}],"wp:featuredmedia":[{"embeddable":true,"href":"https:\/\/antcube.shop\/lt\/wp-json\/wp\/v2\/media\/3149"}],"wp:attachment":[{"href":"https:\/\/antcube.shop\/lt\/wp-json\/wp\/v2\/media?parent=3157"}],"wp:term":[{"taxonomy":"product_brand","embeddable":true,"href":"https:\/\/antcube.shop\/lt\/wp-json\/wp\/v2\/product_brand?post=3157"},{"taxonomy":"product_cat","embeddable":true,"href":"https:\/\/antcube.shop\/lt\/wp-json\/wp\/v2\/product_cat?post=3157"},{"taxonomy":"product_tag","embeddable":true,"href":"https:\/\/antcube.shop\/lt\/wp-json\/wp\/v2\/product_tag?post=3157"}],"curies":[{"name":"wp","href":"https:\/\/api.w.org\/{rel}","templated":true}]}}