{"id":3155,"date":"2021-11-08T10:46:04","date_gmt":"2021-11-08T09:46:04","guid":{"rendered":"https:\/\/antcube.shop\/produkt\/kornerfutter-media-in-2ml-futterrohrchen-10-st\/"},"modified":"2026-04-24T16:33:14","modified_gmt":"2026-04-24T14:33:14","slug":"kornerfutter-media-in-2ml-futterrohrchen-10-st","status":"publish","type":"product","link":"https:\/\/antcube.shop\/lt\/produktas\/kornerfutter-media-in-2ml-futterrohrchen-10-st\/","title":{"rendered":"Gr\u016bdinis maistas Med\u017eiaga 2 ml talpos m\u0117gintuv\u0117liuose - 10 vnt."},"content":{"rendered":"<p><strong>Turinys:<\/strong> 10x 2 ml<\/p>\n<p><strong>Apra\u0161ymas:<\/strong> Vidutinio dyd\u017eio gr\u016bdai ir (arba) s\u0117klos didesn\u0117ms gr\u016bdus renkan\u010di\u0173 skruzd\u0117li\u0173 r\u016b\u0161i\u0173, pavyzd\u017eiui, Messor genties, kolonijoms, kuriose jau yra medij\u0173 darbinink\u0173.<\/p>\n<p><strong>Taikymas:<\/strong> Maitinimo vamzdel\u012f galima vis\u0105 \u012fd\u0117ti \u012f formikarium\u0105, arba \u012fpilti ma\u017eesnius kiekius \u012f maitinimo duben\u0117l\u012f pagal poreik\u012f ir kolonijos dyd\u012f. Gr\u016bdus pirmiausia priima gr\u016bdus renkan\u010dios r\u016b\u0161ys, pavyzd\u017eiui, Messor genties r\u016b\u0161ys arba Pheidole genties r\u016b\u0161ys.<\/p>\n<p><strong>Prane\u0161imas:<\/strong><br \/>\nInformacijos apie maitinimo vamzdeli\u0173 naudojim\u0105 rasite \u010dia: Nuoroda<br \/>\nPapildomas maistas gr\u016bdin\u0117ms skruzd\u0117l\u0117ms.<br \/>\nSud\u0117t\u012f, analitines sudedam\u0105sias dalis, tinkamumo vartoti termin\u0105 ir partijos numer\u012f rasite pakuot\u0117s lapelyje.<\/p>\n<p>Informacijos kar\u0161toji linija +49 30 439703870<\/p>\n<p>Atsakinga veterinarijos ir maisto prie\u017ei\u016bros institucija:<br \/>\nSteglitzo veterinarijos biuras<br \/>\nK\u00f6nigin-Luise-Str. 92<br \/>\n14195 Berlynas<\/p>","protected":false},"excerpt":{"rendered":"<p>Papildomas maistas<\/p>","protected":false},"featured_media":3150,"comment_status":"open","ping_status":"closed","template":"","meta":{"_acf_changed":false,"content-type":"","_monsterinsights_skip_tracking":false,"_monsterinsights_sitenote_active":false,"_monsterinsights_sitenote_note":"","_monsterinsights_sitenote_category":0},"product_brand":[],"product_cat":[115,116],"product_tag":[],"class_list":{"0":"post-3155","1":"product","2":"type-product","3":"status-publish","4":"has-post-thumbnail","6":"product_cat-food-and-feeding","7":"product_cat-food","9":"first","10":"instock","11":"taxable","12":"shipping-taxable","13":"purchasable","14":"product-type-simple"},"acf":[],"aioseo_notices":[],"jetpack_sharing_enabled":true,"_links":{"self":[{"href":"https:\/\/antcube.shop\/lt\/wp-json\/wp\/v2\/product\/3155","targetHints":{"allow":["GET"]}}],"collection":[{"href":"https:\/\/antcube.shop\/lt\/wp-json\/wp\/v2\/product"}],"about":[{"href":"https:\/\/antcube.shop\/lt\/wp-json\/wp\/v2\/types\/product"}],"replies":[{"embeddable":true,"href":"https:\/\/antcube.shop\/lt\/wp-json\/wp\/v2\/comments?post=3155"}],"wp:featuredmedia":[{"embeddable":true,"href":"https:\/\/antcube.shop\/lt\/wp-json\/wp\/v2\/media\/3150"}],"wp:attachment":[{"href":"https:\/\/antcube.shop\/lt\/wp-json\/wp\/v2\/media?parent=3155"}],"wp:term":[{"taxonomy":"product_brand","embeddable":true,"href":"https:\/\/antcube.shop\/lt\/wp-json\/wp\/v2\/product_brand?post=3155"},{"taxonomy":"product_cat","embeddable":true,"href":"https:\/\/antcube.shop\/lt\/wp-json\/wp\/v2\/product_cat?post=3155"},{"taxonomy":"product_tag","embeddable":true,"href":"https:\/\/antcube.shop\/lt\/wp-json\/wp\/v2\/product_tag?post=3155"}],"curies":[{"name":"wp","href":"https:\/\/api.w.org\/{rel}","templated":true}]}}