{"id":3152,"date":"2021-11-08T10:45:38","date_gmt":"2021-11-08T09:45:38","guid":{"rendered":"https:\/\/antcube.shop\/produkt\/antcube-ameisenfarm-xl-20x20-stehend\/"},"modified":"2026-04-10T09:16:05","modified_gmt":"2026-04-10T07:16:05","slug":"antcube-ameisenfarm-xl-20x20-stehend","status":"publish","type":"product","link":"https:\/\/antcube.shop\/lt\/produktas\/antcube-ameisenfarm-xl-20x20-stehend\/","title":{"rendered":"ANTCUBE - \"Antfarm\" - XL - 20\u00d720 - stovintis"},"content":{"rendered":"<p><strong>Matmenys (Dx\u0160xV):<\/strong><br \/>\ni\u0161or\u0117:190x58x199 mm<br \/>\nvidus: 184x50x190 mm<\/p>\n<p><strong>Med\u017eiaga:<\/strong><br \/>\nPl\u016bdinis stiklas, plastikas<\/p>\n<p><strong>Spalva:<\/strong><br \/>\nkri\u0161tolo skaidrumo<\/p>\n<p><strong>Turinys:<\/strong><br \/>\n1x ANTCUBE skruzd\u0117lynas - 52 mm tarpas tarp plok\u0161teli\u0173.<br \/>\n1x Skruzd\u0117lyno dangtis XL 20\u00d76<br \/>\n2x ki\u0161tukas 4 mm<\/p>\n<p><strong>Ry\u0161ys:<\/strong><br \/>\nAbiejose pus\u0117se rasite 27 mm skyl\u0119, tod\u0117l prie \u0161ios fermos galima prijungti 28 mm \u017earn\u0105 arba m\u016bs\u0173 \"bako jungt\u012f su \u017earna 27 mm skyl\u0117ms\".<br \/>\n2x 4 mm skyl\u0117s su 4 mm kam\u0161\u010diais.<\/p>\n<p><strong>Apra\u0161ymas:<\/strong><br \/>\n\u0160is visi\u0161kai skaidrus skruzd\u0117lynas tinka <strong>XL<\/strong> dyd\u017eio skruzd\u017ei\u0173 r\u016b\u0161ys.<\/p>\n<p><strong>Pastabos apie gamyb\u0105<\/strong><br \/>\nStiklas pjaustomas pagal DIN 1249, leistina paklaida +\/- 1 mm. Ypa\u010d ma\u017eoms skruzd\u0117li\u0173 r\u016b\u0161ims b\u016btina papildoma apsauga nuo i\u0161lau\u017eimo.<\/p>\n<p><strong>Pastaba apie \u016bk\u012f<\/strong><br \/>\nMontuodami \u017earnas atkreipkite d\u0117mes\u012f \u012f \u0161iuos dalykus:<br \/>\nJei vamzdel\u012f labai sunku pritvirtinti prie jungties \u012fvor\u0117s, \u012fvor\u0119 reikia lengvai patrinti la\u0161eliu m\u016bs\u0173 apsaugin\u0117s alyvos arba milteli\u0173. Tuomet \u017earn\u0105 ant \u012fvor\u0117s reikia u\u017emauti sukamaisiais arba prisukamaisiais judesiais, neapkraunant \u012fvor\u0117s judesiais auk\u0161tyn ir \u017eemyn.<\/p>","protected":false},"excerpt":{"rendered":"<p>Dydis: <span style=\"font-size: small;\"><span style=\"font-family: Arial;\"><strong>XL<\/strong><\/span><\/span><\/p>","protected":false},"featured_media":3129,"comment_status":"open","ping_status":"closed","template":"","meta":{"_acf_changed":false,"content-type":"","_monsterinsights_skip_tracking":false,"_monsterinsights_sitenote_active":false,"_monsterinsights_sitenote_note":"","_monsterinsights_sitenote_category":0},"product_brand":[],"product_cat":[80,84],"product_tag":[],"class_list":{"0":"post-3152","1":"product","2":"type-product","3":"status-publish","4":"has-post-thumbnail","6":"product_cat-antfarms","7":"product_cat-antfarms-xl","9":"first","10":"instock","11":"taxable","12":"shipping-taxable","13":"purchasable","14":"product-type-simple"},"acf":[],"aioseo_notices":[],"jetpack_sharing_enabled":true,"_links":{"self":[{"href":"https:\/\/antcube.shop\/lt\/wp-json\/wp\/v2\/product\/3152","targetHints":{"allow":["GET"]}}],"collection":[{"href":"https:\/\/antcube.shop\/lt\/wp-json\/wp\/v2\/product"}],"about":[{"href":"https:\/\/antcube.shop\/lt\/wp-json\/wp\/v2\/types\/product"}],"replies":[{"embeddable":true,"href":"https:\/\/antcube.shop\/lt\/wp-json\/wp\/v2\/comments?post=3152"}],"wp:featuredmedia":[{"embeddable":true,"href":"https:\/\/antcube.shop\/lt\/wp-json\/wp\/v2\/media\/3129"}],"wp:attachment":[{"href":"https:\/\/antcube.shop\/lt\/wp-json\/wp\/v2\/media?parent=3152"}],"wp:term":[{"taxonomy":"product_brand","embeddable":true,"href":"https:\/\/antcube.shop\/lt\/wp-json\/wp\/v2\/product_brand?post=3152"},{"taxonomy":"product_cat","embeddable":true,"href":"https:\/\/antcube.shop\/lt\/wp-json\/wp\/v2\/product_cat?post=3152"},{"taxonomy":"product_tag","embeddable":true,"href":"https:\/\/antcube.shop\/lt\/wp-json\/wp\/v2\/product_tag?post=3152"}],"curies":[{"name":"wp","href":"https:\/\/api.w.org\/{rel}","templated":true}]}}