{"id":3087,"date":"2021-10-21T13:24:43","date_gmt":"2021-10-21T11:24:43","guid":{"rendered":"https:\/\/antcube.shop\/produkt\/tranke-2ml-front-dosierbar\/"},"modified":"2026-04-07T09:37:46","modified_gmt":"2026-04-07T07:37:46","slug":"geriamojo-vandens-gertuve-2ml-priekine-doze","status":"publish","type":"product","link":"https:\/\/antcube.shop\/lt\/produktas\/geriamojo-vandens-gertuve-2ml-priekine-doze\/","title":{"rendered":"Gertuv\u0117 2ml - dozavimas i\u0161 priekio"},"content":{"rendered":"<p><strong>Matmenys:<\/strong> 30x40x52 mm, 2 ml<\/p>\n<p><strong>Turinys:<\/strong><br \/>\n1x p\u0117del\u0117 su 1x 5 mm anga (0-1 mm dozavimo galimyb\u0117).<br \/>\n1x skruzd\u017ei\u0173 maisto vamzdelis<\/p>\n<p><strong>Med\u017eiaga:<\/strong> PMMA, PS<\/p>\n<p><strong>Apra\u0161ymas:<\/strong> Taip skruzd\u0117l\u0117s gali apsir\u016bpinti pakankamai dr\u0117gm\u0117s formikariume. Idealiai tinka ir atostog\u0173 sezonui. Dabar 2 ml skruzd\u017ei\u0173 maisto m\u0117gintuv\u0117lius galima \u012fki\u0161ti \u012f p\u0117d\u0105. D\u0117l \u012fterpimo gylio galima dozuoti maisto kiek\u012f.<\/p>\n<p><strong>Spalvos:<\/strong> skaidrus<\/p>","protected":false},"excerpt":{"rendered":"<p>Matmenys: 30x40x52 mm, 2 ml<\/p>","protected":false},"featured_media":3136,"comment_status":"open","ping_status":"closed","template":"","meta":{"_acf_changed":false,"content-type":"","_monsterinsights_skip_tracking":false,"_monsterinsights_sitenote_active":false,"_monsterinsights_sitenote_note":"","_monsterinsights_sitenote_category":0},"product_brand":[],"product_cat":[115,117],"product_tag":[],"class_list":{"0":"post-3087","1":"product","2":"type-product","3":"status-publish","4":"has-post-thumbnail","6":"product_cat-food-and-feeding","7":"product_cat-drinkers-for-ants","9":"first","10":"instock","11":"taxable","12":"shipping-taxable","13":"purchasable","14":"product-type-simple"},"acf":[],"aioseo_notices":[],"jetpack_sharing_enabled":true,"_links":{"self":[{"href":"https:\/\/antcube.shop\/lt\/wp-json\/wp\/v2\/product\/3087","targetHints":{"allow":["GET"]}}],"collection":[{"href":"https:\/\/antcube.shop\/lt\/wp-json\/wp\/v2\/product"}],"about":[{"href":"https:\/\/antcube.shop\/lt\/wp-json\/wp\/v2\/types\/product"}],"replies":[{"embeddable":true,"href":"https:\/\/antcube.shop\/lt\/wp-json\/wp\/v2\/comments?post=3087"}],"wp:featuredmedia":[{"embeddable":true,"href":"https:\/\/antcube.shop\/lt\/wp-json\/wp\/v2\/media\/3136"}],"wp:attachment":[{"href":"https:\/\/antcube.shop\/lt\/wp-json\/wp\/v2\/media?parent=3087"}],"wp:term":[{"taxonomy":"product_brand","embeddable":true,"href":"https:\/\/antcube.shop\/lt\/wp-json\/wp\/v2\/product_brand?post=3087"},{"taxonomy":"product_cat","embeddable":true,"href":"https:\/\/antcube.shop\/lt\/wp-json\/wp\/v2\/product_cat?post=3087"},{"taxonomy":"product_tag","embeddable":true,"href":"https:\/\/antcube.shop\/lt\/wp-json\/wp\/v2\/product_tag?post=3087"}],"curies":[{"name":"wp","href":"https:\/\/api.w.org\/{rel}","templated":true}]}}