{"id":2871,"date":"2021-10-13T18:46:51","date_gmt":"2021-10-13T16:46:51","guid":{"rendered":"https:\/\/antcube.shop\/produkt\/beckenverbinder-b-27-und-s-10-16-mm-m25-set\/"},"modified":"2026-04-30T18:05:16","modified_gmt":"2026-04-30T16:05:16","slug":"beckenverbinder-b-27-und-s-10-16-mm-m25-set","status":"publish","type":"product","link":"https:\/\/antcube.shop\/lt\/produktas\/beckenverbinder-b-27-und-s-10-16-mm-m25-set\/","title":{"rendered":"Baseino jungtis B-27 ir S-10-16 mm M25 - rinkinys"},"content":{"rendered":"<p><strong>Matmenys:<\/strong> 27 skyl\u0117s ir 10-16 mm \u017earnos<\/p>\n<p><strong>Turinys:<\/strong><br \/>\n1x prisukamas adapteris<br \/>\n1x fiksavimo ver\u017el\u0117<\/p>\n<p><strong>Apra\u0161ymas:<\/strong> \u0160i baseino jungtis yra \u012fki\u0161ama per ang\u0105 ir prisukama prid\u0117ta fiksavimo ver\u017ele. Taip u\u017etikrinama, kad jungtis b\u016bt\u0173 apsaugota nuo i\u0161tr\u016bkimo, be to, ji patikimai laikosi perkeliant baseinus. Kitame gale \u012fstatoma tinkama \u017earna.<\/p>","protected":false},"excerpt":{"rendered":"<p>Matmenys: 27 skyl\u0117s ir 10-16 mm \u017earnos turinys: Sud\u0117tis: 1x sraigtinis adapteris 1x fiksavimo ver\u017el\u0117 Apra\u0161ymas: \u0160is baseino jungtis, \u012fki\u0161ama per ang\u0105 ir prisukama pridedama fiksavimo ver\u017ele. Taip u\u017etikrinama, kad jungtis b\u016bt\u0173 apsaugota nuo i\u0161tr\u016bkimo, taip pat patikimai laikosi perkeliant praustuvus. Kitame gale \u012fstatoma tinkama \u017earna.<\/p>","protected":false},"featured_media":2991,"comment_status":"open","ping_status":"closed","template":"","meta":{"_acf_changed":false,"content-type":"","_monsterinsights_skip_tracking":false,"_monsterinsights_sitenote_active":false,"_monsterinsights_sitenote_note":"","_monsterinsights_sitenote_category":0},"product_brand":[],"product_cat":[121],"product_tag":[],"class_list":{"0":"post-2871","1":"product","2":"type-product","3":"status-publish","4":"has-post-thumbnail","6":"product_cat-connectors","8":"first","9":"instock","10":"taxable","11":"shipping-taxable","12":"purchasable","13":"product-type-simple"},"acf":[],"aioseo_notices":[],"jetpack_sharing_enabled":true,"_links":{"self":[{"href":"https:\/\/antcube.shop\/lt\/wp-json\/wp\/v2\/product\/2871","targetHints":{"allow":["GET"]}}],"collection":[{"href":"https:\/\/antcube.shop\/lt\/wp-json\/wp\/v2\/product"}],"about":[{"href":"https:\/\/antcube.shop\/lt\/wp-json\/wp\/v2\/types\/product"}],"replies":[{"embeddable":true,"href":"https:\/\/antcube.shop\/lt\/wp-json\/wp\/v2\/comments?post=2871"}],"wp:featuredmedia":[{"embeddable":true,"href":"https:\/\/antcube.shop\/lt\/wp-json\/wp\/v2\/media\/2991"}],"wp:attachment":[{"href":"https:\/\/antcube.shop\/lt\/wp-json\/wp\/v2\/media?parent=2871"}],"wp:term":[{"taxonomy":"product_brand","embeddable":true,"href":"https:\/\/antcube.shop\/lt\/wp-json\/wp\/v2\/product_brand?post=2871"},{"taxonomy":"product_cat","embeddable":true,"href":"https:\/\/antcube.shop\/lt\/wp-json\/wp\/v2\/product_cat?post=2871"},{"taxonomy":"product_tag","embeddable":true,"href":"https:\/\/antcube.shop\/lt\/wp-json\/wp\/v2\/product_tag?post=2871"}],"curies":[{"name":"wp","href":"https:\/\/api.w.org\/{rel}","templated":true}]}}