{"id":2870,"date":"2021-10-13T18:46:41","date_gmt":"2021-10-13T16:46:41","guid":{"rendered":"https:\/\/antcube.shop\/produkt\/formicarienunterlage-20x20cm\/"},"modified":"2026-04-14T09:35:55","modified_gmt":"2026-04-14T07:35:55","slug":"formicarienunterlage-20x20cm-2","status":"publish","type":"product","link":"https:\/\/antcube.shop\/lt\/produktas\/formicarienunterlage-20x20cm-2\/","title":{"rendered":"Formikariumo pagalv\u0117l\u0117 - 20x20cm"},"content":{"rendered":"<p><strong>Matmenys:<\/strong> 200 x 200 x 4 mm<\/p>\n<p><strong>Med\u017eiaga:<\/strong> PE putos<\/p>\n<p><strong>Spalva:<\/strong> pilka<\/p>\n<p><strong>Turinys:<\/strong> 1 vnt.<\/p>\n<p><strong>Apra\u0161ymas:<\/strong><br \/>\nFormikaro pagalv\u0117l\u0117 pagaminta i\u0161 mink\u0161tos put\u0173 med\u017eiagos.<br \/>\nJis apsaugo formikarium\u0105 ir bald\u0105, ant kurio jis stovi, nuo \u012fbr\u0117\u017eim\u0173.<br \/>\nBe to, trinkel\u0117 tarnauja kaip \u0161ilumos izoliacija, kuri kompensuoja ma\u017eiausius nelygumus ir apsaugo nuo vibracijos.<\/p>","protected":false},"excerpt":{"rendered":"<p>Matmenys: 200 x 200 x 4 mm Med\u017eiaga: Med\u017eiaga: PE putos Spalva: pilka: Sud\u0117tis: 1 vnt. Apra\u0161ymas: 1 vnt: Formikaro pagalv\u0117l\u0117 pagaminta i\u0161 mink\u0161tos putplas\u010dio med\u017eiagos. Jis apsaugo formikarium\u0105 ir bald\u0105, ant kurio stovi formikariumas, nuo \u012fbr\u0117\u017eim\u0173. Be to, trinkel\u0117 tarnauja kaip \u0161ilumos izoliacija, kompensuojanti","protected":false},"featured_media":313,"comment_status":"open","ping_status":"closed","template":"","meta":{"_acf_changed":false,"content-type":"","_monsterinsights_skip_tracking":false,"_monsterinsights_sitenote_active":false,"_monsterinsights_sitenote_note":"","_monsterinsights_sitenote_category":0},"product_brand":[],"product_cat":[119,239],"product_tag":[],"class_list":{"0":"post-2870","1":"product","2":"type-product","3":"status-publish","4":"has-post-thumbnail","6":"product_cat-formicarium-components","7":"product_cat-useful-additions","9":"first","10":"instock","11":"taxable","12":"shipping-taxable","13":"purchasable","14":"product-type-simple"},"acf":[],"aioseo_notices":[],"jetpack_sharing_enabled":true,"_links":{"self":[{"href":"https:\/\/antcube.shop\/lt\/wp-json\/wp\/v2\/product\/2870","targetHints":{"allow":["GET"]}}],"collection":[{"href":"https:\/\/antcube.shop\/lt\/wp-json\/wp\/v2\/product"}],"about":[{"href":"https:\/\/antcube.shop\/lt\/wp-json\/wp\/v2\/types\/product"}],"replies":[{"embeddable":true,"href":"https:\/\/antcube.shop\/lt\/wp-json\/wp\/v2\/comments?post=2870"}],"wp:featuredmedia":[{"embeddable":true,"href":"https:\/\/antcube.shop\/lt\/wp-json\/wp\/v2\/media\/313"}],"wp:attachment":[{"href":"https:\/\/antcube.shop\/lt\/wp-json\/wp\/v2\/media?parent=2870"}],"wp:term":[{"taxonomy":"product_brand","embeddable":true,"href":"https:\/\/antcube.shop\/lt\/wp-json\/wp\/v2\/product_brand?post=2870"},{"taxonomy":"product_cat","embeddable":true,"href":"https:\/\/antcube.shop\/lt\/wp-json\/wp\/v2\/product_cat?post=2870"},{"taxonomy":"product_tag","embeddable":true,"href":"https:\/\/antcube.shop\/lt\/wp-json\/wp\/v2\/product_tag?post=2870"}],"curies":[{"name":"wp","href":"https:\/\/api.w.org\/{rel}","templated":true}]}}