{"id":2869,"date":"2021-10-13T18:46:31","date_gmt":"2021-10-13T16:46:31","guid":{"rendered":"https:\/\/antcube.shop\/produkt\/antcube-gipsnest-20x20-liegend\/"},"modified":"2026-04-24T10:52:36","modified_gmt":"2026-04-24T08:52:36","slug":"antcube-gipsnest-20x20-liegend","status":"publish","type":"product","link":"https:\/\/antcube.shop\/lt\/produktas\/antcube-gipsnest-20x20-liegend\/","title":{"rendered":"ANTCUBE - gipsinis lizdas 20\u00d720 - gulimas"},"content":{"rendered":"<p><strong>Matmenys:<\/strong><br \/>\n<strong>Gipsinis lizdas: <\/strong>190 x 190 x 20 mm<br \/>\n<strong>Stiklo dangtelis:<\/strong> 179 x 179 x 4 mm<\/p>\n<p><strong>Med\u017eiaga:<\/strong> Gipsas<\/p>\n<p><strong>Turinys:<\/strong><br \/>\n1x gipsinis lizdas 20\u00d720 su dviem jungiamaisiais lizdais M 10\/08<br \/>\n1x stiklinis dangtelis su 50 mm skyle<br \/>\n1x akrilo \u017eiedas 50 mm, skirtas 27 mm skylei<br \/>\n1x Formikariumo pagrindas 20\u00d720<br \/>\n2x tinklelio dangtelis - 10 mm - ner\u016bdijantis plienas<br \/>\n1x tinklelio \u012fd\u0117klas - 27 mm - ner\u016bdijantis plienas<\/p>\n<p><strong>Apra\u0161ymas:<\/strong> M\u016bs\u0173 gipsiniai lizdai su surenkamais koridoriais ir kameromis tinka daugeliui skruzd\u0117li\u0173 r\u016b\u0161i\u0173, ypa\u010d toms, kurios lizdus stato labai sm\u0117lingame ar akmenuotame dirvo\u017eemyje. Jame yra du jungiamieji lizdai, skirti prieigai prie lizdo. Gipsas pasi\u017eymi savybe sugerti vanden\u012f, tod\u0117l jame kaupiasi tam tikras dr\u0117gm\u0117s kiekis. Vis d\u0117lto gipsinio lizdo nereik\u0117t\u0173 naudoti nuolat dr\u0117gno, nes prie\u0161ingu atveju gali atsirasti pel\u0117sis (d\u0117l skruzd\u0117li\u0173 maisto liku\u010di\u0173 ar ekskrement\u0173). Tod\u0117l, jei \u012fmanoma, \u010dia reik\u0117t\u0173 laikyti r\u016b\u0161is i\u0161 gana saus\u0173 region\u0173. Tai b\u016bt\u0173, pavyzd\u017eiui, r\u016b\u0161ys i\u0161 Vidur\u017eemio j\u016bros arba dykum\u0173 region\u0173.<\/p>\n<p><strong>Pastaba:<\/strong> D\u0117l konstrukcijos jie netinka labai ma\u017eoms r\u016b\u0161ims (pvz., Pheidole r\u016b\u0161ims, Temnothorax r\u016b\u0161ims), gali atsirasti 0,3-0,5 mm tarpai.<\/p>\n<p>Pastaba apie ry\u0161io lizdus<br \/>\nPrijungdami arba atjungdami \u017earnas, atkreipkite d\u0117mes\u012f \u012f \u0161iuos dalykus:<br \/>\nJei vamzdel\u012f labai sunku pritvirtinti prie jungties \u012fvor\u0117s, \u012fvor\u0119 reikia lengvai patrinti la\u0161eliu m\u016bs\u0173 apsaugin\u0117s alyvos arba milteli\u0173. Tuomet \u017earn\u0105 ant \u012fvor\u0117s reikia u\u017emauti sukamaisiais arba \u012fsukamaisiais judesiais, ne\u012ftempiant \u012fvor\u0117s judesiais auk\u0161tyn ir \u017eemyn. Tas pats galioja ir nuimant \u017earnas nuo jungiamosios \u012fvor\u0117s. Negalima tiesiog i\u0161traukti!<\/p>\n<p>&nbsp;<\/p>\n<p>&nbsp;<\/p>","protected":false},"excerpt":{"rendered":"<p>Matmenys: Gipsinis lizdas: 190 x 190 x 20 mm Stiklo dangtelis: 179 x 179 x 4 mm Med\u017eiaga: Med\u017eiaga: gipsas Turinys: 1x gipsinis lizdas 20\u00d720 su dviem jungiamaisiais lizdais M 10\/08 1x stiklo dangtelis su 50 mm skyle 1x akrilas - \u017eiedas 50 mm 27 mm skylei 1x formikariumo pagrindas 20\u00d720 2x tinklelio dangtelis - 10 mm - ner\u016bdijantis plienas 1x [...]","protected":false},"featured_media":3194,"comment_status":"open","ping_status":"closed","template":"","meta":{"_acf_changed":false,"content-type":"","_monsterinsights_skip_tracking":false,"_monsterinsights_sitenote_active":false,"_monsterinsights_sitenote_note":"","_monsterinsights_sitenote_category":0},"product_brand":[],"product_cat":[80,86],"product_tag":[],"class_list":{"0":"post-2869","1":"product","2":"type-product","3":"status-publish","4":"has-post-thumbnail","6":"product_cat-antfarms","7":"product_cat-formicariums","9":"first","10":"instock","11":"taxable","12":"shipping-taxable","13":"purchasable","14":"product-type-simple"},"acf":[],"aioseo_notices":[],"jetpack_sharing_enabled":true,"_links":{"self":[{"href":"https:\/\/antcube.shop\/lt\/wp-json\/wp\/v2\/product\/2869","targetHints":{"allow":["GET"]}}],"collection":[{"href":"https:\/\/antcube.shop\/lt\/wp-json\/wp\/v2\/product"}],"about":[{"href":"https:\/\/antcube.shop\/lt\/wp-json\/wp\/v2\/types\/product"}],"replies":[{"embeddable":true,"href":"https:\/\/antcube.shop\/lt\/wp-json\/wp\/v2\/comments?post=2869"}],"wp:featuredmedia":[{"embeddable":true,"href":"https:\/\/antcube.shop\/lt\/wp-json\/wp\/v2\/media\/3194"}],"wp:attachment":[{"href":"https:\/\/antcube.shop\/lt\/wp-json\/wp\/v2\/media?parent=2869"}],"wp:term":[{"taxonomy":"product_brand","embeddable":true,"href":"https:\/\/antcube.shop\/lt\/wp-json\/wp\/v2\/product_brand?post=2869"},{"taxonomy":"product_cat","embeddable":true,"href":"https:\/\/antcube.shop\/lt\/wp-json\/wp\/v2\/product_cat?post=2869"},{"taxonomy":"product_tag","embeddable":true,"href":"https:\/\/antcube.shop\/lt\/wp-json\/wp\/v2\/product_tag?post=2869"}],"curies":[{"name":"wp","href":"https:\/\/api.w.org\/{rel}","templated":true}]}}