{"id":2868,"date":"2021-10-13T18:43:30","date_gmt":"2021-10-13T16:43:30","guid":{"rendered":"https:\/\/antcube.shop\/produkt\/antcube-gipsnest-20x20-stehend\/"},"modified":"2026-04-05T22:20:14","modified_gmt":"2026-04-05T20:20:14","slug":"antcube-gipsnest-20x20-stehend","status":"publish","type":"product","link":"https:\/\/antcube.shop\/lt\/produktas\/antcube-gipsnest-20x20-stehend\/","title":{"rendered":"ANTCUBE - Gipsinis lizdas 20\u00d720 - stovintis"},"content":{"rendered":"<p><strong>Matmenys:<\/strong> 182 x 159 x 19,5 mm<\/p>\n<p><strong>Med\u017eiaga:<\/strong> Gipsas ir (arba) tinkas<\/p>\n<p>Tinka tik m\u016bs\u0173 skruzd\u0117lyn\u0173 dyd\u017eiui <strong>L<\/strong><\/p>\n<p><strong>Apra\u0161ymas:<\/strong> M\u016bs\u0173 gipsiniai lizdai su surenkamais pra\u0117jimais ir kameromis tinka daugeliui skruzd\u0117li\u0173 r\u016b\u0161i\u0173, ypa\u010d toms, kurios lizdus stato labai sm\u0117lingame ar akmenuotame dirvo\u017eemyje. Jame yra skylut\u0117 patekimui \u012f lizd\u0105. Gipsas pasi\u017eymi savybe sugerti vanden\u012f, tod\u0117l jame susikaupia tam tikras dr\u0117gm\u0117s kiekis. Vis d\u0117lto gipsinio lizdo nereik\u0117t\u0173 naudoti nuolat dr\u0117gno, nes prie\u0161ingu atveju jame gali atsirasti pel\u0117sis (d\u0117l skruzd\u0117li\u0173 maisto liku\u010di\u0173 ar ekskrement\u0173). Tod\u0117l, jei \u012fmanoma, \u010dia reik\u0117t\u0173 laikyti r\u016b\u0161is i\u0161 gana saus\u0173 region\u0173. Tai b\u016bt\u0173, pavyzd\u017eiui, r\u016b\u0161ys i\u0161 Vidur\u017eemio j\u016bros arba dykum\u0173 region\u0173.<\/p>\n<p>&nbsp;<\/p>","protected":false},"excerpt":{"rendered":"<p>Tinka tik m\u016bs\u0173 skruzd\u0117lyn\u0173 dyd\u017eiui <strong>L<\/strong><\/p>","protected":false},"featured_media":351,"comment_status":"open","ping_status":"closed","template":"","meta":{"_acf_changed":false,"content-type":"","_monsterinsights_skip_tracking":false,"_monsterinsights_sitenote_active":false,"_monsterinsights_sitenote_note":"","_monsterinsights_sitenote_category":0},"product_brand":[],"product_cat":[87,90],"product_tag":[],"class_list":{"0":"post-2868","1":"product","2":"type-product","3":"status-publish","4":"has-post-thumbnail","6":"product_cat-nest-insets","7":"product_cat-gypsum","9":"first","10":"instock","11":"taxable","12":"shipping-taxable","13":"purchasable","14":"product-type-simple"},"acf":[],"aioseo_notices":[],"jetpack_sharing_enabled":true,"_links":{"self":[{"href":"https:\/\/antcube.shop\/lt\/wp-json\/wp\/v2\/product\/2868","targetHints":{"allow":["GET"]}}],"collection":[{"href":"https:\/\/antcube.shop\/lt\/wp-json\/wp\/v2\/product"}],"about":[{"href":"https:\/\/antcube.shop\/lt\/wp-json\/wp\/v2\/types\/product"}],"replies":[{"embeddable":true,"href":"https:\/\/antcube.shop\/lt\/wp-json\/wp\/v2\/comments?post=2868"}],"wp:featuredmedia":[{"embeddable":true,"href":"https:\/\/antcube.shop\/lt\/wp-json\/wp\/v2\/media\/351"}],"wp:attachment":[{"href":"https:\/\/antcube.shop\/lt\/wp-json\/wp\/v2\/media?parent=2868"}],"wp:term":[{"taxonomy":"product_brand","embeddable":true,"href":"https:\/\/antcube.shop\/lt\/wp-json\/wp\/v2\/product_brand?post=2868"},{"taxonomy":"product_cat","embeddable":true,"href":"https:\/\/antcube.shop\/lt\/wp-json\/wp\/v2\/product_cat?post=2868"},{"taxonomy":"product_tag","embeddable":true,"href":"https:\/\/antcube.shop\/lt\/wp-json\/wp\/v2\/product_tag?post=2868"}],"curies":[{"name":"wp","href":"https:\/\/api.w.org\/{rel}","templated":true}]}}