{"id":2867,"date":"2021-10-13T18:43:10","date_gmt":"2021-10-13T16:43:10","guid":{"rendered":"https:\/\/antcube.shop\/produkt\/antcube-rote-folie-20x20-filter\/"},"modified":"2026-04-05T22:20:13","modified_gmt":"2026-04-05T20:20:13","slug":"antcube-raudonosios-pleveles-20x20-filtras","status":"publish","type":"product","link":"https:\/\/antcube.shop\/lt\/produktas\/antcube-raudonosios-pleveles-20x20-filtras\/","title":{"rendered":"ANTCUBE - Raudona pl\u0117vel\u0117 20\u00d720 - Filtras"},"content":{"rendered":"<p><strong>Matmenys:<\/strong> 19x16 cm<\/p>\n<p><strong>Med\u017eiaga:<\/strong> PVC<\/p>\n<p><strong>Apra\u0161ymas:<\/strong> Raudona permatoma pl\u0117vel\u0117 naudojama tam, kad skruzd\u0117s jaust\u0173si kaip po \u017eeme. Tod\u0117l rekomenduojame \u0161\u012f produkt\u0105 naudoti bent i\u0161 dalies lizdo zonoje. Nepaisant to, skruzd\u0117les galima gerai steb\u0117ti lizde. Tiksliai i\u0161kirpta ANTCUBE \"Skruzd\u0117lynas 20x20cm S\/M\/L - stovintis\".<\/p>\n<p>\u0160i filtro pl\u0117vel\u0117 pasi\u017eymi geresniu \u0161viesos filtro poveikiu nei \u012fprasta apsaugin\u0117 pl\u0117vel\u0117. Atspari temperat\u016brai iki 180 \u00b0C<\/p>\n<p>Filtravimo pl\u0117vel\u0117 laikosi net ir lengvai spaud\u017eiant, taip pat pati laikosi \u016bkyje arba lizdo vietoje. Taip pat galima tvirtinti permatoma lipnia juosta. Tiesiog pritvirtinkite dviem ma\u017eomis juostel\u0117mis vir\u0161utiniuose kampuose, kad v\u0117liau pl\u0117vel\u0119 b\u016bt\u0173 galima pakelti ir geriau matyti lizd\u0105.<\/p>","protected":false},"excerpt":{"rendered":"<p>Matmenys: Med\u017eiaga: 39x19 cm: Med\u017eiaga: PVC Apra\u0161ymas: Raudona permatoma pl\u0117vel\u0117 naudojama skruzd\u0117l\u0117ms suteikti po\u017eemio poj\u016bt\u012f. Tod\u0117l rekomenduojame \u0161\u012f gamin\u012f bent i\u0161 dalies naudoti lizdo zonoje. Nepaisant to, skruzd\u0117les galima gerai steb\u0117ti lizde. Tiksliai i\u0161kirpta ANTCUBE \"Skruzd\u0117lynas 40x20cm S\/M\/L - stovintis\". \u0160i filtravimo pl\u0117vel\u0117","protected":false},"featured_media":5105,"comment_status":"open","ping_status":"closed","template":"","meta":{"_acf_changed":false,"content-type":"","_monsterinsights_skip_tracking":false,"_monsterinsights_sitenote_active":false,"_monsterinsights_sitenote_note":"","_monsterinsights_sitenote_category":0},"product_brand":[],"product_cat":[119,239],"product_tag":[],"class_list":{"0":"post-2867","1":"product","2":"type-product","3":"status-publish","4":"has-post-thumbnail","6":"product_cat-formicarium-components","7":"product_cat-useful-additions","9":"first","10":"instock","11":"taxable","12":"shipping-taxable","13":"purchasable","14":"product-type-simple"},"acf":[],"aioseo_notices":[],"jetpack_sharing_enabled":true,"_links":{"self":[{"href":"https:\/\/antcube.shop\/lt\/wp-json\/wp\/v2\/product\/2867","targetHints":{"allow":["GET"]}}],"collection":[{"href":"https:\/\/antcube.shop\/lt\/wp-json\/wp\/v2\/product"}],"about":[{"href":"https:\/\/antcube.shop\/lt\/wp-json\/wp\/v2\/types\/product"}],"replies":[{"embeddable":true,"href":"https:\/\/antcube.shop\/lt\/wp-json\/wp\/v2\/comments?post=2867"}],"wp:featuredmedia":[{"embeddable":true,"href":"https:\/\/antcube.shop\/lt\/wp-json\/wp\/v2\/media\/5105"}],"wp:attachment":[{"href":"https:\/\/antcube.shop\/lt\/wp-json\/wp\/v2\/media?parent=2867"}],"wp:term":[{"taxonomy":"product_brand","embeddable":true,"href":"https:\/\/antcube.shop\/lt\/wp-json\/wp\/v2\/product_brand?post=2867"},{"taxonomy":"product_cat","embeddable":true,"href":"https:\/\/antcube.shop\/lt\/wp-json\/wp\/v2\/product_cat?post=2867"},{"taxonomy":"product_tag","embeddable":true,"href":"https:\/\/antcube.shop\/lt\/wp-json\/wp\/v2\/product_tag?post=2867"}],"curies":[{"name":"wp","href":"https:\/\/api.w.org\/{rel}","templated":true}]}}