{"id":2865,"date":"2021-10-13T18:42:51","date_gmt":"2021-10-13T16:42:51","guid":{"rendered":"https:\/\/antcube.shop\/produkt\/futterspender-2ml-dosierbar\/"},"modified":"2026-04-08T08:47:59","modified_gmt":"2026-04-08T06:47:59","slug":"pasaru-dozatorius-2ml-vienkartinis","status":"publish","type":"product","link":"https:\/\/antcube.shop\/lt\/produktas\/pasaru-dozatorius-2ml-vienkartinis\/","title":{"rendered":"2ml dozatorius - dozuojamas"},"content":{"rendered":"<p><strong>Matmenys:<\/strong> 30x40x50 mm, 2 ml<\/p>\n<p><strong>Turinys:<\/strong><br \/>\n1x p\u0117del\u0117 su 1x 2,5 mm anga (galima dozuoti 1-2 mm).<br \/>\n1x skruzd\u017ei\u0173 maisto vamzdelis<\/p>\n<p><strong>Med\u017eiaga:<\/strong> PMMA, PS<\/p>\n<p><strong>Apra\u0161ymas:<\/strong> Naudodamos \u0161\u012f dozatori\u0173 skruzd\u0117l\u0117s, esan\u010dios formikariume, gali maitintis si\u016blomu maistu. Idealiai tinka ir atostog\u0173 sezonui. 2 ml skruzd\u017ei\u0173 maisto m\u0117gintuv\u0117lius galima \u012fstatyti \u012f pagrind\u0105. D\u0117l \u012fd\u0117jimo gylio galima dozuoti turim\u0105 maisto kiek\u012f. Dozatorius su 2,5 mm plo\u010dio i\u0161leidimo anga tinka visiems m\u016bs\u0173 milteliams, taip pat smulki\u0173 ir med\u0163iag\u0173 gr\u016bd\u0173 mi\u0161iniams.<\/p>\n<p><strong>Spalvos:<\/strong> skaidrus<\/p>","protected":false},"excerpt":{"rendered":"<p>Matmenys: 30x40x50 mm, 2 ml<\/p>","protected":false},"featured_media":306,"comment_status":"open","ping_status":"closed","template":"","meta":{"_acf_changed":false,"content-type":"","_monsterinsights_skip_tracking":false,"_monsterinsights_sitenote_active":false,"_monsterinsights_sitenote_note":"","_monsterinsights_sitenote_category":0},"product_brand":[],"product_cat":[115,118],"product_tag":[],"class_list":{"0":"post-2865","1":"product","2":"type-product","3":"status-publish","4":"has-post-thumbnail","6":"product_cat-food-and-feeding","7":"product_cat-feeding-bowls","9":"first","10":"instock","11":"taxable","12":"shipping-taxable","13":"purchasable","14":"product-type-simple"},"acf":[],"aioseo_notices":[],"jetpack_sharing_enabled":true,"_links":{"self":[{"href":"https:\/\/antcube.shop\/lt\/wp-json\/wp\/v2\/product\/2865","targetHints":{"allow":["GET"]}}],"collection":[{"href":"https:\/\/antcube.shop\/lt\/wp-json\/wp\/v2\/product"}],"about":[{"href":"https:\/\/antcube.shop\/lt\/wp-json\/wp\/v2\/types\/product"}],"replies":[{"embeddable":true,"href":"https:\/\/antcube.shop\/lt\/wp-json\/wp\/v2\/comments?post=2865"}],"wp:featuredmedia":[{"embeddable":true,"href":"https:\/\/antcube.shop\/lt\/wp-json\/wp\/v2\/media\/306"}],"wp:attachment":[{"href":"https:\/\/antcube.shop\/lt\/wp-json\/wp\/v2\/media?parent=2865"}],"wp:term":[{"taxonomy":"product_brand","embeddable":true,"href":"https:\/\/antcube.shop\/lt\/wp-json\/wp\/v2\/product_brand?post=2865"},{"taxonomy":"product_cat","embeddable":true,"href":"https:\/\/antcube.shop\/lt\/wp-json\/wp\/v2\/product_cat?post=2865"},{"taxonomy":"product_tag","embeddable":true,"href":"https:\/\/antcube.shop\/lt\/wp-json\/wp\/v2\/product_tag?post=2865"}],"curies":[{"name":"wp","href":"https:\/\/api.w.org\/{rel}","templated":true}]}}