{"id":2864,"date":"2021-10-13T18:42:41","date_gmt":"2021-10-13T16:42:41","guid":{"rendered":"https:\/\/antcube.shop\/produkt\/antcube-arena-20x20x10-flach\/"},"modified":"2026-04-14T12:07:34","modified_gmt":"2026-04-14T10:07:34","slug":"antcube-arena-20x20x10-flat","status":"publish","type":"product","link":"https:\/\/antcube.shop\/lt\/produktas\/antcube-arena-20x20x10-flat\/","title":{"rendered":"ANTCUBE - Arena 20x20x10 - plok\u0161\u010dia"},"content":{"rendered":"<p><strong>Matmenys:<\/strong> 200 x 200 x 100 mm; 4 mm storio stiklas<\/p>\n<p><strong>Med\u017eiaga:<\/strong> floatinis stiklas<\/p>\n<p><strong>Ry\u0161ys:<\/strong> 2x skyl\u0117 27 mm<\/p>\n<p><strong>Apra\u0161ymas:<\/strong><br \/>\nStiklinis baseinas 20x20x10 cm su 2x 27 mm gr\u0119\u017eimu.<br \/>\nGr\u0119\u017eimas (centrinis ta\u0161kas) yra 3 cm auk\u0161tyje.<\/p>\n<p><strong>Pastaba:<\/strong> Stiklas pjaustomas pagal DIN 1249, leistina paklaida +\/- 1 mm. Ypa\u010d ma\u017eoms skruzd\u0117li\u0173 r\u016b\u0161ims b\u016btina papildoma apsauga nuo i\u0161lau\u017eimo.<\/p>\n<p>&nbsp;<\/p>","protected":false},"excerpt":{"rendered":"<p>Jungtis: 2x 27 mm skyl\u0117<br \/>\nDydis: <strong>S<\/strong>, <strong>M<\/strong>, <strong>L<\/strong>, <strong>XL<\/strong><\/p>","protected":false},"featured_media":327,"comment_status":"open","ping_status":"closed","template":"","meta":{"_acf_changed":false,"content-type":"","_monsterinsights_skip_tracking":false,"_monsterinsights_sitenote_active":false,"_monsterinsights_sitenote_note":"","_monsterinsights_sitenote_category":0},"product_brand":[],"product_cat":[85,86],"product_tag":[],"class_list":{"0":"post-2864","1":"product","2":"type-product","3":"status-publish","4":"has-post-thumbnail","6":"product_cat-ant-arenas","7":"product_cat-formicariums","9":"first","10":"instock","11":"taxable","12":"shipping-taxable","13":"purchasable","14":"product-type-simple"},"acf":[],"aioseo_notices":[],"jetpack_sharing_enabled":true,"_links":{"self":[{"href":"https:\/\/antcube.shop\/lt\/wp-json\/wp\/v2\/product\/2864","targetHints":{"allow":["GET"]}}],"collection":[{"href":"https:\/\/antcube.shop\/lt\/wp-json\/wp\/v2\/product"}],"about":[{"href":"https:\/\/antcube.shop\/lt\/wp-json\/wp\/v2\/types\/product"}],"replies":[{"embeddable":true,"href":"https:\/\/antcube.shop\/lt\/wp-json\/wp\/v2\/comments?post=2864"}],"wp:featuredmedia":[{"embeddable":true,"href":"https:\/\/antcube.shop\/lt\/wp-json\/wp\/v2\/media\/327"}],"wp:attachment":[{"href":"https:\/\/antcube.shop\/lt\/wp-json\/wp\/v2\/media?parent=2864"}],"wp:term":[{"taxonomy":"product_brand","embeddable":true,"href":"https:\/\/antcube.shop\/lt\/wp-json\/wp\/v2\/product_brand?post=2864"},{"taxonomy":"product_cat","embeddable":true,"href":"https:\/\/antcube.shop\/lt\/wp-json\/wp\/v2\/product_cat?post=2864"},{"taxonomy":"product_tag","embeddable":true,"href":"https:\/\/antcube.shop\/lt\/wp-json\/wp\/v2\/product_tag?post=2864"}],"curies":[{"name":"wp","href":"https:\/\/api.w.org\/{rel}","templated":true}]}}