{"id":2860,"date":"2021-10-13T18:42:02","date_gmt":"2021-10-13T16:42:02","guid":{"rendered":"https:\/\/antcube.shop\/produkt\/antcube-korknest-20x20-stehend\/"},"modified":"2026-04-09T15:19:13","modified_gmt":"2026-04-09T13:19:13","slug":"antcube-cork-nest-20x20-standing","status":"publish","type":"product","link":"https:\/\/antcube.shop\/lt\/produktas\/antcube-cork-nest-20x20-standing\/","title":{"rendered":"ANTCUBE - kam\u0161tinis lizdas 20\u00d720 - stovintis"},"content":{"rendered":"<p><strong>Matmenys:<\/strong> 183 x 160 x 20 mm<\/p>\n<p><strong>Med\u017eiaga:<\/strong> Kam\u0161tiena (plona)<\/p>\n<p>Tinka tik m\u016bs\u0173 skruzd\u0117lyn\u0173 dyd\u017eiui <strong>L<\/strong><\/p>\n<p><strong>Apra\u0161ymas:<\/strong> \u0160is kam\u0161tinis lizdas su surenkamais koridoriais ir kameromis tinka \u012fvairioms skruzd\u0117li\u0173 r\u016b\u0161ims, ypa\u010d toms, kurios lizdus suka (negyvoje) medienoje. Jame yra skylut\u0117, per kuri\u0105 galima patekti \u012f lizd\u0105.<br \/>\nKam\u0161tiena yra chemi\u0161kai neutrali. Jos strukt\u016bra ne tik nepralaidi skys\u010diams, bet ir nesukelia joki\u0173 chemini\u0173 reakcij\u0173, tod\u0117l n\u0117ra pa\u017eeid\u017eiama. Ta\u010diau per didelis dr\u0117gm\u0117s kiekis ilgainiui gali sukelti puvim\u0105 ir suma\u017einti lizdo ilgaam\u017ei\u0161kum\u0105. Nepaisant to, kam\u0161tiena yra labai atspari puvimui, grybeli\u0173 ir pel\u0117si\u0173 poveikiui. Taip yra d\u0117l jo pavir\u0161iaus ir strukt\u016bros, kurie nesudaro geros terp\u0117s grybeliams kolonizuotis. Ta\u010diau gyv\u016bn\u0173 maisto liku\u010diai ir ekskrementai, taip pat kitos organin\u0117s med\u017eiagos gali skatinti pel\u0117si\u0173 augim\u0105.<\/p>\n<p>Tod\u0117l rekomenduojame kam\u0161\u010diuose laikyti daugiausia saus\u0173 region\u0173 r\u016b\u0161is. Vis d\u0117lto \u0161iame rinkinyje galima laikyti ir r\u016b\u0161is i\u0161 dr\u0117gn\u0173 vietovi\u0173, nes daugumai r\u016b\u0161i\u0173 puvimas n\u0117ra problema. Taip pat daugelis skruzd\u0117li\u0173 i\u0161 \u0160iaur\u0117s Europos, pavyzd\u017eiui, Camponotus herculeanus arba Formica fusca, gyvena supuvusioje medienoje.<\/p>\n<p>&nbsp;<\/p>","protected":false},"excerpt":{"rendered":"<p><strong>Tinka tik<\/strong> m\u016bs\u0173 skruzd\u0117lyn\u0173 dydis <strong>L<\/strong><\/p>\n<p><strong>Matmenys:<\/strong> 183 x 160 x 20 mm<\/p>","protected":false},"featured_media":350,"comment_status":"open","ping_status":"closed","template":"","meta":{"_acf_changed":false,"content-type":"","_monsterinsights_skip_tracking":false,"_monsterinsights_sitenote_active":false,"_monsterinsights_sitenote_note":"","_monsterinsights_sitenote_category":0},"product_brand":[],"product_cat":[87,89],"product_tag":[],"class_list":{"0":"post-2860","1":"product","2":"type-product","3":"status-publish","4":"has-post-thumbnail","6":"product_cat-nest-insets","7":"product_cat-cork","9":"first","10":"instock","11":"taxable","12":"shipping-taxable","13":"purchasable","14":"product-type-simple"},"acf":[],"aioseo_notices":[],"jetpack_sharing_enabled":true,"_links":{"self":[{"href":"https:\/\/antcube.shop\/lt\/wp-json\/wp\/v2\/product\/2860","targetHints":{"allow":["GET"]}}],"collection":[{"href":"https:\/\/antcube.shop\/lt\/wp-json\/wp\/v2\/product"}],"about":[{"href":"https:\/\/antcube.shop\/lt\/wp-json\/wp\/v2\/types\/product"}],"replies":[{"embeddable":true,"href":"https:\/\/antcube.shop\/lt\/wp-json\/wp\/v2\/comments?post=2860"}],"wp:featuredmedia":[{"embeddable":true,"href":"https:\/\/antcube.shop\/lt\/wp-json\/wp\/v2\/media\/350"}],"wp:attachment":[{"href":"https:\/\/antcube.shop\/lt\/wp-json\/wp\/v2\/media?parent=2860"}],"wp:term":[{"taxonomy":"product_brand","embeddable":true,"href":"https:\/\/antcube.shop\/lt\/wp-json\/wp\/v2\/product_brand?post=2860"},{"taxonomy":"product_cat","embeddable":true,"href":"https:\/\/antcube.shop\/lt\/wp-json\/wp\/v2\/product_cat?post=2860"},{"taxonomy":"product_tag","embeddable":true,"href":"https:\/\/antcube.shop\/lt\/wp-json\/wp\/v2\/product_tag?post=2860"}],"curies":[{"name":"wp","href":"https:\/\/api.w.org\/{rel}","templated":true}]}}