{"id":2859,"date":"2021-10-13T18:41:44","date_gmt":"2021-10-13T16:41:44","guid":{"rendered":"https:\/\/antcube.shop\/produkt\/tranke-klar-20ml-schwamm\/"},"modified":"2026-04-19T22:20:20","modified_gmt":"2026-04-19T20:20:20","slug":"tranke-klar-20ml-schwamm","status":"publish","type":"product","link":"https:\/\/antcube.shop\/lt\/produktas\/tranke-klar-20ml-schwamm\/","title":{"rendered":"Gertuv\u0117 skaidri 20ml - kempin\u0117l\u0117"},"content":{"rendered":"<p><strong>Matmenys:<\/strong> 40x50x68 mm, 20 ml<\/p>\n<p><strong>Turinys:<\/strong><br \/>\n1x pagrindas su 4x 3 mm angomis ir integruota kempine.<br \/>\n1x vandens rezervuaras 62x22 mm (20 ml)<br \/>\n1x kempin\u0117 30 mm<\/p>\n<p><strong>Med\u017eiaga:<\/strong> PS, PMMA, putplastis (labai smulki\u0173 por\u0173 ir absorbuojantis)<\/p>\n<p><strong>Apra\u0161ymas:<\/strong> Taip skruzd\u0117l\u0117s gali apsir\u016bpinti pakankamu dr\u0117gm\u0117s kiekiu formikariume. Idealiai tinka ir atostog\u0173 sezonui. 20 ml vandens talpykl\u0105 galima \u012fstatyti \u012f koj\u0105 (D\u0117mesio: Kad nenutr\u016bkt\u0173 vandens tiekimas, bakel\u012f \u012fstatykite ne iki galo, o tik iki kempin\u0117s lygio). Didesnio skersmens kempin\u0117, nei pridedamas bakelis, leid\u017eia dr\u0117gmei prasiskverbti \u012f pagrind\u0105. Pagrindo 4 smulkios 18 mm angos, i\u0161d\u0117stytos visomis keturiomis pasaulio kryptimis, leid\u017eia maitinti kolonijas, kuriose yra daug gyv\u016bn\u0173. Pa\u0161alindami putas gyv\u016bnai u\u017esitikrina pakankam\u0105 skys\u010dio kiek\u012f.<\/p>\n<p><strong>Spalvos:<\/strong> kri\u0161tolo skaidrumo, pilkos spalvos<\/p>\n<p>&nbsp;<\/p>","protected":false},"excerpt":{"rendered":"<p><strong>Matmenys:<\/strong> 40x50x68 mm, 20 ml<\/p>","protected":false},"featured_media":3004,"comment_status":"open","ping_status":"closed","template":"","meta":{"_acf_changed":false,"content-type":"","_monsterinsights_skip_tracking":false,"_monsterinsights_sitenote_active":false,"_monsterinsights_sitenote_note":"","_monsterinsights_sitenote_category":0},"product_brand":[],"product_cat":[115,117],"product_tag":[],"class_list":{"0":"post-2859","1":"product","2":"type-product","3":"status-publish","4":"has-post-thumbnail","6":"product_cat-food-and-feeding","7":"product_cat-drinkers-for-ants","9":"first","10":"instock","11":"taxable","12":"shipping-taxable","13":"purchasable","14":"product-type-simple"},"acf":[],"aioseo_notices":[],"jetpack_sharing_enabled":true,"_links":{"self":[{"href":"https:\/\/antcube.shop\/lt\/wp-json\/wp\/v2\/product\/2859","targetHints":{"allow":["GET"]}}],"collection":[{"href":"https:\/\/antcube.shop\/lt\/wp-json\/wp\/v2\/product"}],"about":[{"href":"https:\/\/antcube.shop\/lt\/wp-json\/wp\/v2\/types\/product"}],"replies":[{"embeddable":true,"href":"https:\/\/antcube.shop\/lt\/wp-json\/wp\/v2\/comments?post=2859"}],"wp:featuredmedia":[{"embeddable":true,"href":"https:\/\/antcube.shop\/lt\/wp-json\/wp\/v2\/media\/3004"}],"wp:attachment":[{"href":"https:\/\/antcube.shop\/lt\/wp-json\/wp\/v2\/media?parent=2859"}],"wp:term":[{"taxonomy":"product_brand","embeddable":true,"href":"https:\/\/antcube.shop\/lt\/wp-json\/wp\/v2\/product_brand?post=2859"},{"taxonomy":"product_cat","embeddable":true,"href":"https:\/\/antcube.shop\/lt\/wp-json\/wp\/v2\/product_cat?post=2859"},{"taxonomy":"product_tag","embeddable":true,"href":"https:\/\/antcube.shop\/lt\/wp-json\/wp\/v2\/product_tag?post=2859"}],"curies":[{"name":"wp","href":"https:\/\/api.w.org\/{rel}","templated":true}]}}