{"id":2854,"date":"2021-10-13T18:40:55","date_gmt":"2021-10-13T16:40:55","guid":{"rendered":"https:\/\/antcube.shop\/produkt\/mini-thermo-hygrometer-analog-display-hangend\/"},"modified":"2026-04-05T12:30:18","modified_gmt":"2026-04-05T10:30:18","slug":"mini-thermo-hiprometras-analoginis-displejus-pakabinamas","status":"publish","type":"product","link":"https:\/\/antcube.shop\/lt\/produktas\/mini-thermo-hiprometras-analoginis-displejus-pakabinamas\/","title":{"rendered":"Mini termohigrometras analoginis - ekranas - pakabinamas"},"content":{"rendered":"<p><strong>Matmenys:<\/strong> 75 mm x 45 mm, 20 mm gylio<\/p>\n<p><strong>Med\u017eiaga:<\/strong> metalas \/ akrilas<\/p>\n<p><strong>Spalva:<\/strong> metalas, sidabras \/ skaidrus<\/p>\n<p><strong>Turinys:<\/strong> 1x analoginis metalinis mini termometras - 25 mm, 1x analoginis metalinis mini higrometras - 25 mm, 1x akrilo stiklo laikiklis su i\u0161pjovomis matavimo prietaisams - 75x45 mm, 1x akrilo stiklo pagrindas - 75x20 mm, 2x skaidrios lipnios pagalv\u0117l\u0117s - 30x20 mm.<\/p>\n<p><strong>Apra\u0161ymas:<\/strong><br \/>\nRinkin\u012f sudaro analoginis termometras ir higrometras, pagaminti i\u0161 metalo (25 mm), kurie \u012fdedami \u012f akrilo stiklo plok\u0161tel\u0119 (75x45 mm). Ekranas pritvirtinamas naudojant du skaidrius lipnius pad\u0117kliukus, kuriais pagrind\u0105 (75x20 mm) galima pritvirtinti vir\u0161 galvos prie dang\u010di\u0173 ar r\u0117meli\u0173.<\/p>\n<p><strong>Patarimas:<\/strong><br \/>\nGalin\u0117je pus\u0117je esantys matavimo prietaisai turi likti laisvi, kitaip gali atsirasti matavimo klaid\u0173.<\/p>\n<p><strong>Tikslumas:<\/strong> +\/- 2\u00b0C, +\/- 4\u00b0F<br \/>\n<strong>Tikslumas:<\/strong> +\/- 5%<\/p>","protected":false},"excerpt":{"rendered":"<p>Termometro ir higrometro rinkinys, pagamintas i\u0161 metalo (25 mm), \u012fd\u0117tas \u012f akrilo stiklo plok\u0161tel\u0119 (75x45 mm)<\/p>","protected":false},"featured_media":311,"comment_status":"open","ping_status":"closed","template":"","meta":{"_acf_changed":false,"content-type":"","_monsterinsights_skip_tracking":false,"_monsterinsights_sitenote_active":false,"_monsterinsights_sitenote_note":"","_monsterinsights_sitenote_category":0},"product_brand":[],"product_cat":[119,239],"product_tag":[],"class_list":{"0":"post-2854","1":"product","2":"type-product","3":"status-publish","4":"has-post-thumbnail","6":"product_cat-formicarium-components","7":"product_cat-useful-additions","9":"first","10":"instock","11":"taxable","12":"shipping-taxable","13":"purchasable","14":"product-type-simple"},"acf":[],"aioseo_notices":[],"jetpack_sharing_enabled":true,"_links":{"self":[{"href":"https:\/\/antcube.shop\/lt\/wp-json\/wp\/v2\/product\/2854","targetHints":{"allow":["GET"]}}],"collection":[{"href":"https:\/\/antcube.shop\/lt\/wp-json\/wp\/v2\/product"}],"about":[{"href":"https:\/\/antcube.shop\/lt\/wp-json\/wp\/v2\/types\/product"}],"replies":[{"embeddable":true,"href":"https:\/\/antcube.shop\/lt\/wp-json\/wp\/v2\/comments?post=2854"}],"wp:featuredmedia":[{"embeddable":true,"href":"https:\/\/antcube.shop\/lt\/wp-json\/wp\/v2\/media\/311"}],"wp:attachment":[{"href":"https:\/\/antcube.shop\/lt\/wp-json\/wp\/v2\/media?parent=2854"}],"wp:term":[{"taxonomy":"product_brand","embeddable":true,"href":"https:\/\/antcube.shop\/lt\/wp-json\/wp\/v2\/product_brand?post=2854"},{"taxonomy":"product_cat","embeddable":true,"href":"https:\/\/antcube.shop\/lt\/wp-json\/wp\/v2\/product_cat?post=2854"},{"taxonomy":"product_tag","embeddable":true,"href":"https:\/\/antcube.shop\/lt\/wp-json\/wp\/v2\/product_tag?post=2854"}],"curies":[{"name":"wp","href":"https:\/\/api.w.org\/{rel}","templated":true}]}}