{"id":2852,"date":"2021-10-13T18:40:35","date_gmt":"2021-10-13T16:40:35","guid":{"rendered":"https:\/\/antcube.shop\/produkt\/gittereinsatz-27mm-edelstahl\/"},"modified":"2026-04-07T13:49:44","modified_gmt":"2026-04-07T11:49:44","slug":"tinklelio-ideklas-27mm-nerudijancio-plieno","status":"publish","type":"product","link":"https:\/\/antcube.shop\/lt\/produktas\/tinklelio-ideklas-27mm-nerudijancio-plieno\/","title":{"rendered":"Tinklelio \u012fd\u0117klas - 27 mm - ner\u016bdijantis plienas"},"content":{"rendered":"<p><strong>Kiekis:<\/strong> 1 vnt.<\/p>\n<p><strong>Matmenys:<\/strong> 27 mm (vidinis skersmuo), 33 \u00d7 4 mm (i\u0161oriniai matmenys)<\/p>\n<p><strong>Spalva:<\/strong> skaidrus<\/p>\n<p><strong>Med\u017eiaga:<\/strong> ner\u016bdijantis plienas, akrilas<\/p>\n<p><strong>Apra\u0161ymas:<\/strong><br \/>\n\u0160\u012f tinklelio \u012fd\u0117kl\u0105 su labai smulkiu ner\u016bdijan\u010diojo plieno tinkleliu (0,2 mm) galima \u012fstatyti \u012f 50 mm skylutes ir u\u017etikrinti ger\u0105 formikariumo ventiliacij\u0105, kad skruzd\u0117s negal\u0117t\u0173 i\u0161tr\u016bkti.<br \/>\n\u0160oninio tvirtinimo atveju rekomenduojame papildomai pritvirtinti prekyboje esan\u010diais klijais, kad d\u0117l galim\u0173 sm\u016bgi\u0173 nei\u0161krist\u0173.<\/p>\n<p><strong>Pastaba:<\/strong> Taip pat tinka labai stipriai kandan\u010dioms r\u016b\u0161ims, pavyzd\u017eiui, lapin\u0117ms skruzd\u0117l\u0117ms!<\/p>","protected":false},"excerpt":{"rendered":"<p>Kiekis: I\u0161matavimai: 1 vnt: Spalva: skaidri Med\u017eiaga: ner\u016bdijantis plienas, akrilo stiklas Apra\u0161ymas: \u0160is tinklelio \u012fd\u0117klas su labai smulkiu ner\u016bdijan\u010dio plieno tinkleliu (0,2 mm) gali b\u016bti \u012fd\u0117tas \u012f 50 mm skylutes ir u\u017etikrina ger\u0105 formikariumo ventiliacij\u0105, o skruzd\u0117l\u0117s negali i\u0161tr\u016bkti. \u0160oninio tvirtinimo atveju mes","protected":false},"featured_media":337,"comment_status":"open","ping_status":"closed","template":"","meta":{"_acf_changed":false,"content-type":"","_monsterinsights_skip_tracking":false,"_monsterinsights_sitenote_active":false,"_monsterinsights_sitenote_note":"","_monsterinsights_sitenote_category":0},"product_brand":[],"product_cat":[238],"product_tag":[],"class_list":{"0":"post-2852","1":"product","2":"type-product","3":"status-publish","4":"has-post-thumbnail","6":"product_cat-grid-caps-plugs-and-inserts","8":"first","9":"instock","10":"taxable","11":"shipping-taxable","12":"purchasable","13":"product-type-simple"},"acf":[],"aioseo_notices":[],"jetpack_sharing_enabled":true,"_links":{"self":[{"href":"https:\/\/antcube.shop\/lt\/wp-json\/wp\/v2\/product\/2852","targetHints":{"allow":["GET"]}}],"collection":[{"href":"https:\/\/antcube.shop\/lt\/wp-json\/wp\/v2\/product"}],"about":[{"href":"https:\/\/antcube.shop\/lt\/wp-json\/wp\/v2\/types\/product"}],"replies":[{"embeddable":true,"href":"https:\/\/antcube.shop\/lt\/wp-json\/wp\/v2\/comments?post=2852"}],"wp:featuredmedia":[{"embeddable":true,"href":"https:\/\/antcube.shop\/lt\/wp-json\/wp\/v2\/media\/337"}],"wp:attachment":[{"href":"https:\/\/antcube.shop\/lt\/wp-json\/wp\/v2\/media?parent=2852"}],"wp:term":[{"taxonomy":"product_brand","embeddable":true,"href":"https:\/\/antcube.shop\/lt\/wp-json\/wp\/v2\/product_brand?post=2852"},{"taxonomy":"product_cat","embeddable":true,"href":"https:\/\/antcube.shop\/lt\/wp-json\/wp\/v2\/product_cat?post=2852"},{"taxonomy":"product_tag","embeddable":true,"href":"https:\/\/antcube.shop\/lt\/wp-json\/wp\/v2\/product_tag?post=2852"}],"curies":[{"name":"wp","href":"https:\/\/api.w.org\/{rel}","templated":true}]}}