{"id":2850,"date":"2021-10-13T18:40:15","date_gmt":"2021-10-13T16:40:15","guid":{"rendered":"https:\/\/antcube.shop\/produkt\/gitterkappe-16mm-edelstahl\/"},"modified":"2026-04-08T08:47:48","modified_gmt":"2026-04-08T06:47:48","slug":"gitterkappe-16mm-edelstahl","status":"publish","type":"product","link":"https:\/\/antcube.shop\/lt\/produktas\/gitterkappe-16mm-edelstahl\/","title":{"rendered":"Tinklelio dangtelis - 16 mm - Ner\u016bdijantis plienas"},"content":{"rendered":"<p><strong>Kiekis:<\/strong> 1 vnt.<\/p>\n<p><strong>Matmenys:<\/strong> 16 mm (vidinis skersmuo), 20\u00d74 mm (i\u0161oriniai matmenys)<\/p>\n<p><strong>Spalva:<\/strong> skaidrus<\/p>\n<p><strong>Med\u017eiaga:<\/strong> ner\u016bdijantis plienas, akrilas<\/p>\n<p><strong>Apra\u0161ymas:<\/strong><br \/>\n\u0160\u012f tinklelio dangtel\u012f su labai plonu ner\u016bdijan\u010diojo plieno tinkleliu (0,2 mm) galima u\u017ed\u0117ti ant lizdo, vamzd\u017eio ar \u017earnos galo ir jis u\u017etikrina ger\u0105 formikariumo ventiliacij\u0105, o skruzd\u0117s negali i\u0161tr\u016bkti. Tiek ner\u016bdijan\u010dio plieno tinklelis, tiek akrilo stiklo r\u0117melis yra skaidr\u016bs.<\/p>\n<p><strong>Pastaba:<\/strong> Taip pat tinka labai stipriai kandan\u010dioms r\u016b\u0161ims, pavyzd\u017eiui, lapin\u0117ms skruzd\u0117l\u0117ms!<\/p>\n<p>&nbsp;<\/p>","protected":false},"excerpt":{"rendered":"<p>Kiekis: I\u0161matavimai: 1 vnt: Spalva: skaidri Med\u017eiaga: ner\u016bdijantis plienas, akrilas Apra\u0161ymas: \u0160is tinklelio dangtelis su labai smulkiu ner\u016bdijan\u010dio plieno tinkleliu (0,2 mm) gali b\u016bti u\u017ededamas ant lizdo, vamzd\u017eio ar \u017earnos galo ir u\u017etikrina ger\u0105 formikariumo ventiliacij\u0105, o skruzd\u0117s negali i\u0161tr\u016bkti. Abu","protected":false},"featured_media":336,"comment_status":"open","ping_status":"closed","template":"","meta":{"_acf_changed":false,"content-type":"","_monsterinsights_skip_tracking":false,"_monsterinsights_sitenote_active":false,"_monsterinsights_sitenote_note":"","_monsterinsights_sitenote_category":0},"product_brand":[],"product_cat":[238],"product_tag":[],"class_list":{"0":"post-2850","1":"product","2":"type-product","3":"status-publish","4":"has-post-thumbnail","6":"product_cat-grid-caps-plugs-and-inserts","8":"first","9":"instock","10":"taxable","11":"shipping-taxable","12":"purchasable","13":"product-type-simple"},"acf":[],"aioseo_notices":[],"jetpack_sharing_enabled":true,"_links":{"self":[{"href":"https:\/\/antcube.shop\/lt\/wp-json\/wp\/v2\/product\/2850","targetHints":{"allow":["GET"]}}],"collection":[{"href":"https:\/\/antcube.shop\/lt\/wp-json\/wp\/v2\/product"}],"about":[{"href":"https:\/\/antcube.shop\/lt\/wp-json\/wp\/v2\/types\/product"}],"replies":[{"embeddable":true,"href":"https:\/\/antcube.shop\/lt\/wp-json\/wp\/v2\/comments?post=2850"}],"wp:featuredmedia":[{"embeddable":true,"href":"https:\/\/antcube.shop\/lt\/wp-json\/wp\/v2\/media\/336"}],"wp:attachment":[{"href":"https:\/\/antcube.shop\/lt\/wp-json\/wp\/v2\/media?parent=2850"}],"wp:term":[{"taxonomy":"product_brand","embeddable":true,"href":"https:\/\/antcube.shop\/lt\/wp-json\/wp\/v2\/product_brand?post=2850"},{"taxonomy":"product_cat","embeddable":true,"href":"https:\/\/antcube.shop\/lt\/wp-json\/wp\/v2\/product_cat?post=2850"},{"taxonomy":"product_tag","embeddable":true,"href":"https:\/\/antcube.shop\/lt\/wp-json\/wp\/v2\/product_tag?post=2850"}],"curies":[{"name":"wp","href":"https:\/\/api.w.org\/{rel}","templated":true}]}}