{"id":2848,"date":"2021-10-13T18:39:56","date_gmt":"2021-10-13T16:39:56","guid":{"rendered":"https:\/\/antcube.shop\/produkt\/tranke-2ml-360-grad\/"},"modified":"2026-04-05T12:30:25","modified_gmt":"2026-04-05T10:30:25","slug":"tranke-2ml-360-grad","status":"publish","type":"product","link":"https:\/\/antcube.shop\/lt\/produktas\/tranke-2ml-360-grad\/","title":{"rendered":"Gertuv\u0117 2ml - 360 laipsni\u0173"},"content":{"rendered":"<p><strong>Matmenys:<\/strong> 30x40x52 mm, 2 ml<\/p>\n<p><strong>Turinys:<\/strong><br \/>\n1x p\u0117da su 24x 0,5 mm angomis<br \/>\n1x skruzd\u017ei\u0173 maisto vamzdelis<\/p>\n<p><strong>Med\u017eiaga:<\/strong> PLA, PS, PMMA<\/p>\n<p><strong>Apra\u0161ymas:<\/strong> Taip skruzd\u0117l\u0117s gali apsir\u016bpinti pakankamai dr\u0117gm\u0117s formikariumo viduje. Idealiai tinka ir atostog\u0173 sezonui. Dabar 2 ml skruzd\u017ei\u0173 maisto m\u0117gintuv\u0117lius galima \u012fki\u0161ti \u012f p\u0117d\u0105. D\u0117l 24 smulki\u0173 0,5 mm ang\u0173, i\u0161d\u0117styt\u0173 360\u00b0 kampu, galima apr\u016bpinti labai gausias ir labai ma\u017eas kolonijas.<\/p>\n<p><strong>Spalva:<\/strong> skaidrus<\/p>\n<p>&nbsp;<\/p>","protected":false},"excerpt":{"rendered":"<p>Matmenys: 30x40x52 mm, 2 ml<\/p>","protected":false},"featured_media":305,"comment_status":"open","ping_status":"closed","template":"","meta":{"_acf_changed":false,"content-type":"","_monsterinsights_skip_tracking":false,"_monsterinsights_sitenote_active":false,"_monsterinsights_sitenote_note":"","_monsterinsights_sitenote_category":0},"product_brand":[],"product_cat":[115,117],"product_tag":[],"class_list":{"0":"post-2848","1":"product","2":"type-product","3":"status-publish","4":"has-post-thumbnail","6":"product_cat-food-and-feeding","7":"product_cat-drinkers-for-ants","9":"first","10":"instock","11":"taxable","12":"shipping-taxable","13":"purchasable","14":"product-type-simple"},"acf":[],"aioseo_notices":[],"jetpack_sharing_enabled":true,"_links":{"self":[{"href":"https:\/\/antcube.shop\/lt\/wp-json\/wp\/v2\/product\/2848","targetHints":{"allow":["GET"]}}],"collection":[{"href":"https:\/\/antcube.shop\/lt\/wp-json\/wp\/v2\/product"}],"about":[{"href":"https:\/\/antcube.shop\/lt\/wp-json\/wp\/v2\/types\/product"}],"replies":[{"embeddable":true,"href":"https:\/\/antcube.shop\/lt\/wp-json\/wp\/v2\/comments?post=2848"}],"wp:featuredmedia":[{"embeddable":true,"href":"https:\/\/antcube.shop\/lt\/wp-json\/wp\/v2\/media\/305"}],"wp:attachment":[{"href":"https:\/\/antcube.shop\/lt\/wp-json\/wp\/v2\/media?parent=2848"}],"wp:term":[{"taxonomy":"product_brand","embeddable":true,"href":"https:\/\/antcube.shop\/lt\/wp-json\/wp\/v2\/product_brand?post=2848"},{"taxonomy":"product_cat","embeddable":true,"href":"https:\/\/antcube.shop\/lt\/wp-json\/wp\/v2\/product_cat?post=2848"},{"taxonomy":"product_tag","embeddable":true,"href":"https:\/\/antcube.shop\/lt\/wp-json\/wp\/v2\/product_tag?post=2848"}],"curies":[{"name":"wp","href":"https:\/\/api.w.org\/{rel}","templated":true}]}}