{"id":2841,"date":"2021-10-13T18:37:30","date_gmt":"2021-10-13T16:37:30","guid":{"rendered":"https:\/\/antcube.shop\/produkt\/food-mix-set-standard\/"},"modified":"2026-04-05T21:18:39","modified_gmt":"2026-04-05T19:18:39","slug":"maisto-misiniu-rinkinio-standartas","status":"publish","type":"product","link":"https:\/\/antcube.shop\/lt\/produktas\/maisto-misiniu-rinkinio-standartas\/","title":{"rendered":"Maisto mi\u0161ini\u0173 rinkinys - standartinis"},"content":{"rendered":"<p><strong>Turinys:<\/strong> 2 ml viename maitinimo vamzdyje<br \/>\n2x baltyminis maistas (PP)<br \/>\n2x baltyminis maistas FD vabzd\u017eiai (PI)<br \/>\n2x angliavandeni\u0173 maistas (K)<br \/>\n2x vaisi\u0173 maistas (F)<br \/>\n2x cukraus ir medaus tirpalas (ZH)<br \/>\n1x kempin\u0117<\/p>\n<p><span data-text-color=\"alert\"><strong>D\u0117mesio:<\/strong> <\/span>Miltelius sumai\u0161ykite su la\u0161eliu vandens, nes saus\u0173 milteli\u0173 gyv\u016bnai nepriima!<\/p>\n<p><strong>Apra\u0161ymas:<\/strong><br \/>\nTai maisto mi\u0161inio rinkinys, skirtas \u012fvairi\u0173 r\u016b\u0161i\u0173 skruzd\u0117l\u0117ms, kurios minta angliavandeniais ir baltymais. Jame yra visko, ko reikia skruzd\u0117l\u0117ms subalansuotai mitybai. Kadangi atskiri maisto daviniai pripildyti atskirose m\u0117gintuv\u0117liuose, juos lengva dozuoti. Baltymin\u012f, angliavandeni\u0173 ir vaisi\u0173 maist\u0105 rekomenduojama minimaliai sudr\u0117kinti trupu\u010diu vandens. Tai taip pat neleis milteliams i\u0161b\u0117gti, kai jie bus naudojami \"centriniame\" formikariume skylut\u0117je.<\/p>\n<p><strong>Naudojimas \/ taikymas:<\/strong><br \/>\nBaltyminis maistas = vabzd\u017eia\u0117d\u017ei\u0173 skruzd\u0117li\u0173 (Eulipotyphla) r\u016b\u0161i\u0173 maistas.<br \/>\nTai papildomas pa\u0161aras (kombinuotasis pa\u0161aras)<br \/>\nJ\u012f reikia sumai\u0161yti su la\u0161eliu vandens, tada dr\u0117gn\u0105 galima laikyti tik 1 dien\u0105. Prie\u0161 pakartotinai naudodami kruop\u0161\u010diai i\u0161valykite \u0161\u0117rimo duben\u0117l\u012f ir (arba) m\u0117gintuv\u0117l\u012f.<br \/>\nAtidaryt\u0105 pakuot\u0119 reikia naudoti gerai u\u017edaryt\u0105 (jei laikoma sausai) iki nurodytos (tinkamumo vartoti iki) datos.<\/p>\n<p>Baltyminis pa\u0161aras FD = vabzd\u017eia\u0117d\u017ei\u0173 skruzd\u0117li\u0173 r\u016b\u0161ims (Eulipotyphla)<br \/>\nTai papildomas pa\u0161aras (kombinuotasis pa\u0161aras).<br \/>\nJ\u012f reikia sumai\u0161yti su la\u0161eliu vandens, tada dr\u0117gn\u0105 galima laikyti tik 1 dien\u0105. Prie\u0161 pakartotinai naudodami kruop\u0161\u010diai i\u0161valykite \u0161\u0117rimo duben\u0117l\u012f ir (arba) m\u0117gintuv\u0117l\u012f.<br \/>\nAtidaryt\u0105 pakuot\u0119 reikia naudoti gerai u\u017edaryt\u0105 (jei laikoma sausai) iki nurodytos (tinkamumo vartoti iki) datos.<\/p>\n<p>Angliavandeni\u0173 maistas = cukrumi ir medumi mintan\u010di\u0173 skruzd\u0117li\u0173 r\u016b\u0161ims<br \/>\nTai papildomas pa\u0161aras (kombinuotasis pa\u0161aras)<br \/>\nJ\u012f galima sumai\u0161yti su la\u0161eliu vandens, o sudr\u0117kint\u0105 galima laikyti 3 dienas. Prie\u0161 pakartotinai naudodami kruop\u0161\u010diai i\u0161valykite \u0161\u0117rimo duben\u0117l\u012f ir (arba) m\u0117gintuv\u0117l\u012f.<br \/>\nAtidaryt\u0105 pakuot\u0119 reikia naudoti gerai u\u017edaryt\u0105 (jei ji laikoma sausai) iki nurodytos (tinkamumo vartoti datos).<\/p>\n<p>Vaisi\u0173 maistas = vaisiais mintan\u010di\u0173 skruzd\u0117li\u0173 r\u016b\u0161i\u0173 (vais\u0117d\u017ei\u0173)<br \/>\nTai papildomas pa\u0161aras (vienkartinis pa\u0161aras)<br \/>\nJ\u012f galima sumai\u0161yti su la\u0161eliu vandens, o sudr\u0117kintas jis galioja 3 dienas. Prie\u0161 pakartotinai naudodami kruop\u0161\u010diai i\u0161valykite \u0161\u0117rimo duben\u0117l\u012f ir (arba) m\u0117gintuv\u0117l\u012f.<br \/>\nAtidaryt\u0105 pakuot\u0119 reikia naudoti gerai u\u017edaryt\u0105 (jei ji laikoma sausai) iki nurodytos (tinkamumo vartoti datos).<\/p>\n<p>Cukraus ir medaus tirpalas = skirtas cukrumi ir medumi mintan\u010dioms skruzd\u0117li\u0173 r\u016b\u0161ims.<br \/>\nTai papildomas pa\u0161aras (kombinuotasis pa\u0161aras)<br \/>\nGyv\u016bnams gali b\u016bti si\u016blomas pristatytas. Kadangi d\u0117l dr\u0117gm\u0117s suma\u017e\u0117ja cukraus koncentracija ir prasideda fermentacijos procesas, pa\u0161ar\u0105 reikia keisti kas 3 dienas. Prie\u0161 pakartotinai naudodami kruop\u0161\u010diai i\u0161valykite \u0161\u0117rimo duben\u0117l\u012f ir (arba) m\u0117gintuv\u0117l\u012f.<br \/>\nAtidaryt\u0105 pakuot\u0119 reikia naudoti sandariai u\u017edaryt\u0105 iki nurodytos datos (geriausias iki).<\/p>\n<p><strong>Prane\u0161imas:<\/strong><br \/>\nInformacijos apie tai, kaip naudoti maitinimo vamzdelius, rasite \u010dia: Nuoroda<br \/>\nVisavertis pa\u0161aras vabzd\u017eia\u0117d\u0117ms skruzd\u0117l\u0117ms.<br \/>\nSud\u0117t\u012f, analitines sudedam\u0105sias dalis, tinkamumo vartoti termin\u0105 ir partijos numer\u012f rasite pakuot\u0117s lapelyje.<\/p>\n<p>Informacijos kar\u0161toji linija +49 30 439703870<\/p>\n<p>Atsakinga veterinarijos ir maisto prie\u017ei\u016bros institucija:<br \/>\nSteglitzo veterinarijos biuras<br \/>\nK\u00f6nigin-Luise-Str. 92<br \/>\n14195 Berlynas<\/p>","protected":false},"excerpt":{"rendered":"<p>Visavertis pa\u0161aras<\/p>","protected":false},"featured_media":309,"comment_status":"open","ping_status":"closed","template":"","meta":{"_acf_changed":false,"content-type":"","_monsterinsights_skip_tracking":false,"_monsterinsights_sitenote_active":false,"_monsterinsights_sitenote_note":"","_monsterinsights_sitenote_category":0},"product_brand":[],"product_cat":[115,116],"product_tag":[],"class_list":{"0":"post-2841","1":"product","2":"type-product","3":"status-publish","4":"has-post-thumbnail","6":"product_cat-food-and-feeding","7":"product_cat-food","9":"first","10":"instock","11":"taxable","12":"shipping-taxable","13":"purchasable","14":"product-type-simple"},"acf":[],"aioseo_notices":[],"jetpack_sharing_enabled":true,"_links":{"self":[{"href":"https:\/\/antcube.shop\/lt\/wp-json\/wp\/v2\/product\/2841","targetHints":{"allow":["GET"]}}],"collection":[{"href":"https:\/\/antcube.shop\/lt\/wp-json\/wp\/v2\/product"}],"about":[{"href":"https:\/\/antcube.shop\/lt\/wp-json\/wp\/v2\/types\/product"}],"replies":[{"embeddable":true,"href":"https:\/\/antcube.shop\/lt\/wp-json\/wp\/v2\/comments?post=2841"}],"wp:featuredmedia":[{"embeddable":true,"href":"https:\/\/antcube.shop\/lt\/wp-json\/wp\/v2\/media\/309"}],"wp:attachment":[{"href":"https:\/\/antcube.shop\/lt\/wp-json\/wp\/v2\/media?parent=2841"}],"wp:term":[{"taxonomy":"product_brand","embeddable":true,"href":"https:\/\/antcube.shop\/lt\/wp-json\/wp\/v2\/product_brand?post=2841"},{"taxonomy":"product_cat","embeddable":true,"href":"https:\/\/antcube.shop\/lt\/wp-json\/wp\/v2\/product_cat?post=2841"},{"taxonomy":"product_tag","embeddable":true,"href":"https:\/\/antcube.shop\/lt\/wp-json\/wp\/v2\/product_tag?post=2841"}],"curies":[{"name":"wp","href":"https:\/\/api.w.org\/{rel}","templated":true}]}}