{"id":2840,"date":"2021-10-13T18:37:21","date_gmt":"2021-10-13T16:37:21","guid":{"rendered":"https:\/\/antcube.shop\/produkt\/bodengrund-wuste-1-kg\/"},"modified":"2026-04-09T14:48:10","modified_gmt":"2026-04-09T12:48:10","slug":"substrato-dykuma-1-kg","status":"publish","type":"product","link":"https:\/\/antcube.shop\/lt\/produktas\/substrato-dykuma-1-kg\/","title":{"rendered":"Substratas - dykuma - 1 kg"},"content":{"rendered":"<p><strong>Turinys:<\/strong> 1 kg<\/p>\n<p><strong>Med\u017eiaga:<\/strong> sm\u0117lis, akmenys, molis<\/p>\n<p><strong>Spalva:<\/strong> sm\u0117lio spalvos<\/p>\n<p><strong>Apra\u0161ymas:<\/strong> \u0160\u012f dykumos dirvo\u017eem\u012f daugiausia sudaro sm\u0117lis, molis ir \u0161iek tiek akmen\u0173.<br \/>\nTai nat\u016bralus dirvo\u017eemis visoms skruzd\u017ei\u0173 r\u016b\u0161ims, gyvenan\u010dioms dykum\u0173 ir Vidur\u017eemio j\u016bros regionuose.<\/p>\n<p><strong>Taikymas:<\/strong> lizdams ir arenoms \u012frengti galima naudoti \u017eem\u0119, kurioje galima kasti \u017eem\u0119!<\/p>\n<p><strong>Pastaba:<\/strong> kadangi tai grynai nat\u016bralus produktas, gali b\u016bti nedideli\u0173 spalvos ir strukt\u016bros skirtum\u0173, kuri\u0173 mes negalime paveikti.<\/p>\n<p><strong>Svarbu:<\/strong> Prie\u0161 naudodami sudr\u0117kinkite substrat\u0105, kad mi\u0161inys susijungt\u0173 ir tvirtai \u012fsitvirtint\u0173 skruzd\u0117lyne. Be to, per sausas ir dulk\u0117tas substratas gali u\u017ekim\u0161ti skruzd\u0117li\u0173 kv\u0117pavimo takus ir blogiausiu atveju gyv\u016bnai gali u\u017edusti.<\/p>","protected":false},"excerpt":{"rendered":"<p>Nat\u016bralios specialios buvein\u0117s dirvo\u017eemis ir (arba) substratas<\/p>","protected":false},"featured_media":5509,"comment_status":"open","ping_status":"closed","template":"","meta":{"_acf_changed":false,"content-type":"","_monsterinsights_skip_tracking":false,"_monsterinsights_sitenote_active":false,"_monsterinsights_sitenote_note":"","_monsterinsights_sitenote_category":0},"product_brand":[],"product_cat":[96],"product_tag":[],"class_list":{"0":"post-2840","1":"product","2":"type-product","3":"status-publish","4":"has-post-thumbnail","6":"product_cat-soil","8":"first","9":"instock","10":"taxable","11":"shipping-taxable","12":"purchasable","13":"product-type-simple"},"acf":[],"aioseo_notices":[],"jetpack_sharing_enabled":true,"_links":{"self":[{"href":"https:\/\/antcube.shop\/lt\/wp-json\/wp\/v2\/product\/2840","targetHints":{"allow":["GET"]}}],"collection":[{"href":"https:\/\/antcube.shop\/lt\/wp-json\/wp\/v2\/product"}],"about":[{"href":"https:\/\/antcube.shop\/lt\/wp-json\/wp\/v2\/types\/product"}],"replies":[{"embeddable":true,"href":"https:\/\/antcube.shop\/lt\/wp-json\/wp\/v2\/comments?post=2840"}],"wp:featuredmedia":[{"embeddable":true,"href":"https:\/\/antcube.shop\/lt\/wp-json\/wp\/v2\/media\/5509"}],"wp:attachment":[{"href":"https:\/\/antcube.shop\/lt\/wp-json\/wp\/v2\/media?parent=2840"}],"wp:term":[{"taxonomy":"product_brand","embeddable":true,"href":"https:\/\/antcube.shop\/lt\/wp-json\/wp\/v2\/product_brand?post=2840"},{"taxonomy":"product_cat","embeddable":true,"href":"https:\/\/antcube.shop\/lt\/wp-json\/wp\/v2\/product_cat?post=2840"},{"taxonomy":"product_tag","embeddable":true,"href":"https:\/\/antcube.shop\/lt\/wp-json\/wp\/v2\/product_tag?post=2840"}],"curies":[{"name":"wp","href":"https:\/\/api.w.org\/{rel}","templated":true}]}}