{"id":2839,"date":"2021-10-13T18:37:12","date_gmt":"2021-10-13T16:37:12","guid":{"rendered":"https:\/\/antcube.shop\/produkt\/bodengrund-regenwald-1-kg\/"},"modified":"2026-04-07T02:16:17","modified_gmt":"2026-04-07T00:16:17","slug":"bodengrund-regenwald-1-kg","status":"publish","type":"product","link":"https:\/\/antcube.shop\/lt\/produktas\/bodengrund-regenwald-1-kg\/","title":{"rendered":"Substratas - atogr\u0105\u017e\u0173 mi\u0161kas - 1 kg"},"content":{"rendered":"<p><strong>Turinys:<\/strong> 1 kg<\/p>\n<p><strong>Med\u017eiaga:<\/strong> sm\u0117lis, durp\u0117s, humusas, molis<\/p>\n<p><strong>Spalva:<\/strong> rudos, sm\u0117lio spalvos<\/p>\n<p><strong>Apra\u0161ymas:<\/strong> \u0160is nat\u016bralus atogr\u0105\u017e\u0173 mi\u0161k\u0173 dirvo\u017eemis sudarytas i\u0161 sm\u0117lio, durpi\u0173, humuso ir molio mi\u0161inio.<br \/>\nJame yra \u0161iek tiek ma\u017eiau molio nei \u012fprastame atogr\u0105\u017e\u0173 mi\u0161k\u0173 dirvo\u017eemyje, ta\u010diau d\u0117l to skruzd\u0117l\u0117ms lengviau kasti ir skruzd\u0117l\u0117s j\u012f daug geriau priima. Jis tinka visoms skruzd\u0117li\u0173 r\u016b\u0161ims, gyvenan\u010dioms atogr\u0105\u017e\u0173 mi\u0161k\u0173 dirvo\u017eemyje arba apskritai dr\u0117gnose tropin\u0117se buvein\u0117se.<\/p>\n<p><strong>Taikymas:<\/strong> Dirvo\u017eem\u012f galima naudoti lizdui ir arenos teritorijai \u012frengti!<\/p>\n<p><strong>Pastaba:<\/strong> kadangi tai grynas nat\u016bralus produktas, gali b\u016bti nedideli\u0173 spalvos ir strukt\u016bros skirtum\u0173, kuri\u0173 mes negalime paveikti.<\/p>\n<p><strong>Svarbu:<\/strong> Prie\u0161 naudodami sudr\u0117kinkite substrat\u0105, kad mi\u0161inys susijungt\u0173 ir tvirtai \u012fsitvirtint\u0173 skruzd\u0117lyne. Be to, per sausas ir dulk\u0117tas substratas gali u\u017ekim\u0161ti skruzd\u0117li\u0173 kv\u0117pavimo takus ir blogiausiu atveju gyv\u016bnai gali u\u017edusti.<\/p>","protected":false},"excerpt":{"rendered":"<p>Nat\u016bralios specialios buvein\u0117s dirvo\u017eemis ir (arba) substratas<\/p>","protected":false},"featured_media":5501,"comment_status":"open","ping_status":"closed","template":"","meta":{"_acf_changed":false,"content-type":"","_monsterinsights_skip_tracking":false,"_monsterinsights_sitenote_active":false,"_monsterinsights_sitenote_note":"","_monsterinsights_sitenote_category":0},"product_brand":[],"product_cat":[96],"product_tag":[],"class_list":{"0":"post-2839","1":"product","2":"type-product","3":"status-publish","4":"has-post-thumbnail","6":"product_cat-soil","8":"first","9":"instock","10":"taxable","11":"shipping-taxable","12":"purchasable","13":"product-type-simple"},"acf":[],"aioseo_notices":[],"jetpack_sharing_enabled":true,"_links":{"self":[{"href":"https:\/\/antcube.shop\/lt\/wp-json\/wp\/v2\/product\/2839","targetHints":{"allow":["GET"]}}],"collection":[{"href":"https:\/\/antcube.shop\/lt\/wp-json\/wp\/v2\/product"}],"about":[{"href":"https:\/\/antcube.shop\/lt\/wp-json\/wp\/v2\/types\/product"}],"replies":[{"embeddable":true,"href":"https:\/\/antcube.shop\/lt\/wp-json\/wp\/v2\/comments?post=2839"}],"wp:featuredmedia":[{"embeddable":true,"href":"https:\/\/antcube.shop\/lt\/wp-json\/wp\/v2\/media\/5501"}],"wp:attachment":[{"href":"https:\/\/antcube.shop\/lt\/wp-json\/wp\/v2\/media?parent=2839"}],"wp:term":[{"taxonomy":"product_brand","embeddable":true,"href":"https:\/\/antcube.shop\/lt\/wp-json\/wp\/v2\/product_brand?post=2839"},{"taxonomy":"product_cat","embeddable":true,"href":"https:\/\/antcube.shop\/lt\/wp-json\/wp\/v2\/product_cat?post=2839"},{"taxonomy":"product_tag","embeddable":true,"href":"https:\/\/antcube.shop\/lt\/wp-json\/wp\/v2\/product_tag?post=2839"}],"curies":[{"name":"wp","href":"https:\/\/api.w.org\/{rel}","templated":true}]}}