{"id":2831,"date":"2021-10-13T18:35:55","date_gmt":"2021-10-13T16:35:55","guid":{"rendered":"https:\/\/antcube.shop\/produkt\/formicarienkappe-fur-10mm-buchse\/"},"modified":"2026-04-09T09:31:57","modified_gmt":"2026-04-09T07:31:57","slug":"10-mm-lizdo-formikatoriaus-dangtelis","status":"publish","type":"product","link":"https:\/\/antcube.shop\/lt\/produktas\/10-mm-lizdo-formikatoriaus-dangtelis\/","title":{"rendered":"Formikaro dangtelis 10 mm lizdui"},"content":{"rendered":"<p><strong>Kiekis:<\/strong> 1 vnt.<\/p>\n<p><strong>Matmenys:<\/strong> 11 x 11 mm<\/p>\n<p><strong>Med\u017eiaga:<\/strong> PE plastikas<\/p>\n<p><strong>Spalva:<\/strong> skaidrus, pieni\u0161kas<\/p>\n<p><strong>Apra\u0161ymas:<\/strong> Skirti 10 mm lizdams u\u017edaryti, pvz., m\u016bs\u0173 \"M-Antfarms\" jungiamiesiems lizdams.<\/p>","protected":false},"excerpt":{"rendered":"<p>Kiekis: I\u0161matavimai: 1 vnt: 11 x 11 mm Med\u017eiaga: PE plastikas Spalva: skaidri, pieno spalvos Apra\u0161ymas: Skirta 10 mm lizdams u\u017edaryti, pvz., m\u016bs\u0173 \"M-Antfarms\" jungiamiesiems lizdams.<\/p>","protected":false},"featured_media":340,"comment_status":"open","ping_status":"closed","template":"","meta":{"_acf_changed":false,"content-type":"","_monsterinsights_skip_tracking":false,"_monsterinsights_sitenote_active":false,"_monsterinsights_sitenote_note":"","_monsterinsights_sitenote_category":0},"product_brand":[],"product_cat":[238],"product_tag":[],"class_list":{"0":"post-2831","1":"product","2":"type-product","3":"status-publish","4":"has-post-thumbnail","6":"product_cat-grid-caps-plugs-and-inserts","8":"first","9":"instock","10":"taxable","11":"shipping-taxable","12":"purchasable","13":"product-type-simple"},"acf":[],"aioseo_notices":[],"jetpack_sharing_enabled":true,"_links":{"self":[{"href":"https:\/\/antcube.shop\/lt\/wp-json\/wp\/v2\/product\/2831","targetHints":{"allow":["GET"]}}],"collection":[{"href":"https:\/\/antcube.shop\/lt\/wp-json\/wp\/v2\/product"}],"about":[{"href":"https:\/\/antcube.shop\/lt\/wp-json\/wp\/v2\/types\/product"}],"replies":[{"embeddable":true,"href":"https:\/\/antcube.shop\/lt\/wp-json\/wp\/v2\/comments?post=2831"}],"wp:featuredmedia":[{"embeddable":true,"href":"https:\/\/antcube.shop\/lt\/wp-json\/wp\/v2\/media\/340"}],"wp:attachment":[{"href":"https:\/\/antcube.shop\/lt\/wp-json\/wp\/v2\/media?parent=2831"}],"wp:term":[{"taxonomy":"product_brand","embeddable":true,"href":"https:\/\/antcube.shop\/lt\/wp-json\/wp\/v2\/product_brand?post=2831"},{"taxonomy":"product_cat","embeddable":true,"href":"https:\/\/antcube.shop\/lt\/wp-json\/wp\/v2\/product_cat?post=2831"},{"taxonomy":"product_tag","embeddable":true,"href":"https:\/\/antcube.shop\/lt\/wp-json\/wp\/v2\/product_tag?post=2831"}],"curies":[{"name":"wp","href":"https:\/\/api.w.org\/{rel}","templated":true}]}}