{"id":2829,"date":"2021-10-13T18:35:37","date_gmt":"2021-10-13T16:35:37","guid":{"rendered":"https:\/\/antcube.shop\/produkt\/formicarienstopfen-fur-50mm-bohrung\/"},"modified":"2026-04-02T17:07:19","modified_gmt":"2026-04-02T15:07:19","slug":"formikariumo-kistukas-50-mm-skylutei","status":"publish","type":"product","link":"https:\/\/antcube.shop\/lt\/produktas\/formikariumo-kistukas-50-mm-skylutei\/","title":{"rendered":"Formikariumo kam\u0161tis 50 mm skylei"},"content":{"rendered":"<p><strong>Kiekis:<\/strong> 1 vnt.<\/p>\n<p><strong>Matmenys:<\/strong> 59 x 10 mm<\/p>\n<p><strong>Med\u017eiaga:<\/strong> PE plastikas<\/p>\n<p><strong>Spalva:<\/strong> skaidrus, pieni\u0161kas<\/p>\n<p><strong>Apra\u0161ymas:<\/strong> Skirtas 27 mm skersmens apvalioms formikarium\u0173 angoms u\u017edaryti.<\/p>\n<p><strong>Pasirinktinai su skyle:<\/strong><br \/>\n- 20 mm skyl\u0117 tinka 27 mm - 14, 16, 20 mm - skaidrioms bako vamzdeli\u0173 jungtims.<br \/>\n- 27 mm skyl\u0117 tinka 3\/4 colio ir M25 jungiamosioms detal\u0117ms<\/p>","protected":false},"excerpt":{"rendered":"<p>Kiekis: I\u0161matavimai: 1 vnt: 59 x 10 mm Med\u017eiaga: Spalva: skaidri, pieno spalvos Apra\u0161ymas: Skirta 50 mm skersmens apvalioms angoms formikariumuose u\u017edaryti. Pasirinktinai su skyl\u0117mis: - 20 mm anga tinka 27 mm talpykl\u0173 vamzdeli\u0173 jungtims - 14, 16, 20 mm - skaidrios. - 27 mm skyl\u0117 tinka 3\/4 colio ir M25 jungtims.<\/p>","protected":false},"featured_media":343,"comment_status":"open","ping_status":"closed","template":"","meta":{"_acf_changed":false,"content-type":"","_monsterinsights_skip_tracking":false,"_monsterinsights_sitenote_active":false,"_monsterinsights_sitenote_note":"","_monsterinsights_sitenote_category":0},"product_brand":[],"product_cat":[238],"product_tag":[],"class_list":{"0":"post-2829","1":"product","2":"type-product","3":"status-publish","4":"has-post-thumbnail","6":"product_cat-grid-caps-plugs-and-inserts","8":"first","9":"instock","10":"taxable","11":"shipping-taxable","12":"purchasable","13":"product-type-simple"},"acf":[],"aioseo_notices":[],"jetpack_sharing_enabled":true,"_links":{"self":[{"href":"https:\/\/antcube.shop\/lt\/wp-json\/wp\/v2\/product\/2829","targetHints":{"allow":["GET"]}}],"collection":[{"href":"https:\/\/antcube.shop\/lt\/wp-json\/wp\/v2\/product"}],"about":[{"href":"https:\/\/antcube.shop\/lt\/wp-json\/wp\/v2\/types\/product"}],"replies":[{"embeddable":true,"href":"https:\/\/antcube.shop\/lt\/wp-json\/wp\/v2\/comments?post=2829"}],"wp:featuredmedia":[{"embeddable":true,"href":"https:\/\/antcube.shop\/lt\/wp-json\/wp\/v2\/media\/343"}],"wp:attachment":[{"href":"https:\/\/antcube.shop\/lt\/wp-json\/wp\/v2\/media?parent=2829"}],"wp:term":[{"taxonomy":"product_brand","embeddable":true,"href":"https:\/\/antcube.shop\/lt\/wp-json\/wp\/v2\/product_brand?post=2829"},{"taxonomy":"product_cat","embeddable":true,"href":"https:\/\/antcube.shop\/lt\/wp-json\/wp\/v2\/product_cat?post=2829"},{"taxonomy":"product_tag","embeddable":true,"href":"https:\/\/antcube.shop\/lt\/wp-json\/wp\/v2\/product_tag?post=2829"}],"curies":[{"name":"wp","href":"https:\/\/api.w.org\/{rel}","templated":true}]}}