{"id":2826,"date":"2021-10-13T18:34:38","date_gmt":"2021-10-13T16:34:38","guid":{"rendered":"https:\/\/antcube.shop\/produkt\/schaumstoffwischer-150x18x25mm-5er-pack\/"},"modified":"2026-04-08T16:06:12","modified_gmt":"2026-04-08T14:06:12","slug":"schaumstoffwischer-150x18x25mm-5er-pack","status":"publish","type":"product","link":"https:\/\/antcube.shop\/lt\/produktas\/schaumstoffwischer-150x18x25mm-5er-pack\/","title":{"rendered":"Put\u0173 valytuvas 150x18x2,5 mm - 5 vnt. pakuot\u0117"},"content":{"rendered":"<p><strong>Matmenys:<\/strong> 150 mm ilgio, putplas\u010dio galvut\u0117 40x40x20 mm.<\/p>\n<p><strong>Kiekis:<\/strong> 5 vnt.<\/p>\n<p><strong>Med\u017eiaga:<\/strong> putplastis, PS<\/p>\n<p><strong>Apra\u0161ymas:<\/strong><br \/>\nPut\u0173 valytuvas su kvadratine galvute, skirtas \u012fvairioms reikm\u0117ms.<br \/>\nPavyzd\u017eiai:<br \/>\n1.) valyti langus.<\/p>\n<p>2.) Kaip medaus kempin\u0117<\/p>\n<p>3.) kaip gertuv\u0117, nes ji siurbia vanden\u012f<\/p>\n<p>4.) naudoti apsaugos nuo i\u0161siskyrimo aliej\u0173<\/p>\n<p>&nbsp;<\/p>","protected":false},"excerpt":{"rendered":"<p>Matmenys: 150 mm ilgio, putplas\u010dio galvut\u0117 40x40x20 mm. Kiekis: Kiekis: 5 vnt. Med\u017eiaga: putplastis, PS Apra\u0161ymas: Put\u0173 valytuvas su kvadratine galvute, skirtas \u012fvairioms reikm\u0117ms. Pavyzd\u017eiai: 1.) langams valyti. 2.) kaip medaus kempin\u0117 3.) Kaip gertuv\u0117, nes ji siurbia vanden\u012f 4.) tepti apsauginiam aliejui nuo i\u0161kritimo. &nbsp;<\/p>","protected":false},"featured_media":307,"comment_status":"open","ping_status":"closed","template":"","meta":{"_acf_changed":false,"content-type":"","_monsterinsights_skip_tracking":false,"_monsterinsights_sitenote_active":false,"_monsterinsights_sitenote_note":"","_monsterinsights_sitenote_category":0},"product_brand":[],"product_cat":[237],"product_tag":[],"class_list":{"0":"post-2826","1":"product","2":"type-product","3":"status-publish","4":"has-post-thumbnail","6":"product_cat-tools","8":"first","9":"instock","10":"taxable","11":"shipping-taxable","12":"purchasable","13":"product-type-simple"},"acf":[],"aioseo_notices":[],"jetpack_sharing_enabled":true,"_links":{"self":[{"href":"https:\/\/antcube.shop\/lt\/wp-json\/wp\/v2\/product\/2826","targetHints":{"allow":["GET"]}}],"collection":[{"href":"https:\/\/antcube.shop\/lt\/wp-json\/wp\/v2\/product"}],"about":[{"href":"https:\/\/antcube.shop\/lt\/wp-json\/wp\/v2\/types\/product"}],"replies":[{"embeddable":true,"href":"https:\/\/antcube.shop\/lt\/wp-json\/wp\/v2\/comments?post=2826"}],"wp:featuredmedia":[{"embeddable":true,"href":"https:\/\/antcube.shop\/lt\/wp-json\/wp\/v2\/media\/307"}],"wp:attachment":[{"href":"https:\/\/antcube.shop\/lt\/wp-json\/wp\/v2\/media?parent=2826"}],"wp:term":[{"taxonomy":"product_brand","embeddable":true,"href":"https:\/\/antcube.shop\/lt\/wp-json\/wp\/v2\/product_brand?post=2826"},{"taxonomy":"product_cat","embeddable":true,"href":"https:\/\/antcube.shop\/lt\/wp-json\/wp\/v2\/product_cat?post=2826"},{"taxonomy":"product_tag","embeddable":true,"href":"https:\/\/antcube.shop\/lt\/wp-json\/wp\/v2\/product_tag?post=2826"}],"curies":[{"name":"wp","href":"https:\/\/api.w.org\/{rel}","templated":true}]}}