{"id":2825,"date":"2021-10-13T18:33:32","date_gmt":"2021-10-13T16:33:32","guid":{"rendered":"https:\/\/antcube.shop\/produkt\/ytongnest-20x20\/"},"modified":"2026-04-05T23:53:13","modified_gmt":"2026-04-05T21:53:13","slug":"ytongnest-20x20","status":"publish","type":"product","link":"https:\/\/antcube.shop\/lt\/produktas\/ytongnest-20x20\/","title":{"rendered":"Ytongnest - 20\u00d720"},"content":{"rendered":"<p><strong>Med\u017eiaga:<\/strong> akytojo betono, stiklo, plastiko PMMA ir PVC<\/p>\n<p><strong>Ry\u0161ys:<\/strong> 2x 14 mm skyl\u0117s<\/p>\n<p><strong>Turinys:<\/strong><br \/>\n1x akytojo betono blokas 20x20x5 cm su 20 mm gylio kameromis.<br \/>\n1 stiklin\u0117 plok\u0161tel\u0117 20\u00d720 cm su 50 mm anga<br \/>\n1x 50 mm \u017eiedas su 27 mm anga<br \/>\n2x Formicarium kam\u0161tis 13 mm<br \/>\n1x 27 mm formikariumo kam\u0161tis<\/p>\n<p><strong>Apra\u0161ymas:<\/strong><br \/>\n\"Ytong\" yra prek\u0117s \u017eenklas, pati med\u017eiaga vadinama akytuoju betonu.<br \/>\nD\u0117l vandens sulaikymo savybi\u0173 \u0161i med\u017eiaga puikiai tinka skruzd\u0117lynams laikyti.<br \/>\nJame galima laikyti daugyb\u0119 sausose ir dr\u0117gnose buvein\u0117se gyvenan\u010di\u0173 r\u016b\u0161i\u0173.<br \/>\nPriklausomai nuo skruzd\u0117li\u0173 r\u016b\u0161ies, kamer\u0173 dugn\u0105 rekomenduojama padengti dirvo\u017eemio substratu. Kai kurios r\u016b\u0161ys taip jau\u010diasi patogiau, o, pavyzd\u017eiui, Ponerinae skruzd\u0117li\u0173 r\u016b\u0161ims reikia dirvo\u017eemio, kad j\u0173 lervos gal\u0117t\u0173 tinkamai apsivaisinti.<br \/>\nRekomenduojame prie lizdo pritvirtinti aren\u0105, kad jis b\u016bt\u0173 naudojamas kaip pilnas formikariumas.<\/p>\n<p><strong>Patarimas:<\/strong><br \/>\nKad sudr\u0117kinus lizd\u0105 i\u0161 \"Ytong\" nei\u0161b\u0117gt\u0173 vanduo ir nesusigert\u0173 ant \u017eemiau esan\u010di\u0173 bald\u0173 pavir\u0161iaus arba \u0161iurk\u0161ti med\u017eiaga nesubrai\u017eyt\u0173 pavir\u0161i\u0173, rekomenduojame prie \"Ytong\" lizd\u0173 u\u017esisakyti vien\u0105 i\u0161 m\u016bs\u0173 tinkam\u0173 stiklini\u0173 voni\u0173. Jie yra atspar\u016bs vandeniui, tod\u0117l veiksmingai apsaugo po jais esan\u010dius pavir\u0161ius nuo vandens ir \u012fbr\u0117\u017eim\u0173.<\/p>\n<p><strong>Naudojimas:<\/strong><br \/>\n<strong>M - L dyd\u017eio skruzd\u0117li\u0173 r\u016b\u0161ims.<\/strong><br \/>\nAkytasis betonas yra labai trapi ir trapi med\u017eiaga. Tod\u0117l d\u0117l gamybos proceso ne\u012fmanoma i\u0161vengti, kad kampuose ir kra\u0161tuose nelikt\u0173 nedideli\u0173 \u012ftr\u016bkim\u0173 ir nelygum\u0173.<br \/>\nD\u0117l \u0161ios prie\u017easties Ytong lizdai netinka labai ma\u017eoms S dyd\u017eio skruzd\u0117li\u0173 r\u016b\u0161ims, nes \u0161ios r\u016b\u0161ys \u010dia gali lengvai i\u0161tr\u016bkti.<\/p>","protected":false},"excerpt":{"rendered":"<p>Jungtis: 2x 14 mm anga<br \/>\nDydis: <strong><span style=\"color: #339966;\">M<\/span><\/strong><strong> &#8211; <span style=\"color: #0000ff;\">L<\/span><\/strong><\/p>","protected":false},"featured_media":3010,"comment_status":"open","ping_status":"closed","template":"","meta":{"_acf_changed":false,"content-type":"","_monsterinsights_skip_tracking":false,"_monsterinsights_sitenote_active":false,"_monsterinsights_sitenote_note":"","_monsterinsights_sitenote_category":0},"product_brand":[],"product_cat":[80,86],"product_tag":[],"class_list":{"0":"post-2825","1":"product","2":"type-product","3":"status-publish","4":"has-post-thumbnail","6":"product_cat-antfarms","7":"product_cat-formicariums","9":"first","10":"instock","11":"taxable","12":"shipping-taxable","13":"purchasable","14":"product-type-simple"},"acf":[],"aioseo_notices":[],"jetpack_sharing_enabled":true,"_links":{"self":[{"href":"https:\/\/antcube.shop\/lt\/wp-json\/wp\/v2\/product\/2825","targetHints":{"allow":["GET"]}}],"collection":[{"href":"https:\/\/antcube.shop\/lt\/wp-json\/wp\/v2\/product"}],"about":[{"href":"https:\/\/antcube.shop\/lt\/wp-json\/wp\/v2\/types\/product"}],"replies":[{"embeddable":true,"href":"https:\/\/antcube.shop\/lt\/wp-json\/wp\/v2\/comments?post=2825"}],"wp:featuredmedia":[{"embeddable":true,"href":"https:\/\/antcube.shop\/lt\/wp-json\/wp\/v2\/media\/3010"}],"wp:attachment":[{"href":"https:\/\/antcube.shop\/lt\/wp-json\/wp\/v2\/media?parent=2825"}],"wp:term":[{"taxonomy":"product_brand","embeddable":true,"href":"https:\/\/antcube.shop\/lt\/wp-json\/wp\/v2\/product_brand?post=2825"},{"taxonomy":"product_cat","embeddable":true,"href":"https:\/\/antcube.shop\/lt\/wp-json\/wp\/v2\/product_cat?post=2825"},{"taxonomy":"product_tag","embeddable":true,"href":"https:\/\/antcube.shop\/lt\/wp-json\/wp\/v2\/product_tag?post=2825"}],"curies":[{"name":"wp","href":"https:\/\/api.w.org\/{rel}","templated":true}]}}