{"id":2824,"date":"2021-10-13T18:33:13","date_gmt":"2021-10-13T16:33:13","guid":{"rendered":"https:\/\/antcube.shop\/produkt\/food-mix-set-fur-kornersammler\/"},"modified":"2026-03-31T09:51:39","modified_gmt":"2026-03-31T07:51:39","slug":"maisto-misiniu-rinkinys-fur-kornersammler","status":"publish","type":"product","link":"https:\/\/antcube.shop\/lt\/produktas\/maisto-misiniu-rinkinys-fur-kornersammler\/","title":{"rendered":"Maisto mi\u0161inio rinkinys - skirtas gr\u016bdus renkan\u010dioms skruzd\u0117l\u0117ms"},"content":{"rendered":"<p><strong>Turinys:<\/strong> 2 ml viename maitinimo vamzdyje<br \/>\n2x gr\u016bdinis pa\u0161aras Minor (Mi)<br \/>\n1x gr\u016bd\u0173 maistas \u017diniasklaida (A\u0161)<br \/>\n1x gr\u016bdinis maistas Major (Ma)<br \/>\n1x g\u0117li\u0173 \u017eiedadulk\u0117s (B)<br \/>\n1x angliavandeni\u0173 pa\u0161aras (K)<br \/>\n2x baltyminis pa\u0161aras (PP)<br \/>\n1x baltyminis pa\u0161aras FD vabzd\u017eiai Pi)<br \/>\n1x vaisi\u0173 pa\u0161aras (F)<\/p>\n<p><span data-text-color=\"alert\"><strong>D\u0117mesio:<\/strong> <\/span>Miltelius sumai\u0161ykite su la\u0161eliu vandens, nes saus\u0173 milteli\u0173 gyv\u016bnai nepriima!<\/p>\n<p><strong>Apra\u0161ymas:<\/strong> Tai maisto rinkinys gr\u016bdus renkan\u010dioms r\u016b\u0161ims, pavyzd\u017eiui, Messor gen\u010diai, kuriame yra baltym\u0173, angliavandeni\u0173 ir gr\u016bd\u0173 ir (arba) s\u0117kl\u0173 visoms darbin\u0117ms d\u0117\u017eut\u0117ms. Kadangi atskiri maisto daviniai yra atskiruose m\u0117gintuv\u0117liuose, juos lengva dozuoti.<\/p>\n<p><strong>Naudojimas \/ taikymas:<\/strong><br \/>\nBaltyminis maistas = vabzd\u017eia\u0117d\u017ei\u0173 skruzd\u0117li\u0173 (Eulipotyphla) r\u016b\u0161i\u0173 maistas.<br \/>\nTai papildomas pa\u0161aras (kombinuotasis pa\u0161aras)<br \/>\nJ\u012f reikia sumai\u0161yti su trupu\u010diu vandens, o dr\u0117gn\u0105 galima laikyti tik 1 dien\u0105. Prie\u0161 pakartotinai naudodami kruop\u0161\u010diai i\u0161valykite \u0161\u0117rimo duben\u0117l\u012f ir (arba) m\u0117gintuv\u0117l\u012f.<br \/>\nAtidaryt\u0105 pakuot\u0119 reikia naudoti gerai u\u017edaryt\u0105 (jei laikoma sausai) iki nurodytos (tinkamumo vartoti iki) datos.<\/p>\n<p>Baltyminis pa\u0161aras FD = vabzd\u017eia\u0117d\u017ei\u0173 skruzd\u0117li\u0173 r\u016b\u0161ims (Eulipotyphla)<br \/>\nTai papildomas pa\u0161aras (kombinuotasis pa\u0161aras).<br \/>\nJ\u012f reikia sumai\u0161yti su la\u0161eliu vandens, tada dr\u0117gn\u0105 galima laikyti tik 1 dien\u0105. Prie\u0161 pakartotinai naudodami kruop\u0161\u010diai i\u0161valykite \u0161\u0117rimo duben\u0117l\u012f ir (arba) m\u0117gintuv\u0117l\u012f.<br \/>\nAtidaryt\u0105 pakuot\u0119 reikia naudoti gerai u\u017edaryt\u0105 (jei laikoma sausai) iki nurodytos (tinkamumo vartoti iki) datos.<\/p>\n<p>Angliavandeni\u0173 maistas = cukrumi ir medumi mintan\u010di\u0173 skruzd\u0117li\u0173 r\u016b\u0161ims<br \/>\nTai papildomas pa\u0161aras (kombinuotasis pa\u0161aras)<br \/>\nJ\u012f galima sumai\u0161yti su la\u0161eliu vandens, o sudr\u0117kint\u0105 galima laikyti 3 dienas. Prie\u0161 pakartotinai naudodami kruop\u0161\u010diai i\u0161valykite \u0161\u0117rimo duben\u0117l\u012f ir (arba) m\u0117gintuv\u0117l\u012f.<br \/>\nAtidaryt\u0105 pakuot\u0119 reikia naudoti gerai u\u017edaryt\u0105 (jei ji laikoma sausai) iki nurodytos (tinkamumo vartoti datos).<\/p>\n<p>Vaisi\u0173 maistas = vaisiais mintan\u010di\u0173 skruzd\u0117li\u0173 r\u016b\u0161i\u0173 (vais\u0117d\u017ei\u0173)<br \/>\nTai papildomas pa\u0161aras (vienkartinis pa\u0161aras)<br \/>\nJ\u012f galima sumai\u0161yti su la\u0161eliu vandens, o sudr\u0117kintas jis galioja 3 dienas. Prie\u0161 pakartotinai naudodami kruop\u0161\u010diai i\u0161valykite \u0161\u0117rimo duben\u0117l\u012f ir (arba) m\u0117gintuv\u0117l\u012f.<br \/>\nAtidaryt\u0105 pakuot\u0119 reikia naudoti gerai u\u017edaryt\u0105 (jei ji laikoma sausai) iki nurodytos (tinkamumo vartoti datos).<\/p>\n<p>\u017diedadulk\u0117s = \u017eiedadulk\u0117mis mintan\u010dioms skruzd\u0117li\u0173 r\u016b\u0161ims.<br \/>\nTai papildomas pa\u0161aras (vienkartinis pa\u0161aras)<br \/>\nGyv\u016bnams gali b\u016bti si\u016blomas pristatytas. Kadangi dr\u0117gm\u0117 mink\u0161tina konsistencij\u0105, maist\u0105 reikia keisti kas 5 dienas. Prie\u0161 pakartotinai naudodami kruop\u0161\u010diai i\u0161valykite \u0161\u0117rimo duben\u0117l\u012f ir (arba) m\u0117gintuv\u0117l\u012f.<br \/>\nAtidaryt\u0105 pakuot\u0119 reikia naudoti gerai u\u017edaryt\u0105 (jei laikoma sausai) iki nurodytos (tinkamumo vartoti iki) datos.<\/p>\n<p>Gr\u016bd\u0173 pa\u0161arai Minor<br \/>\nGr\u016bd\u0173 pa\u0161arai \u017diniasklaida<br \/>\nGr\u016bd\u0173 maistas Majoras = gr\u016bdus \u0117dan\u010di\u0173 skruzd\u017ei\u0173 r\u016b\u0161i\u0173 = (gr\u016bd\u0117d\u017ei\u0173)<br \/>\nTai papildomas pa\u0161aras (kombinuotasis pa\u0161aras)<br \/>\nGyv\u016bnams gali b\u016bti si\u016blomas pristatytas. \u0160\u0117rimo duben\u0117lis ir (arba) m\u0117gintuv\u0117lis turi b\u016bti sausoje vietoje. Dr\u0117gnoje aplinkoje gr\u016bdai (s\u0117klos) gali prad\u0117ti dygti. Tai pasteb\u0117jus, pa\u0161ar\u0105 reikia pakeisti.<br \/>\nAtidaryt\u0105 pakuot\u0119 reikia naudoti gerai u\u017edaryt\u0105 (jei laikoma sausai) iki nurodytos (tinkamumo vartoti iki) datos.<\/p>\n<p><strong>Prane\u0161imas:<\/strong><br \/>\nInformacijos apie tai, kaip naudoti maitinimo vamzdelius, rasite \u010dia: Nuoroda<br \/>\nVisavertis pa\u0161aras gr\u016bd\u0117tosioms skruzd\u0117l\u0117ms.<br \/>\nSud\u0117t\u012f, analitines sudedam\u0105sias dalis, tinkamumo vartoti termin\u0105 ir partijos numer\u012f rasite pakuot\u0117s lapelyje.<\/p>\n<p>Informacijos kar\u0161toji linija +49 30 439703870<\/p>\n<p>Atsakinga veterinarijos ir maisto prie\u017ei\u016bros institucija:<br \/>\nSteglitzo veterinarijos biuras<br \/>\nK\u00f6nigin-Luise-Str. 92<br \/>\n14195 Berlynas<\/p>\n<p>&nbsp;<\/p>","protected":false},"excerpt":{"rendered":"<p>Visavertis pa\u0161aras<\/p>","protected":false},"featured_media":308,"comment_status":"open","ping_status":"closed","template":"","meta":{"_acf_changed":false,"content-type":"","_monsterinsights_skip_tracking":false,"_monsterinsights_sitenote_active":false,"_monsterinsights_sitenote_note":"","_monsterinsights_sitenote_category":0},"product_brand":[],"product_cat":[115,116],"product_tag":[],"class_list":{"0":"post-2824","1":"product","2":"type-product","3":"status-publish","4":"has-post-thumbnail","6":"product_cat-food-and-feeding","7":"product_cat-food","9":"first","10":"instock","11":"taxable","12":"shipping-taxable","13":"purchasable","14":"product-type-simple"},"acf":[],"aioseo_notices":[],"jetpack_sharing_enabled":true,"_links":{"self":[{"href":"https:\/\/antcube.shop\/lt\/wp-json\/wp\/v2\/product\/2824","targetHints":{"allow":["GET"]}}],"collection":[{"href":"https:\/\/antcube.shop\/lt\/wp-json\/wp\/v2\/product"}],"about":[{"href":"https:\/\/antcube.shop\/lt\/wp-json\/wp\/v2\/types\/product"}],"replies":[{"embeddable":true,"href":"https:\/\/antcube.shop\/lt\/wp-json\/wp\/v2\/comments?post=2824"}],"wp:featuredmedia":[{"embeddable":true,"href":"https:\/\/antcube.shop\/lt\/wp-json\/wp\/v2\/media\/308"}],"wp:attachment":[{"href":"https:\/\/antcube.shop\/lt\/wp-json\/wp\/v2\/media?parent=2824"}],"wp:term":[{"taxonomy":"product_brand","embeddable":true,"href":"https:\/\/antcube.shop\/lt\/wp-json\/wp\/v2\/product_brand?post=2824"},{"taxonomy":"product_cat","embeddable":true,"href":"https:\/\/antcube.shop\/lt\/wp-json\/wp\/v2\/product_cat?post=2824"},{"taxonomy":"product_tag","embeddable":true,"href":"https:\/\/antcube.shop\/lt\/wp-json\/wp\/v2\/product_tag?post=2824"}],"curies":[{"name":"wp","href":"https:\/\/api.w.org\/{rel}","templated":true}]}}