{"id":2823,"date":"2021-10-13T18:33:03","date_gmt":"2021-10-13T16:33:03","guid":{"rendered":"https:\/\/antcube.shop\/produkt\/becken-schlauchverbinder-27mm-14-16-20-mm-transparent\/"},"modified":"2026-04-18T17:53:17","modified_gmt":"2026-04-18T15:53:17","slug":"becken-schlauchverbinder-27mm-14-16-20-mm-transparent","status":"publish","type":"product","link":"https:\/\/antcube.shop\/lt\/produktas\/becken-schlauchverbinder-27mm-14-16-20-mm-transparent\/","title":{"rendered":"Praustuvo \u017earnos jungtis 27 mm - 14, 16, 20 mm - skaidri"},"content":{"rendered":"<p><strong>Matmenys:\u00a0<\/strong><br \/>\nVidinis skersmuo = 14 mm<br \/>\nI\u0161orinis skersmuo = 16 mm (pirmoji pakopa), 20 mm (antroji pakopa)<br \/>\nIlgis = 36 mm<\/p>\n<p><strong>Turinys:<\/strong><br \/>\n1x baseino \u017earnos jungtis<br \/>\n1x prispaudimo \u017eiedas<\/p>\n<p><strong>Ry\u0161ys:<\/strong><br \/>\nBaseinas : Tinka 27 mm (3\/4\u2033) skyl\u0117ms su 4 mm storio sienel\u0117mis!<br \/>\n\u017darnos: 14\/10 \u017earnos sandariai \u012fki\u0161amos \u012f 14 mm lizd\u0105<br \/>\n20\/16 vamzdis sandariai pritvirtintas prie pirmojo 16 mm laiptelio<br \/>\n22\/18 \u017earna tvirtinama ant antrojo 20 mm laiptelio<br \/>\n24\/20 \u017earnos laisvai pritvirtinamos ant antrojo 20 mm laiptelio<\/p>\n<p><strong>Apra\u0161ymas:<\/strong><br \/>\n\u0160i baseino jungtis bus prijungta per 27 mm skyl\u0119, kurios stiklo sienel\u0117s storis yra 4 mm. Jungt\u012f prie stiklinio baseino pritvirtina fiksavimo \u017eiedas. Prie kito \u012fvor\u0117s galo galima pritvirtinti 14 mm i\u0161orinio skersmens arba 16 mm ar 20 mm vidinio skersmens vamzd\u017eius.<\/p>","protected":false},"excerpt":{"rendered":"<p>Matmenys: Vidinis skersmuo = 14 mm I\u0161orinis skersmuo = 16 mm (pirmoji pakopa), 20 mm (antroji pakopa) Ilgis = 36 mm Turinys: Sud\u0117tis: 1x praustuvo \u017earnos jungtis 1x u\u017espaudimo \u017eiedas Jungtis: Praustuvas: tinka 27 mm (3\/4\") skyl\u0117ms, kuri\u0173 sieneli\u0173 storis 4 mm! \u017darnos: 14\/10 \u017earna sandariai \u012fki\u0161ama \u012f lizd\u0105 14 mm 20\/16 \u017earna sandariai u\u017ededama ant","protected":false},"featured_media":357,"comment_status":"open","ping_status":"closed","template":"","meta":{"_acf_changed":false,"content-type":"","_monsterinsights_skip_tracking":false,"_monsterinsights_sitenote_active":false,"_monsterinsights_sitenote_note":"","_monsterinsights_sitenote_category":0},"product_brand":[],"product_cat":[121],"product_tag":[],"class_list":{"0":"post-2823","1":"product","2":"type-product","3":"status-publish","4":"has-post-thumbnail","6":"product_cat-connectors","8":"first","9":"instock","10":"taxable","11":"shipping-taxable","12":"purchasable","13":"product-type-simple"},"acf":[],"aioseo_notices":[],"jetpack_sharing_enabled":true,"_links":{"self":[{"href":"https:\/\/antcube.shop\/lt\/wp-json\/wp\/v2\/product\/2823","targetHints":{"allow":["GET"]}}],"collection":[{"href":"https:\/\/antcube.shop\/lt\/wp-json\/wp\/v2\/product"}],"about":[{"href":"https:\/\/antcube.shop\/lt\/wp-json\/wp\/v2\/types\/product"}],"replies":[{"embeddable":true,"href":"https:\/\/antcube.shop\/lt\/wp-json\/wp\/v2\/comments?post=2823"}],"wp:featuredmedia":[{"embeddable":true,"href":"https:\/\/antcube.shop\/lt\/wp-json\/wp\/v2\/media\/357"}],"wp:attachment":[{"href":"https:\/\/antcube.shop\/lt\/wp-json\/wp\/v2\/media?parent=2823"}],"wp:term":[{"taxonomy":"product_brand","embeddable":true,"href":"https:\/\/antcube.shop\/lt\/wp-json\/wp\/v2\/product_brand?post=2823"},{"taxonomy":"product_cat","embeddable":true,"href":"https:\/\/antcube.shop\/lt\/wp-json\/wp\/v2\/product_cat?post=2823"},{"taxonomy":"product_tag","embeddable":true,"href":"https:\/\/antcube.shop\/lt\/wp-json\/wp\/v2\/product_tag?post=2823"}],"curies":[{"name":"wp","href":"https:\/\/api.w.org\/{rel}","templated":true}]}}