{"id":2821,"date":"2021-10-13T18:28:32","date_gmt":"2021-10-13T16:28:32","guid":{"rendered":"https:\/\/antcube.shop\/produkt\/handlupe-2fach-30mm\/"},"modified":"2026-04-16T17:07:38","modified_gmt":"2026-04-16T15:07:38","slug":"rankinis-didinamasis-stiklas-2x-30-mm","status":"publish","type":"product","link":"https:\/\/antcube.shop\/lt\/produktas\/rankinis-didinamasis-stiklas-2x-30-mm\/","title":{"rendered":"Rankinis didinamasis stiklas - 2x - 30 mm"},"content":{"rendered":"<p><strong>Matmenys (Dx\u0160xV):<\/strong> 80x36x2 mm<\/p>\n<p><strong>Med\u017eiaga:<\/strong> plastikinis<\/p>\n<p><strong>Spalva:<\/strong> skaidrus<\/p>\n<p><strong>Turinys:<\/strong><br \/>\n<strong>1x<\/strong> rankinis didintuvas<\/p>\n<p><strong>Technin\u0117s specifikacijos:<\/strong><br \/>\nDidinimas = 2x<\/p>\n<p><strong>Apra\u0161ymas \/ taikymas:<\/strong><br \/>\nRankin\u0117 lupa skruzd\u0117l\u0117ms arba maitinamiems vabzd\u017eiams tikrinti.<\/p>\n<p><strong>Prane\u0161imas:<\/strong><br \/>\nPaprastas apdorojimas ir paprasta kokyb\u0117, nes pagamintas i\u0161 plastiko ir yra jautrus \u012fbr\u0117\u017eimams.<\/p>","protected":false},"excerpt":{"rendered":"<p>Matmenys (Dx\u0160xV): 80x36x2 mm Med\u017eiaga: plastikas Spalva: skaidri Turinys: Sud\u0117tis: 1x rankinis didintuvas Technin\u0117s specifikacijos: Apra\u0161ymas \/ pritaikymas: Rankinis didintuvas skruzd\u0117l\u0117ms arba maitinimosi vabzd\u017eiams tikrinti. Pastaba: Nesud\u0117tingas apdorojimas ir paprasta kokyb\u0117, nes pagamintas i\u0161 plastiko ir yra jautrus \u012fbr\u0117\u017eimams.<\/p>","protected":false},"featured_media":310,"comment_status":"open","ping_status":"closed","template":"","meta":{"_acf_changed":false,"content-type":"","_monsterinsights_skip_tracking":false,"_monsterinsights_sitenote_active":false,"_monsterinsights_sitenote_note":"","_monsterinsights_sitenote_category":0},"product_brand":[],"product_cat":[237],"product_tag":[],"class_list":{"0":"post-2821","1":"product","2":"type-product","3":"status-publish","4":"has-post-thumbnail","6":"product_cat-tools","8":"first","9":"instock","10":"taxable","11":"shipping-taxable","12":"purchasable","13":"product-type-simple"},"acf":[],"aioseo_notices":[],"jetpack_sharing_enabled":true,"_links":{"self":[{"href":"https:\/\/antcube.shop\/lt\/wp-json\/wp\/v2\/product\/2821","targetHints":{"allow":["GET"]}}],"collection":[{"href":"https:\/\/antcube.shop\/lt\/wp-json\/wp\/v2\/product"}],"about":[{"href":"https:\/\/antcube.shop\/lt\/wp-json\/wp\/v2\/types\/product"}],"replies":[{"embeddable":true,"href":"https:\/\/antcube.shop\/lt\/wp-json\/wp\/v2\/comments?post=2821"}],"wp:featuredmedia":[{"embeddable":true,"href":"https:\/\/antcube.shop\/lt\/wp-json\/wp\/v2\/media\/310"}],"wp:attachment":[{"href":"https:\/\/antcube.shop\/lt\/wp-json\/wp\/v2\/media?parent=2821"}],"wp:term":[{"taxonomy":"product_brand","embeddable":true,"href":"https:\/\/antcube.shop\/lt\/wp-json\/wp\/v2\/product_brand?post=2821"},{"taxonomy":"product_cat","embeddable":true,"href":"https:\/\/antcube.shop\/lt\/wp-json\/wp\/v2\/product_cat?post=2821"},{"taxonomy":"product_tag","embeddable":true,"href":"https:\/\/antcube.shop\/lt\/wp-json\/wp\/v2\/product_tag?post=2821"}],"curies":[{"name":"wp","href":"https:\/\/api.w.org\/{rel}","templated":true}]}}