{"id":2820,"date":"2021-10-13T18:28:23","date_gmt":"2021-10-13T16:28:23","guid":{"rendered":"https:\/\/antcube.shop\/produkt\/ameisen-ausbruchsschutz-ol-10ml\/"},"modified":"2026-04-04T08:07:12","modified_gmt":"2026-04-04T06:07:12","slug":"ameisen-ausbruchsschutz-ol-10ml","status":"publish","type":"product","link":"https:\/\/antcube.shop\/lt\/produktas\/ameisen-ausbruchsschutz-ol-10ml\/","title":{"rendered":"Apsauginis aliejus nuo skruzd\u017ei\u0173 b\u0117gimo 10ml"},"content":{"rendered":"<p><strong>Turinys:<\/strong> 10 ml (u\u017etenka ma\u017edaug 10-15 metr\u0173 2 cm plo\u010dio juostos)<\/p>\n<p><strong>Spalva:<\/strong> skaidrus, bespalvis<\/p>\n<p><strong>Med\u017eiaga:<\/strong> parafino aliejaus pagrindu<\/p>\n<p><strong>Privalumas:<\/strong> Galima tepti ant vis\u0173 lygi\u0173 pavir\u0161i\u0173, pavyzd\u017eiui, stiklo ar plastiko:<\/p>\n<p><strong>Tr\u016bkumas:<\/strong> Jei kolonijos didel\u0117s, gyv\u016bnai, vaik\u0161\u010diodami ant stiklo pavir\u0161iaus, gali paskleisti aliej\u0173, tod\u0117l laikui b\u0117gant stikl\u0105 reikia i\u0161valyti.<\/p>\n<p><strong>Taikymas:<\/strong> Pl\u0117vel\u0117s plotis vidiniame kra\u0161te turi b\u016bti ma\u017edaug 3 kartus didesnis u\u017e skruzd\u0117li\u0173 ilg\u012f, o pl\u0117vel\u0117 turi b\u016bti u\u017etepta be la\u0161eli\u0173.<\/p>\n<p><strong>Atnaujinimas:<\/strong> 2-4 m\u0117nesiai, priklausomai nuo kolonijos dyd\u017eio ir sezono.<\/p>\n<p><strong>Pastaba:<\/strong> Gyv\u016bn\u0173 kojos turi liestis su aliejumi. Jei susidaro daug la\u0161\u0173, kyla pavojus, kad gyv\u016bnai gali \u012fki\u0161ti galvas \u012f la\u0161us ir u\u017edusti nuo aliejaus.<\/p>\n<p><a href=\"https:\/\/antcube.shop\/wp-content\/uploads\/2022\/02\/ant_escape_protection_oil_en.pdf\">Alyvos apsaugai nuo skruzd\u017ei\u0173 i\u0161tr\u016bkimo saugos duomen\u0173 lapas, (PDF 0,1 MB)<\/a><br \/>\n(Yra: saugos instrukcijos)<\/p>\n<p>&nbsp;<\/p>","protected":false},"excerpt":{"rendered":"<p>Turinys: Spalva: skaidri, bespalv\u0117 Med\u017eiaga: parafino alyvos pagrindu Privalumai: Galima tepti ant vis\u0173 lygi\u0173 pavir\u0161i\u0173, pvz., stiklo ar plastiko: Tr\u016bkumas: jei kolonijos didel\u0117s, gyv\u016bnai, vaik\u0161\u010diodami alyvos pavir\u0161iumi, gali paskleisti aliej\u0173 ant stiklo,","protected":false},"featured_media":303,"comment_status":"open","ping_status":"closed","template":"","meta":{"_acf_changed":false,"content-type":"","_monsterinsights_skip_tracking":false,"_monsterinsights_sitenote_active":false,"_monsterinsights_sitenote_note":"","_monsterinsights_sitenote_category":0},"product_brand":[],"product_cat":[237],"product_tag":[],"class_list":{"0":"post-2820","1":"product","2":"type-product","3":"status-publish","4":"has-post-thumbnail","6":"product_cat-tools","8":"first","9":"instock","10":"taxable","11":"shipping-taxable","12":"purchasable","13":"product-type-simple"},"acf":[],"aioseo_notices":[],"jetpack_sharing_enabled":true,"_links":{"self":[{"href":"https:\/\/antcube.shop\/lt\/wp-json\/wp\/v2\/product\/2820","targetHints":{"allow":["GET"]}}],"collection":[{"href":"https:\/\/antcube.shop\/lt\/wp-json\/wp\/v2\/product"}],"about":[{"href":"https:\/\/antcube.shop\/lt\/wp-json\/wp\/v2\/types\/product"}],"replies":[{"embeddable":true,"href":"https:\/\/antcube.shop\/lt\/wp-json\/wp\/v2\/comments?post=2820"}],"wp:featuredmedia":[{"embeddable":true,"href":"https:\/\/antcube.shop\/lt\/wp-json\/wp\/v2\/media\/303"}],"wp:attachment":[{"href":"https:\/\/antcube.shop\/lt\/wp-json\/wp\/v2\/media?parent=2820"}],"wp:term":[{"taxonomy":"product_brand","embeddable":true,"href":"https:\/\/antcube.shop\/lt\/wp-json\/wp\/v2\/product_brand?post=2820"},{"taxonomy":"product_cat","embeddable":true,"href":"https:\/\/antcube.shop\/lt\/wp-json\/wp\/v2\/product_cat?post=2820"},{"taxonomy":"product_tag","embeddable":true,"href":"https:\/\/antcube.shop\/lt\/wp-json\/wp\/v2\/product_tag?post=2820"}],"curies":[{"name":"wp","href":"https:\/\/api.w.org\/{rel}","templated":true}]}}