{"id":2818,"date":"2021-10-13T18:27:45","date_gmt":"2021-10-13T16:27:45","guid":{"rendered":"https:\/\/antcube.shop\/produkt\/schlauch-transparent-14-10-mm\/"},"modified":"2026-04-03T13:00:15","modified_gmt":"2026-04-03T11:00:15","slug":"schlauch-transparent-14-10-mm","status":"publish","type":"product","link":"https:\/\/antcube.shop\/lt\/produktas\/schlauch-transparent-14-10-mm\/","title":{"rendered":"\u017darna skaidri 14\/10 mm"},"content":{"rendered":"<p><strong>Matmenys:<\/strong><br \/>\nI\u0161orinis skersmuo: 14 mm<br \/>\nVidinis skersmuo: 10 mm<br \/>\nSienel\u0117s storis: 2 mm<\/p>\n<p><strong>Ilgis:<\/strong> 1 metras (galima iki 50 metr\u0173 vienu kartu)<\/p>\n<p><strong>Apra\u0161ymas:<\/strong> Skaidr\u016bs PVC vamzd\u017eiai <strong>be \u017eenklinimo<\/strong>. Puikiai tinka skruzd\u017ei\u0173 takams tiesti arba formikariumams sujungti.<\/p>\n<p><strong>Pastaba:<\/strong> Tai netoksi\u0161kos maisto \u017earnos.<\/p>","protected":false},"excerpt":{"rendered":"<p><img decoding=\"async\" src=\"\/shop\/images\/rolle-1m.gif\" alt=\"\" \/><\/p>","protected":false},"featured_media":359,"comment_status":"open","ping_status":"closed","template":"","meta":{"_acf_changed":false,"content-type":"","_monsterinsights_skip_tracking":false,"_monsterinsights_sitenote_active":false,"_monsterinsights_sitenote_note":"","_monsterinsights_sitenote_category":0},"product_brand":[],"product_cat":[120],"product_tag":[],"class_list":{"0":"post-2818","1":"product","2":"type-product","3":"status-publish","4":"has-post-thumbnail","6":"product_cat-hoses","8":"first","9":"instock","10":"taxable","11":"shipping-taxable","12":"purchasable","13":"product-type-simple"},"acf":[],"aioseo_notices":[],"jetpack_sharing_enabled":true,"_links":{"self":[{"href":"https:\/\/antcube.shop\/lt\/wp-json\/wp\/v2\/product\/2818","targetHints":{"allow":["GET"]}}],"collection":[{"href":"https:\/\/antcube.shop\/lt\/wp-json\/wp\/v2\/product"}],"about":[{"href":"https:\/\/antcube.shop\/lt\/wp-json\/wp\/v2\/types\/product"}],"replies":[{"embeddable":true,"href":"https:\/\/antcube.shop\/lt\/wp-json\/wp\/v2\/comments?post=2818"}],"wp:featuredmedia":[{"embeddable":true,"href":"https:\/\/antcube.shop\/lt\/wp-json\/wp\/v2\/media\/359"}],"wp:attachment":[{"href":"https:\/\/antcube.shop\/lt\/wp-json\/wp\/v2\/media?parent=2818"}],"wp:term":[{"taxonomy":"product_brand","embeddable":true,"href":"https:\/\/antcube.shop\/lt\/wp-json\/wp\/v2\/product_brand?post=2818"},{"taxonomy":"product_cat","embeddable":true,"href":"https:\/\/antcube.shop\/lt\/wp-json\/wp\/v2\/product_cat?post=2818"},{"taxonomy":"product_tag","embeddable":true,"href":"https:\/\/antcube.shop\/lt\/wp-json\/wp\/v2\/product_tag?post=2818"}],"curies":[{"name":"wp","href":"https:\/\/api.w.org\/{rel}","templated":true}]}}