{"id":2817,"date":"2021-10-13T18:27:26","date_gmt":"2021-10-13T16:27:26","guid":{"rendered":"https:\/\/antcube.shop\/produkt\/kunststoff-pipette-3ml\/"},"modified":"2026-04-05T12:30:29","modified_gmt":"2026-04-05T10:30:29","slug":"kunststoff-pipete-3ml","status":"publish","type":"product","link":"https:\/\/antcube.shop\/lt\/produktas\/kunststoff-pipete-3ml\/","title":{"rendered":"Plastikin\u0117 pipet\u0117 3ml"},"content":{"rendered":"<p><strong>Apra\u0161ymas:<\/strong><br \/>\nPlastikines pipetes, \u017einoma, galima naudoti daug kart\u0173 dr\u0117kinimui.<br \/>\n<strong>Matmenys:<\/strong><br \/>\n3 ml \/ 150 mm ilgio.<\/p>","protected":false},"excerpt":{"rendered":"<p>Apra\u0161ymas: Plastikin\u0117s pipet\u0117s, \u017einoma, gali b\u016bti naudojamos daug kart\u0173 dr\u0117kinimui. Matmenys: 3 ml \/ 150 mm ilgio.<\/p>","protected":false},"featured_media":314,"comment_status":"open","ping_status":"closed","template":"","meta":{"_acf_changed":false,"content-type":"","_monsterinsights_skip_tracking":false,"_monsterinsights_sitenote_active":false,"_monsterinsights_sitenote_note":"","_monsterinsights_sitenote_category":0},"product_brand":[],"product_cat":[237],"product_tag":[],"class_list":{"0":"post-2817","1":"product","2":"type-product","3":"status-publish","4":"has-post-thumbnail","6":"product_cat-tools","8":"first","9":"instock","10":"taxable","11":"shipping-taxable","12":"purchasable","13":"product-type-simple"},"acf":[],"aioseo_notices":[],"jetpack_sharing_enabled":true,"_links":{"self":[{"href":"https:\/\/antcube.shop\/lt\/wp-json\/wp\/v2\/product\/2817","targetHints":{"allow":["GET"]}}],"collection":[{"href":"https:\/\/antcube.shop\/lt\/wp-json\/wp\/v2\/product"}],"about":[{"href":"https:\/\/antcube.shop\/lt\/wp-json\/wp\/v2\/types\/product"}],"replies":[{"embeddable":true,"href":"https:\/\/antcube.shop\/lt\/wp-json\/wp\/v2\/comments?post=2817"}],"wp:featuredmedia":[{"embeddable":true,"href":"https:\/\/antcube.shop\/lt\/wp-json\/wp\/v2\/media\/314"}],"wp:attachment":[{"href":"https:\/\/antcube.shop\/lt\/wp-json\/wp\/v2\/media?parent=2817"}],"wp:term":[{"taxonomy":"product_brand","embeddable":true,"href":"https:\/\/antcube.shop\/lt\/wp-json\/wp\/v2\/product_brand?post=2817"},{"taxonomy":"product_cat","embeddable":true,"href":"https:\/\/antcube.shop\/lt\/wp-json\/wp\/v2\/product_cat?post=2817"},{"taxonomy":"product_tag","embeddable":true,"href":"https:\/\/antcube.shop\/lt\/wp-json\/wp\/v2\/product_tag?post=2817"}],"curies":[{"name":"wp","href":"https:\/\/api.w.org\/{rel}","templated":true}]}}