{"id":2816,"date":"2021-10-13T18:27:16","date_gmt":"2021-10-13T16:27:16","guid":{"rendered":"https:\/\/antcube.shop\/produkt\/pinzette-federstahl-breit-weich\/"},"modified":"2026-04-07T19:55:11","modified_gmt":"2026-04-07T17:55:11","slug":"pincetas-znyples-steletinis-platus-minkstas","status":"publish","type":"product","link":"https:\/\/antcube.shop\/lt\/produktas\/pincetas-znyples-steletinis-platus-minkstas\/","title":{"rendered":"Pincetas spyruoklinis plienas - platus - mink\u0161tas"},"content":{"rendered":"<p><strong>Ilgis:<\/strong> 115 mm<\/p>\n<p><strong>Med\u017eiaga:<\/strong> spyruoklinis plienas 0,25 mm<\/p>\n<p><strong>Apra\u0161ymas:<\/strong> Spyruoklinio plieno pincetas. Idealiai tinka skruzd\u0117l\u0117ms \"rinkti\", nes \u0161io tipo pincetai \u0161iek tiek riboja spaudimo j\u0117g\u0105, tod\u0117l skruzd\u0117l\u0117s taip lengvai nesuspaud\u017eiamos.<\/p>","protected":false},"excerpt":{"rendered":"<p>Ilgis: 115 mm, Med\u017eiaga: spyruoklinis plienas<\/p>","protected":false},"featured_media":5603,"comment_status":"open","ping_status":"closed","template":"","meta":{"_acf_changed":false,"content-type":"","_monsterinsights_skip_tracking":false,"_monsterinsights_sitenote_active":false,"_monsterinsights_sitenote_note":"","_monsterinsights_sitenote_category":0},"product_brand":[],"product_cat":[237],"product_tag":[],"class_list":{"0":"post-2816","1":"product","2":"type-product","3":"status-publish","4":"has-post-thumbnail","6":"product_cat-tools","8":"first","9":"instock","10":"taxable","11":"shipping-taxable","12":"purchasable","13":"product-type-simple"},"acf":[],"aioseo_notices":[],"jetpack_sharing_enabled":true,"_links":{"self":[{"href":"https:\/\/antcube.shop\/lt\/wp-json\/wp\/v2\/product\/2816","targetHints":{"allow":["GET"]}}],"collection":[{"href":"https:\/\/antcube.shop\/lt\/wp-json\/wp\/v2\/product"}],"about":[{"href":"https:\/\/antcube.shop\/lt\/wp-json\/wp\/v2\/types\/product"}],"replies":[{"embeddable":true,"href":"https:\/\/antcube.shop\/lt\/wp-json\/wp\/v2\/comments?post=2816"}],"wp:featuredmedia":[{"embeddable":true,"href":"https:\/\/antcube.shop\/lt\/wp-json\/wp\/v2\/media\/5603"}],"wp:attachment":[{"href":"https:\/\/antcube.shop\/lt\/wp-json\/wp\/v2\/media?parent=2816"}],"wp:term":[{"taxonomy":"product_brand","embeddable":true,"href":"https:\/\/antcube.shop\/lt\/wp-json\/wp\/v2\/product_brand?post=2816"},{"taxonomy":"product_cat","embeddable":true,"href":"https:\/\/antcube.shop\/lt\/wp-json\/wp\/v2\/product_cat?post=2816"},{"taxonomy":"product_tag","embeddable":true,"href":"https:\/\/antcube.shop\/lt\/wp-json\/wp\/v2\/product_tag?post=2816"}],"curies":[{"name":"wp","href":"https:\/\/api.w.org\/{rel}","templated":true}]}}